{"id":35491,"date":"2024-09-13T15:00:21","date_gmt":"2024-09-13T15:00:21","guid":{"rendered":"https:\/\/remenje.co.rs\/shop\/proizvod\/remenjeremenje-za-poljoprivredne-strojevevarijatorsko-remenjevarijatorsko-remenje-remenje-123\/"},"modified":"2025-01-14T21:57:54","modified_gmt":"2025-01-14T21:57:54","slug":"remenjeremenje-za-poljoprivredne-masinevarijatorsko-remenjevarijatorsko-remenje-remenje-409","status":"publish","type":"product","link":"https:\/\/remenje.co.rs\/shop\/proizvod\/remenjeremenje-za-poljoprivredne-masinevarijatorsko-remenjevarijatorsko-remenje-remenje-409\/","title":{"rendered":"Gates Remen varijator &#8211; pun klin 1813249"},"content":{"rendered":"<p>Pobolj\u0161ajte efikasnost transmisije va\u0161eg CVT sistema uz Gates Remen varijator-pun klin 1813249. Ovo specijalizovano remenje omogu\u0107ava optimalno prilago\u0111avanje brzine u svim uslovima vo\u017enje. Kreirano od tehnolo\u0161ki naprednih materijala, Gates Remen varijator-pun klin 1813249 obezbe\u0111uje optimalnu efikasnost prenosa. Zahvaljuju\u0107i svojoj visokoj otpornosti na temperaturu, ovo remenje pobolj\u0161ava performanse va\u0161eg CVT sistema. 4250121872,4280121885,4250121885,435922,50X3020 Fortschritt E 512 1813249,1813249,4280121885,4250121872,4250121885,50X3020,435922,1813249,Gates Remen varijator &#8211; pun klin 1813249,4280121885,4250121872,4250121885,50X3020,435922,1813249,Gates Remen varijator &#8211; pun klin 1813249,1813249<\/p>\n","protected":false},"excerpt":{"rendered":"<p>Pobolj\u0161ajte efikasnost transmisije va\u0161eg CVT sistema uz Gates Remen varijator-pun klin 1813249. Ovo specijalizovano remenje omogu\u0107ava optimalno prilago\u0111avanje brzine u svim uslovima vo\u017enje. Kreirano od tehnolo\u0161ki naprednih materijala, Gates Remen varijator-pun klin 1813249 obezbe\u0111uje optimalnu efikasnost prenosa. Zahvaljuju\u0107i svojoj visokoj otpornosti na temperaturu, ovo remenje pobolj\u0161ava performanse va\u0161eg CVT sistema. 4250121872,4280121885,4250121885,435922,50X3020 Fortschritt E 512 1813249,1813249,4280121885,4250121872,4250121885,50X3020,435922,1813249,Gates [&hellip;]<\/p>\n","protected":false},"featured_media":0,"template":"","meta":{"_acf_changed":false},"product_brand":[],"product_cat":[373,381,374,388],"product_tag":[],"class_list":{"0":"post-35491","1":"product","2":"type-product","3":"status-publish","5":"product_cat-remenje","6":"product_cat-varijatorsko-remenje","7":"product_cat-remenje-za-poljoprivredne-masine","8":"product_cat-varijatorsko-remenje-remenje","9":"ts_product_brand-gates","11":"first","12":"instock","13":"taxable","14":"shipping-taxable","15":"product-type-simple","16":"add-to-wishlist-after_add_to_cart"},"acf":[],"_links":{"self":[{"href":"https:\/\/remenje.co.rs\/shop\/wp-json\/wp\/v2\/product\/35491","targetHints":{"allow":["GET"]}}],"collection":[{"href":"https:\/\/remenje.co.rs\/shop\/wp-json\/wp\/v2\/product"}],"about":[{"href":"https:\/\/remenje.co.rs\/shop\/wp-json\/wp\/v2\/types\/product"}],"wp:attachment":[{"href":"https:\/\/remenje.co.rs\/shop\/wp-json\/wp\/v2\/media?parent=35491"}],"wp:term":[{"taxonomy":"product_brand","embeddable":true,"href":"https:\/\/remenje.co.rs\/shop\/wp-json\/wp\/v2\/product_brand?post=35491"},{"taxonomy":"product_cat","embeddable":true,"href":"https:\/\/remenje.co.rs\/shop\/wp-json\/wp\/v2\/product_cat?post=35491"},{"taxonomy":"product_tag","embeddable":true,"href":"https:\/\/remenje.co.rs\/shop\/wp-json\/wp\/v2\/product_tag?post=35491"}],"curies":[{"name":"wp","href":"https:\/\/api.w.org\/{rel}","templated":true}]}}