{"id":35495,"date":"2024-09-13T15:00:25","date_gmt":"2024-09-13T15:00:25","guid":{"rendered":"https:\/\/remenje.co.rs\/shop\/proizvod\/remenjeremenje-za-poljoprivredne-strojevevarijatorsko-remenjevarijatorsko-remenje-remenje-127\/"},"modified":"2025-01-14T21:57:57","modified_gmt":"2025-01-14T21:57:57","slug":"remenjeremenje-za-poljoprivredne-masinevarijatorsko-remenjevarijatorsko-remenje-remenje-413","status":"publish","type":"product","link":"https:\/\/remenje.co.rs\/shop\/proizvod\/remenjeremenje-za-poljoprivredne-masinevarijatorsko-remenjevarijatorsko-remenje-remenje-413\/","title":{"rendered":"Gates Remen varijator &#8211; pun klin 2013220"},"content":{"rendered":"<p>Osigurajte pouzdanu transmisiju va\u0161eg vozila uz Gates Remen varijator-pun klin 2013220. Ovo fleksibilno remenje je dizajnirano za preciznu kontrolu obrtaja u sistemima sa kontinualno varijabilnom transmisijom (CVT). Izra\u0111eno od naprednih materijala, Gates Remen varijator-pun klin 2013220 pru\u017ea pouzdanost u razli\u010ditim radnim uslovima. Zahvaljuju\u0107i svojoj inovativnoj konstrukciji, ovo remenje osigurava glatko funkcionisanje va\u0161eg CVT sistema. 6190000000000 Rostselmach Niva Ck-5M-1-75(79)\/77(81),Rostselmach Niva Ck-5M-1-75(79)\/77(81),Rostselmach Niva Ck-5M-1-75(79)\/77(81) 2013220,2013220,6191806201258,2013220,Gates Remen varijator &#8211; pun klin 2013220,6191806201258,2013220,Gates Remen varijator &#8211; pun klin 2013220,2013220<\/p>\n","protected":false},"excerpt":{"rendered":"<p>Osigurajte pouzdanu transmisiju va\u0161eg vozila uz Gates Remen varijator-pun klin 2013220. Ovo fleksibilno remenje je dizajnirano za preciznu kontrolu obrtaja u sistemima sa kontinualno varijabilnom transmisijom (CVT). Izra\u0111eno od naprednih materijala, Gates Remen varijator-pun klin 2013220 pru\u017ea pouzdanost u razli\u010ditim radnim uslovima. Zahvaljuju\u0107i svojoj inovativnoj konstrukciji, ovo remenje osigurava glatko funkcionisanje va\u0161eg CVT sistema. 6190000000000 [&hellip;]<\/p>\n","protected":false},"featured_media":0,"template":"","meta":{"_acf_changed":false},"product_brand":[],"product_cat":[373,381,374,388],"product_tag":[],"class_list":{"0":"post-35495","1":"product","2":"type-product","3":"status-publish","5":"product_cat-remenje","6":"product_cat-varijatorsko-remenje","7":"product_cat-remenje-za-poljoprivredne-masine","8":"product_cat-varijatorsko-remenje-remenje","9":"ts_product_brand-gates","11":"first","12":"instock","13":"taxable","14":"shipping-taxable","15":"product-type-simple","16":"add-to-wishlist-after_add_to_cart"},"acf":[],"_links":{"self":[{"href":"https:\/\/remenje.co.rs\/shop\/wp-json\/wp\/v2\/product\/35495","targetHints":{"allow":["GET"]}}],"collection":[{"href":"https:\/\/remenje.co.rs\/shop\/wp-json\/wp\/v2\/product"}],"about":[{"href":"https:\/\/remenje.co.rs\/shop\/wp-json\/wp\/v2\/types\/product"}],"wp:attachment":[{"href":"https:\/\/remenje.co.rs\/shop\/wp-json\/wp\/v2\/media?parent=35495"}],"wp:term":[{"taxonomy":"product_brand","embeddable":true,"href":"https:\/\/remenje.co.rs\/shop\/wp-json\/wp\/v2\/product_brand?post=35495"},{"taxonomy":"product_cat","embeddable":true,"href":"https:\/\/remenje.co.rs\/shop\/wp-json\/wp\/v2\/product_cat?post=35495"},{"taxonomy":"product_tag","embeddable":true,"href":"https:\/\/remenje.co.rs\/shop\/wp-json\/wp\/v2\/product_tag?post=35495"}],"curies":[{"name":"wp","href":"https:\/\/api.w.org\/{rel}","templated":true}]}}