{"id":35497,"date":"2024-09-13T15:00:26","date_gmt":"2024-09-13T15:00:26","guid":{"rendered":"https:\/\/remenje.co.rs\/shop\/proizvod\/remenjeremenje-za-poljoprivredne-strojevevarijatorsko-remenjevarijatorsko-remenje-remenje-129\/"},"modified":"2025-01-14T21:57:58","modified_gmt":"2025-01-14T21:57:58","slug":"remenjeremenje-za-poljoprivredne-masinevarijatorsko-remenjevarijatorsko-remenje-remenje-414","status":"publish","type":"product","link":"https:\/\/remenje.co.rs\/shop\/proizvod\/remenjeremenje-za-poljoprivredne-masinevarijatorsko-remenjevarijatorsko-remenje-remenje-414\/","title":{"rendered":"Gates Remen varijator &#8211; pun klin 1915192"},"content":{"rendered":"<p>Pobolj\u0161ajte efikasnost transmisije va\u0161eg CVT sistema uz Gates Remen varijator-pun klin 1915192. Ovo visokoperformansno remenje omogu\u0107ava maksimalnu iskori\u0161\u0107enost snage motora u svim uslovima vo\u017enje. Kreirano od tehnolo\u0161ki naprednih materijala, Gates Remen varijator-pun klin 1915192 obezbe\u0111uje optimalnu efikasnost prenosa. Zahvaljuju\u0107i svojoj visokoj otpornosti na temperaturu, ovo remenje osigurava glatko i tiho funkcionisanje va\u0161eg CVT sistema. 340435152K,340435152,0114 5026,1145026 Fendt 5250,Laverda 3600,Laverda 3650,Laverda 3650 R,Laverda 3750,Laverda 3750 R,Laverda L 517,Laverda L 518,Laverda L 520,Laverda L 521,Laverda L 521,Laverda L 523 &#8211; Mcs,Laverda L 524,Laverda L 525 &#8211; Integrale,Laverda L 525 &#8211; Mcs 1915192,1915192,0114 5026,1145026,340435152,340435152K,1915192,Gates Remen varijator &#8211; pun klin 1915192,0114 5026,1145026,340435152,340435152K,1915192,Gates Remen varijator &#8211; pun klin 1915192,1915192<\/p>\n","protected":false},"excerpt":{"rendered":"<p>Pobolj\u0161ajte efikasnost transmisije va\u0161eg CVT sistema uz Gates Remen varijator-pun klin 1915192. Ovo visokoperformansno remenje omogu\u0107ava maksimalnu iskori\u0161\u0107enost snage motora u svim uslovima vo\u017enje. Kreirano od tehnolo\u0161ki naprednih materijala, Gates Remen varijator-pun klin 1915192 obezbe\u0111uje optimalnu efikasnost prenosa. Zahvaljuju\u0107i svojoj visokoj otpornosti na temperaturu, ovo remenje osigurava glatko i tiho funkcionisanje va\u0161eg CVT sistema. 340435152K,340435152,0114 [&hellip;]<\/p>\n","protected":false},"featured_media":0,"template":"","meta":{"_acf_changed":false},"product_brand":[],"product_cat":[373,381,374,388],"product_tag":[],"class_list":{"0":"post-35497","1":"product","2":"type-product","3":"status-publish","5":"product_cat-remenje","6":"product_cat-varijatorsko-remenje","7":"product_cat-remenje-za-poljoprivredne-masine","8":"product_cat-varijatorsko-remenje-remenje","9":"ts_product_brand-gates","11":"first","12":"instock","13":"taxable","14":"shipping-taxable","15":"product-type-simple","16":"add-to-wishlist-after_add_to_cart"},"acf":[],"_links":{"self":[{"href":"https:\/\/remenje.co.rs\/shop\/wp-json\/wp\/v2\/product\/35497","targetHints":{"allow":["GET"]}}],"collection":[{"href":"https:\/\/remenje.co.rs\/shop\/wp-json\/wp\/v2\/product"}],"about":[{"href":"https:\/\/remenje.co.rs\/shop\/wp-json\/wp\/v2\/types\/product"}],"wp:attachment":[{"href":"https:\/\/remenje.co.rs\/shop\/wp-json\/wp\/v2\/media?parent=35497"}],"wp:term":[{"taxonomy":"product_brand","embeddable":true,"href":"https:\/\/remenje.co.rs\/shop\/wp-json\/wp\/v2\/product_brand?post=35497"},{"taxonomy":"product_cat","embeddable":true,"href":"https:\/\/remenje.co.rs\/shop\/wp-json\/wp\/v2\/product_cat?post=35497"},{"taxonomy":"product_tag","embeddable":true,"href":"https:\/\/remenje.co.rs\/shop\/wp-json\/wp\/v2\/product_tag?post=35497"}],"curies":[{"name":"wp","href":"https:\/\/api.w.org\/{rel}","templated":true}]}}