{"id":35498,"date":"2024-09-13T15:00:27","date_gmt":"2024-09-13T15:00:27","guid":{"rendered":"https:\/\/remenje.co.rs\/shop\/proizvod\/remenjeremenje-za-poljoprivredne-strojevevarijatorsko-remenjevarijatorsko-remenje-remenje-130\/"},"modified":"2025-01-14T21:57:58","modified_gmt":"2025-01-14T21:57:58","slug":"remenjeremenje-za-poljoprivredne-masinevarijatorsko-remenjevarijatorsko-remenje-remenje-415","status":"publish","type":"product","link":"https:\/\/remenje.co.rs\/shop\/proizvod\/remenjeremenje-za-poljoprivredne-masinevarijatorsko-remenjevarijatorsko-remenje-remenje-415\/","title":{"rendered":"Gates Remen varijator &#8211; pun klin 0315204"},"content":{"rendered":"<p>Unapredite efikasnost prenosa snage va\u0161eg vozila sa CVT sistemom uz Gates Remen varijator-pun klin 0315204. Ovo napredeno remenje obezbe\u0111uje optimalan prenos obrtnog momenta u \u0161irokom opsegu radnih uslova. Proizvedeno od inovativnih materijala, Gates Remen varijator-pun klin 0315204 garantuje minimalno habanje. Zbog svoje visoke otpornosti na istezanje, ovo remenje je neophodno za unapre\u0111enje rada va\u0161eg CVT sistema. 91700000000000000 0315204,0315204,91684951101622300,0315204,Gates Remen varijator &#8211; pun klin 0315204,91684951101622300,0315204,Gates Remen varijator &#8211; pun klin 0315204,0315204<\/p>\n","protected":false},"excerpt":{"rendered":"<p>Unapredite efikasnost prenosa snage va\u0161eg vozila sa CVT sistemom uz Gates Remen varijator-pun klin 0315204. Ovo napredeno remenje obezbe\u0111uje optimalan prenos obrtnog momenta u \u0161irokom opsegu radnih uslova. Proizvedeno od inovativnih materijala, Gates Remen varijator-pun klin 0315204 garantuje minimalno habanje. Zbog svoje visoke otpornosti na istezanje, ovo remenje je neophodno za unapre\u0111enje rada va\u0161eg CVT [&hellip;]<\/p>\n","protected":false},"featured_media":0,"template":"","meta":{"_acf_changed":false},"product_brand":[],"product_cat":[373,381,374,388],"product_tag":[],"class_list":{"0":"post-35498","1":"product","2":"type-product","3":"status-publish","5":"product_cat-remenje","6":"product_cat-varijatorsko-remenje","7":"product_cat-remenje-za-poljoprivredne-masine","8":"product_cat-varijatorsko-remenje-remenje","9":"ts_product_brand-gates","11":"first","12":"instock","13":"taxable","14":"shipping-taxable","15":"product-type-simple","16":"add-to-wishlist-after_add_to_cart"},"acf":[],"_links":{"self":[{"href":"https:\/\/remenje.co.rs\/shop\/wp-json\/wp\/v2\/product\/35498","targetHints":{"allow":["GET"]}}],"collection":[{"href":"https:\/\/remenje.co.rs\/shop\/wp-json\/wp\/v2\/product"}],"about":[{"href":"https:\/\/remenje.co.rs\/shop\/wp-json\/wp\/v2\/types\/product"}],"wp:attachment":[{"href":"https:\/\/remenje.co.rs\/shop\/wp-json\/wp\/v2\/media?parent=35498"}],"wp:term":[{"taxonomy":"product_brand","embeddable":true,"href":"https:\/\/remenje.co.rs\/shop\/wp-json\/wp\/v2\/product_brand?post=35498"},{"taxonomy":"product_cat","embeddable":true,"href":"https:\/\/remenje.co.rs\/shop\/wp-json\/wp\/v2\/product_cat?post=35498"},{"taxonomy":"product_tag","embeddable":true,"href":"https:\/\/remenje.co.rs\/shop\/wp-json\/wp\/v2\/product_tag?post=35498"}],"curies":[{"name":"wp","href":"https:\/\/api.w.org\/{rel}","templated":true}]}}