{"id":35499,"date":"2024-09-13T15:00:28","date_gmt":"2024-09-13T15:00:28","guid":{"rendered":"https:\/\/remenje.co.rs\/shop\/proizvod\/remenjeremenje-za-poljoprivredne-strojevevarijatorsko-remenjevarijatorsko-remenje-remenje-131\/"},"modified":"2025-01-14T21:57:59","modified_gmt":"2025-01-14T21:57:59","slug":"remenjeremenje-za-poljoprivredne-masinevarijatorsko-remenjevarijatorsko-remenje-remenje-416","status":"publish","type":"product","link":"https:\/\/remenje.co.rs\/shop\/proizvod\/remenjeremenje-za-poljoprivredne-masinevarijatorsko-remenjevarijatorsko-remenje-remenje-416\/","title":{"rendered":"Gates Remen varijator &#8211; pun klin 1515202"},"content":{"rendered":"<p>Osigurajte maksimalnu efikasnost va\u0161eg vozila uz Gates Remen varijator-pun klin 1515202. Ovo fleksibilno remenje je dizajnirano za preciznu kontrolu obrtaja u sistemima sa kontinualno varijabilnom transmisijom (CVT). Izra\u0111eno od naprednih materijala, Gates Remen varijator-pun klin 1515202 pru\u017ea pouzdanost u razli\u010ditim radnim uslovima. Zahvaljuju\u0107i svojoj visokoj otpornosti na habanje, ovo remenje pobolj\u0161ava efikasnost va\u0161eg CVT sistema. 1145766,0114 5766 Deutz-Fahr Topliner 8Xl 1515202,1515202,1145766,0114 5766,1515202,Gates Remen varijator &#8211; pun klin 1515202,1145766,0114 5766,1515202,Gates Remen varijator &#8211; pun klin 1515202,1515202<\/p>\n","protected":false},"excerpt":{"rendered":"<p>Osigurajte maksimalnu efikasnost va\u0161eg vozila uz Gates Remen varijator-pun klin 1515202. Ovo fleksibilno remenje je dizajnirano za preciznu kontrolu obrtaja u sistemima sa kontinualno varijabilnom transmisijom (CVT). Izra\u0111eno od naprednih materijala, Gates Remen varijator-pun klin 1515202 pru\u017ea pouzdanost u razli\u010ditim radnim uslovima. Zahvaljuju\u0107i svojoj visokoj otpornosti na habanje, ovo remenje pobolj\u0161ava efikasnost va\u0161eg CVT sistema. [&hellip;]<\/p>\n","protected":false},"featured_media":0,"template":"","meta":{"_acf_changed":false},"product_brand":[],"product_cat":[373,381,374,388],"product_tag":[],"class_list":{"0":"post-35499","1":"product","2":"type-product","3":"status-publish","5":"product_cat-remenje","6":"product_cat-varijatorsko-remenje","7":"product_cat-remenje-za-poljoprivredne-masine","8":"product_cat-varijatorsko-remenje-remenje","9":"ts_product_brand-gates","11":"first","12":"instock","13":"taxable","14":"shipping-taxable","15":"product-type-simple","16":"add-to-wishlist-after_add_to_cart"},"acf":[],"_links":{"self":[{"href":"https:\/\/remenje.co.rs\/shop\/wp-json\/wp\/v2\/product\/35499","targetHints":{"allow":["GET"]}}],"collection":[{"href":"https:\/\/remenje.co.rs\/shop\/wp-json\/wp\/v2\/product"}],"about":[{"href":"https:\/\/remenje.co.rs\/shop\/wp-json\/wp\/v2\/types\/product"}],"wp:attachment":[{"href":"https:\/\/remenje.co.rs\/shop\/wp-json\/wp\/v2\/media?parent=35499"}],"wp:term":[{"taxonomy":"product_brand","embeddable":true,"href":"https:\/\/remenje.co.rs\/shop\/wp-json\/wp\/v2\/product_brand?post=35499"},{"taxonomy":"product_cat","embeddable":true,"href":"https:\/\/remenje.co.rs\/shop\/wp-json\/wp\/v2\/product_cat?post=35499"},{"taxonomy":"product_tag","embeddable":true,"href":"https:\/\/remenje.co.rs\/shop\/wp-json\/wp\/v2\/product_tag?post=35499"}],"curies":[{"name":"wp","href":"https:\/\/api.w.org\/{rel}","templated":true}]}}