{"id":35500,"date":"2024-09-13T15:00:28","date_gmt":"2024-09-13T15:00:28","guid":{"rendered":"https:\/\/remenje.co.rs\/shop\/proizvod\/remenjeremenje-za-poljoprivredne-strojevevarijatorsko-remenjevarijatorsko-remenje-remenje-132\/"},"modified":"2025-01-14T21:58:03","modified_gmt":"2025-01-14T21:58:03","slug":"remenjeremenje-za-poljoprivredne-masinevarijatorsko-remenjevarijatorsko-remenje-remenje-417","status":"publish","type":"product","link":"https:\/\/remenje.co.rs\/shop\/proizvod\/remenjeremenje-za-poljoprivredne-masinevarijatorsko-remenjevarijatorsko-remenje-remenje-417\/","title":{"rendered":"Gates Remen varijator &#8211; pun klin 0315205"},"content":{"rendered":"<p>Unapredite ukupne performanse va\u0161eg vozila sa CVT sistemom uz Gates Remen varijator-pun klin 0315205. Ovo precizno izra\u0111eno remenje obezbe\u0111uje efikasno prilago\u0111avanje optere\u0107enju u \u0161irokom opsegu radnih uslova. Proizvedeno od inovativnih materijala, Gates Remen varijator-pun klin 0315205 garantuje minimalno habanje. Zbog svoje visoke otpornosti na istezanje, ovo remenje je klju\u010dno za optimizaciju rada va\u0161eg CVT sistema. 8.04E+44 0315205,0315205,983260143416080000000000000000000000000000000,Gates Remen varijator &#8211; pun klin 0315205,9.8326014341608E+44,0315205,Gates Remen varijator &#8211; pun klin 0315205,0315205<\/p>\n","protected":false},"excerpt":{"rendered":"<p>Unapredite ukupne performanse va\u0161eg vozila sa CVT sistemom uz Gates Remen varijator-pun klin 0315205. Ovo precizno izra\u0111eno remenje obezbe\u0111uje efikasno prilago\u0111avanje optere\u0107enju u \u0161irokom opsegu radnih uslova. Proizvedeno od inovativnih materijala, Gates Remen varijator-pun klin 0315205 garantuje minimalno habanje. Zbog svoje visoke otpornosti na istezanje, ovo remenje je klju\u010dno za optimizaciju rada va\u0161eg CVT sistema. [&hellip;]<\/p>\n","protected":false},"featured_media":0,"template":"","meta":{"_acf_changed":false},"product_brand":[],"product_cat":[373,381,374,388],"product_tag":[],"class_list":{"0":"post-35500","1":"product","2":"type-product","3":"status-publish","5":"product_cat-remenje","6":"product_cat-varijatorsko-remenje","7":"product_cat-remenje-za-poljoprivredne-masine","8":"product_cat-varijatorsko-remenje-remenje","9":"ts_product_brand-gates","11":"first","12":"instock","13":"taxable","14":"shipping-taxable","15":"product-type-simple","16":"add-to-wishlist-after_add_to_cart"},"acf":[],"_links":{"self":[{"href":"https:\/\/remenje.co.rs\/shop\/wp-json\/wp\/v2\/product\/35500","targetHints":{"allow":["GET"]}}],"collection":[{"href":"https:\/\/remenje.co.rs\/shop\/wp-json\/wp\/v2\/product"}],"about":[{"href":"https:\/\/remenje.co.rs\/shop\/wp-json\/wp\/v2\/types\/product"}],"wp:attachment":[{"href":"https:\/\/remenje.co.rs\/shop\/wp-json\/wp\/v2\/media?parent=35500"}],"wp:term":[{"taxonomy":"product_brand","embeddable":true,"href":"https:\/\/remenje.co.rs\/shop\/wp-json\/wp\/v2\/product_brand?post=35500"},{"taxonomy":"product_cat","embeddable":true,"href":"https:\/\/remenje.co.rs\/shop\/wp-json\/wp\/v2\/product_cat?post=35500"},{"taxonomy":"product_tag","embeddable":true,"href":"https:\/\/remenje.co.rs\/shop\/wp-json\/wp\/v2\/product_tag?post=35500"}],"curies":[{"name":"wp","href":"https:\/\/api.w.org\/{rel}","templated":true}]}}