{"id":35505,"date":"2024-09-13T15:00:36","date_gmt":"2024-09-13T15:00:36","guid":{"rendered":"https:\/\/remenje.co.rs\/shop\/proizvod\/remenjeremenje-za-poljoprivredne-strojevevarijatorsko-remenjevarijatorsko-remenje-remenje-137\/"},"modified":"2025-01-14T21:58:06","modified_gmt":"2025-01-14T21:58:06","slug":"remenjeremenje-za-poljoprivredne-masinevarijatorsko-remenjevarijatorsko-remenje-remenje-422","status":"publish","type":"product","link":"https:\/\/remenje.co.rs\/shop\/proizvod\/remenjeremenje-za-poljoprivredne-masinevarijatorsko-remenjevarijatorsko-remenje-remenje-422\/","title":{"rendered":"Gates Remen varijator &#8211; nazubljen 1514187"},"content":{"rendered":"<p>Unapredite rad transmisije va\u0161eg vozila sa CVT sistemom uz Gates Remen varijator-nazubljen 1514187. Ovo napredeno remenje obezbe\u0111uje glatku promenu brzina u \u0161irokom opsegu radnih uslova. Proizvedeno od izdr\u017eljivih materijala, Gates Remen varijator-nazubljen 1514187 garantuje dugotrajne performanse. Zbog svoje visoke otpornosti na istezanje, ovo remenje je idealno za optimizaciju rada va\u0161eg CVT sistema. 6215223,089-000946-1.893,089-000946-1.898,0621 5223,26733312,089-000946-1.899,0621 5222,8,90009E+11,9461898,6215222 Deutz-Fahr M 1000 &#8211; M 1200,Deutz-Fahr M 1102 &#8211; M 1202,Deutz-Fahr M 1300 &#8211; M 1302 &#8211; 1302 H,Deutz-Fahr M 1300 &#8211; M 1302 &#8211; 1302 H,Deutz-Fahr M 1600 &#8211; M 1620 &#8211; M 1630,Deutz-Fahr M 3280,Deutz-Fahr M 3480 &#8211; M 3540,Deutz-Fahr M 3570 &#8211; M 3578,Deutz-Fahr M 3580,Deutz-Fahr M 3610,Deutz-Fahr M 3630 &#8211; M 3640,Deutz-Fahr Starliner 4040 &#8211; 4045 1514187,1514187,6215223,089-000946-1.898,089-000946-1.893,6215222,089-000946-1.899,890009461898,26733312,890009461899,0621 5223,890009461893,9461898,0621 5222,Gates Remen varijator &#8211; nazubljen 1514187,1514187,6215223,089-000946-1.898,089-000946-1.893,6215222,089-000946-1.899,890009461898,26733312,890009461899,0621 5223,890009461893,9461898,0621 5222,1514187,Gates Remen varijator &#8211; nazubljen 1514187,1514187<\/p>\n","protected":false},"excerpt":{"rendered":"<p>Unapredite rad transmisije va\u0161eg vozila sa CVT sistemom uz Gates Remen varijator-nazubljen 1514187. Ovo napredeno remenje obezbe\u0111uje glatku promenu brzina u \u0161irokom opsegu radnih uslova. Proizvedeno od izdr\u017eljivih materijala, Gates Remen varijator-nazubljen 1514187 garantuje dugotrajne performanse. Zbog svoje visoke otpornosti na istezanje, ovo remenje je idealno za optimizaciju rada va\u0161eg CVT sistema. 6215223,089-000946-1.893,089-000946-1.898,0621 5223,26733312,089-000946-1.899,0621 5222,8,90009E+11,9461898,6215222 [&hellip;]<\/p>\n","protected":false},"featured_media":0,"template":"","meta":{"_acf_changed":false},"product_brand":[],"product_cat":[373,381,374,388],"product_tag":[],"class_list":{"0":"post-35505","1":"product","2":"type-product","3":"status-publish","5":"product_cat-remenje","6":"product_cat-varijatorsko-remenje","7":"product_cat-remenje-za-poljoprivredne-masine","8":"product_cat-varijatorsko-remenje-remenje","9":"ts_product_brand-gates","11":"first","12":"instock","13":"taxable","14":"shipping-taxable","15":"product-type-simple","16":"add-to-wishlist-after_add_to_cart"},"acf":[],"_links":{"self":[{"href":"https:\/\/remenje.co.rs\/shop\/wp-json\/wp\/v2\/product\/35505","targetHints":{"allow":["GET"]}}],"collection":[{"href":"https:\/\/remenje.co.rs\/shop\/wp-json\/wp\/v2\/product"}],"about":[{"href":"https:\/\/remenje.co.rs\/shop\/wp-json\/wp\/v2\/types\/product"}],"wp:attachment":[{"href":"https:\/\/remenje.co.rs\/shop\/wp-json\/wp\/v2\/media?parent=35505"}],"wp:term":[{"taxonomy":"product_brand","embeddable":true,"href":"https:\/\/remenje.co.rs\/shop\/wp-json\/wp\/v2\/product_brand?post=35505"},{"taxonomy":"product_cat","embeddable":true,"href":"https:\/\/remenje.co.rs\/shop\/wp-json\/wp\/v2\/product_cat?post=35505"},{"taxonomy":"product_tag","embeddable":true,"href":"https:\/\/remenje.co.rs\/shop\/wp-json\/wp\/v2\/product_tag?post=35505"}],"curies":[{"name":"wp","href":"https:\/\/api.w.org\/{rel}","templated":true}]}}