{"id":35506,"date":"2024-09-13T15:00:37","date_gmt":"2024-09-13T15:00:37","guid":{"rendered":"https:\/\/remenje.co.rs\/shop\/proizvod\/remenjeremenje-za-poljoprivredne-strojevevarijatorsko-remenjevarijatorsko-remenje-remenje-138\/"},"modified":"2025-01-30T08:38:51","modified_gmt":"2025-01-30T08:38:51","slug":"remenjeremenje-za-poljoprivredne-masinevarijatorsko-remenjevarijatorsko-remenje-remenje-423","status":"publish","type":"product","link":"https:\/\/remenje.co.rs\/shop\/proizvod\/remenjeremenje-za-poljoprivredne-masinevarijatorsko-remenjevarijatorsko-remenje-remenje-423\/","title":{"rendered":"Gates Remen varijator &#8211; nazubljen 0714185"},"content":{"rendered":"<p>Unapredite efikasnost prenosa snage va\u0161eg vozila sa CVT sistemom uz Gates Remen varijator-nazubljen 0714185. Ovo precizno izra\u0111eno remenje obezbe\u0111uje efikasno prilago\u0111avanje optere\u0107enju u \u0161irokom opsegu radnih uslova. Proizvedeno od inovativnih materijala, Gates Remen varijator-nazubljen 0714185 garantuje minimalno habanje. Zbog svoje visoke otpornosti na istezanje, ovo remenje je idealno za odr\u017eavanje rada va\u0161eg CVT sistema. 193923C4,244420A4,193923C1,244420A3,193923C2,193923C3,244420A1 Case Intl. Harvester 1400 &#8211; Us Edition (\u201a\u00c4\u00b6 &#8211; 20715),Case Intl. Harvester 1400 &#8211; Us Edition (20715 &#8211; \u201a\u00c4\u00b6) &#8211; 1440E,Case Intl. Harvester 1460 &#8211; Us Edition (23247 &#8211; \u201a\u00c4\u00b6),Case Intl. Harvester 1460 &#8211; Us Edition (23250 &#8211; \u201a\u00c4\u00b6) &#8211; 1460E,Case Intl. Harvester 1640 (Engine Dt436B),Case Intl. Harvester 1640 (Engine Nce),Case Intl. Harvester 1660 (Engine Dt466B),Case Intl. Harvester 1660 (Engine Nce),Case Intl. Harvester 2166,Case Intl. Harvester 2365 &#8211; 2366 0714185,0714185,244420A3,193923C1,244420A4,244420A1,193923C4,193923C2,193923C3,0714185,Gates Remen varijator &#8211; nazubljen 0714185,244420A3,193923C1,244420A4,244420A1,193923C4,193923C2,193923C3,0714185,Gates Remen varijator &#8211; nazubljen 0714185,0714185<\/p>\n","protected":false},"excerpt":{"rendered":"<p>Unapredite efikasnost prenosa snage va\u0161eg vozila sa CVT sistemom uz Gates Remen varijator-nazubljen 0714185. Ovo precizno izra\u0111eno remenje obezbe\u0111uje efikasno prilago\u0111avanje optere\u0107enju u \u0161irokom opsegu radnih uslova. Proizvedeno od inovativnih materijala, Gates Remen varijator-nazubljen 0714185 garantuje minimalno habanje. Zbog svoje visoke otpornosti na istezanje, ovo remenje je idealno za odr\u017eavanje rada va\u0161eg CVT sistema. 193923C4,244420A4,193923C1,244420A3,193923C2,193923C3,244420A1 [&hellip;]<\/p>\n","protected":false},"featured_media":92208,"template":"","meta":{"_acf_changed":false},"product_brand":[],"product_cat":[373,381,374,388],"product_tag":[],"class_list":{"0":"post-35506","1":"product","2":"type-product","3":"status-publish","4":"has-post-thumbnail","6":"product_cat-remenje","7":"product_cat-varijatorsko-remenje","8":"product_cat-remenje-za-poljoprivredne-masine","9":"product_cat-varijatorsko-remenje-remenje","10":"ts_product_brand-gates","12":"first","13":"instock","14":"taxable","15":"shipping-taxable","16":"product-type-simple","17":"add-to-wishlist-after_add_to_cart"},"acf":[],"_links":{"self":[{"href":"https:\/\/remenje.co.rs\/shop\/wp-json\/wp\/v2\/product\/35506","targetHints":{"allow":["GET"]}}],"collection":[{"href":"https:\/\/remenje.co.rs\/shop\/wp-json\/wp\/v2\/product"}],"about":[{"href":"https:\/\/remenje.co.rs\/shop\/wp-json\/wp\/v2\/types\/product"}],"wp:featuredmedia":[{"embeddable":true,"href":"https:\/\/remenje.co.rs\/shop\/wp-json\/wp\/v2\/media\/92208"}],"wp:attachment":[{"href":"https:\/\/remenje.co.rs\/shop\/wp-json\/wp\/v2\/media?parent=35506"}],"wp:term":[{"taxonomy":"product_brand","embeddable":true,"href":"https:\/\/remenje.co.rs\/shop\/wp-json\/wp\/v2\/product_brand?post=35506"},{"taxonomy":"product_cat","embeddable":true,"href":"https:\/\/remenje.co.rs\/shop\/wp-json\/wp\/v2\/product_cat?post=35506"},{"taxonomy":"product_tag","embeddable":true,"href":"https:\/\/remenje.co.rs\/shop\/wp-json\/wp\/v2\/product_tag?post=35506"}],"curies":[{"name":"wp","href":"https:\/\/api.w.org\/{rel}","templated":true}]}}