{"id":35509,"date":"2024-09-13T15:00:39","date_gmt":"2024-09-13T15:00:39","guid":{"rendered":"https:\/\/remenje.co.rs\/shop\/proizvod\/remenjeremenje-za-poljoprivredne-strojevevarijatorsko-remenjevarijatorsko-remenje-remenje-141\/"},"modified":"2025-01-14T21:58:08","modified_gmt":"2025-01-14T21:58:08","slug":"remenjeremenje-za-poljoprivredne-masinevarijatorsko-remenjevarijatorsko-remenje-remenje-426","status":"publish","type":"product","link":"https:\/\/remenje.co.rs\/shop\/proizvod\/remenjeremenje-za-poljoprivredne-masinevarijatorsko-remenjevarijatorsko-remenje-remenje-426\/","title":{"rendered":"Gates Remen varijator &#8211; nazubljen 0315188"},"content":{"rendered":"<p>Pobolj\u0161ajte ukupnu pouzdanost va\u0161eg CVT sistema uz Gates Remen varijator-nazubljen 0315188. Ovo visokoperformansno remenje omogu\u0107ava optimalno prilago\u0111avanje brzine u svim uslovima vo\u017enje. Kreirano od visokootpornih materijala, Gates Remen varijator-nazubljen 0315188 obezbe\u0111uje izuzetnu izdr\u017eljivost. Zahvaljuju\u0107i svojoj preciznoj kalibraciji, ovo remenje produ\u017eava vek trajanja va\u0161eg CVT sistema. 387460,80387460,083-260-2130,832602130,629580.0 0315188,0315188,083-260-2130,629580.0,832602130,387460,80387460,0315188,Gates Remen varijator &#8211; nazubljen 0315188,083-260-2130,629580.0,832602130,387460,80387460,0315188,Gates Remen varijator &#8211; nazubljen 0315188,0315188<\/p>\n","protected":false},"excerpt":{"rendered":"<p>Pobolj\u0161ajte ukupnu pouzdanost va\u0161eg CVT sistema uz Gates Remen varijator-nazubljen 0315188. Ovo visokoperformansno remenje omogu\u0107ava optimalno prilago\u0111avanje brzine u svim uslovima vo\u017enje. Kreirano od visokootpornih materijala, Gates Remen varijator-nazubljen 0315188 obezbe\u0111uje izuzetnu izdr\u017eljivost. Zahvaljuju\u0107i svojoj preciznoj kalibraciji, ovo remenje produ\u017eava vek trajanja va\u0161eg CVT sistema. 387460,80387460,083-260-2130,832602130,629580.0 0315188,0315188,083-260-2130,629580.0,832602130,387460,80387460,0315188,Gates Remen varijator &#8211; nazubljen 0315188,083-260-2130,629580.0,832602130,387460,80387460,0315188,Gates Remen varijator &#8211; [&hellip;]<\/p>\n","protected":false},"featured_media":0,"template":"","meta":{"_acf_changed":false},"product_brand":[],"product_cat":[373,381,374,388],"product_tag":[],"class_list":{"0":"post-35509","1":"product","2":"type-product","3":"status-publish","5":"product_cat-remenje","6":"product_cat-varijatorsko-remenje","7":"product_cat-remenje-za-poljoprivredne-masine","8":"product_cat-varijatorsko-remenje-remenje","9":"ts_product_brand-gates","11":"first","12":"instock","13":"taxable","14":"shipping-taxable","15":"product-type-simple","16":"add-to-wishlist-after_add_to_cart"},"acf":[],"_links":{"self":[{"href":"https:\/\/remenje.co.rs\/shop\/wp-json\/wp\/v2\/product\/35509","targetHints":{"allow":["GET"]}}],"collection":[{"href":"https:\/\/remenje.co.rs\/shop\/wp-json\/wp\/v2\/product"}],"about":[{"href":"https:\/\/remenje.co.rs\/shop\/wp-json\/wp\/v2\/types\/product"}],"wp:attachment":[{"href":"https:\/\/remenje.co.rs\/shop\/wp-json\/wp\/v2\/media?parent=35509"}],"wp:term":[{"taxonomy":"product_brand","embeddable":true,"href":"https:\/\/remenje.co.rs\/shop\/wp-json\/wp\/v2\/product_brand?post=35509"},{"taxonomy":"product_cat","embeddable":true,"href":"https:\/\/remenje.co.rs\/shop\/wp-json\/wp\/v2\/product_cat?post=35509"},{"taxonomy":"product_tag","embeddable":true,"href":"https:\/\/remenje.co.rs\/shop\/wp-json\/wp\/v2\/product_tag?post=35509"}],"curies":[{"name":"wp","href":"https:\/\/api.w.org\/{rel}","templated":true}]}}