{"id":35514,"date":"2024-09-13T15:00:43","date_gmt":"2024-09-13T15:00:43","guid":{"rendered":"https:\/\/remenje.co.rs\/shop\/proizvod\/remenjeremenje-za-poljoprivredne-strojevevarijatorsko-remenjevarijatorsko-remenje-remenje-146\/"},"modified":"2025-01-14T21:58:11","modified_gmt":"2025-01-14T21:58:11","slug":"remenjeremenje-za-poljoprivredne-masinevarijatorsko-remenjevarijatorsko-remenje-remenje-429","status":"publish","type":"product","link":"https:\/\/remenje.co.rs\/shop\/proizvod\/remenjeremenje-za-poljoprivredne-masinevarijatorsko-remenjevarijatorsko-remenje-remenje-429\/","title":{"rendered":"Gates Remen varijator &#8211; nazubljen 1453293"},"content":{"rendered":"<p>Osigurajte optimalne performanse va\u0161eg vozila uz Gates Remen varijator-nazubljen 1453293. Ovo visokokvalitetno remenje je dizajnirano za efikasan prenos snage u sistemima sa kontinualno varijabilnom transmisijom (CVT). Izra\u0111eno od otpornih materijala, Gates Remen varijator-nazubljen 1453293 pru\u017ea pouzdanost u razli\u010ditim radnim uslovima. Zahvaljuju\u0107i svojoj inovativnoj konstrukciji, ovo remenje produ\u017eava radni vek va\u0161eg CVT sistema. 667248.1,667248.2,72049753,72048753,60518672,667248.0 1453293,1453293,72048753,72049753,667248.2,60518672,667248.0,667248.1,1453293,Gates Remen varijator &#8211; nazubljen 1453293,72048753,72049753,667248.2,60518672,667248.0,667248.1,1453293,Gates Remen varijator &#8211; nazubljen 1453293,1453293<\/p>\n","protected":false},"excerpt":{"rendered":"<p>Osigurajte optimalne performanse va\u0161eg vozila uz Gates Remen varijator-nazubljen 1453293. Ovo visokokvalitetno remenje je dizajnirano za efikasan prenos snage u sistemima sa kontinualno varijabilnom transmisijom (CVT). Izra\u0111eno od otpornih materijala, Gates Remen varijator-nazubljen 1453293 pru\u017ea pouzdanost u razli\u010ditim radnim uslovima. Zahvaljuju\u0107i svojoj inovativnoj konstrukciji, ovo remenje produ\u017eava radni vek va\u0161eg CVT sistema. 667248.1,667248.2,72049753,72048753,60518672,667248.0 1453293,1453293,72048753,72049753,667248.2,60518672,667248.0,667248.1,1453293,Gates Remen [&hellip;]<\/p>\n","protected":false},"featured_media":0,"template":"","meta":{"_acf_changed":false},"product_brand":[],"product_cat":[373,381,374,388],"product_tag":[],"class_list":{"0":"post-35514","1":"product","2":"type-product","3":"status-publish","5":"product_cat-remenje","6":"product_cat-varijatorsko-remenje","7":"product_cat-remenje-za-poljoprivredne-masine","8":"product_cat-varijatorsko-remenje-remenje","9":"ts_product_brand-gates","11":"first","12":"instock","13":"taxable","14":"shipping-taxable","15":"product-type-simple","16":"add-to-wishlist-after_add_to_cart"},"acf":[],"_links":{"self":[{"href":"https:\/\/remenje.co.rs\/shop\/wp-json\/wp\/v2\/product\/35514","targetHints":{"allow":["GET"]}}],"collection":[{"href":"https:\/\/remenje.co.rs\/shop\/wp-json\/wp\/v2\/product"}],"about":[{"href":"https:\/\/remenje.co.rs\/shop\/wp-json\/wp\/v2\/types\/product"}],"wp:attachment":[{"href":"https:\/\/remenje.co.rs\/shop\/wp-json\/wp\/v2\/media?parent=35514"}],"wp:term":[{"taxonomy":"product_brand","embeddable":true,"href":"https:\/\/remenje.co.rs\/shop\/wp-json\/wp\/v2\/product_brand?post=35514"},{"taxonomy":"product_cat","embeddable":true,"href":"https:\/\/remenje.co.rs\/shop\/wp-json\/wp\/v2\/product_cat?post=35514"},{"taxonomy":"product_tag","embeddable":true,"href":"https:\/\/remenje.co.rs\/shop\/wp-json\/wp\/v2\/product_tag?post=35514"}],"curies":[{"name":"wp","href":"https:\/\/api.w.org\/{rel}","templated":true}]}}