{"id":35519,"date":"2024-09-13T15:00:46","date_gmt":"2024-09-13T15:00:46","guid":{"rendered":"https:\/\/remenje.co.rs\/shop\/proizvod\/remenjeremenje-za-poljoprivredne-strojevepoljoprivredno-pljosnato-remenjepljosnato-remenje-5\/"},"modified":"2025-01-14T21:58:15","modified_gmt":"2025-01-14T21:58:15","slug":"remenjeremenje-za-poljoprivredne-masinepoljoprivredno-pljosnato-remenjepljosnato-remenje-58","status":"publish","type":"product","link":"https:\/\/remenje.co.rs\/shop\/proizvod\/remenjeremenje-za-poljoprivredne-masinepoljoprivredno-pljosnato-remenjepljosnato-remenje-58\/","title":{"rendered":"Gates Pljosnati remen 0539244"},"content":{"rendered":"<p>Unapredite pouzdanost rada va\u0161ih sistema uz Gates Pljosnati remen 0539244. Ovo napredeno remenje obezbe\u0111uje optimalan prenos snage u \u0161irokom spektru industrijskih primena. Proizvedeno od izdr\u017eljivih materijala, Gates Pljosnati remen 0539244 garantuje dugotrajne performanse. Zbog svoje superiorne fleksibilnosti, ovo remenje je neophodno za unapre\u0111enje rada va\u0161ih industrijskih sistema. 0623 6157,6236157 0539244,0539244,0623 6157,6236157,0539244,Gates Pljosnati remen 0539244,0623 6157,6236157,0539244,Gates Pljosnati remen 0539244,0539244<\/p>\n","protected":false},"excerpt":{"rendered":"<p>Unapredite pouzdanost rada va\u0161ih sistema uz Gates Pljosnati remen 0539244. Ovo napredeno remenje obezbe\u0111uje optimalan prenos snage u \u0161irokom spektru industrijskih primena. Proizvedeno od izdr\u017eljivih materijala, Gates Pljosnati remen 0539244 garantuje dugotrajne performanse. Zbog svoje superiorne fleksibilnosti, ovo remenje je neophodno za unapre\u0111enje rada va\u0161ih industrijskih sistema. 0623 6157,6236157 0539244,0539244,0623 6157,6236157,0539244,Gates Pljosnati remen 0539244,0623 6157,6236157,0539244,Gates [&hellip;]<\/p>\n","protected":false},"featured_media":0,"template":"","meta":{"_acf_changed":false},"product_brand":[],"product_cat":[373,382,374,389],"product_tag":[],"class_list":{"0":"post-35519","1":"product","2":"type-product","3":"status-publish","5":"product_cat-remenje","6":"product_cat-pljosnato-remenje","7":"product_cat-remenje-za-poljoprivredne-masine","8":"product_cat-poljoprivredno-pljosnato-remenje","9":"ts_product_brand-gates","11":"first","12":"instock","13":"taxable","14":"shipping-taxable","15":"product-type-simple","16":"add-to-wishlist-after_add_to_cart"},"acf":[],"_links":{"self":[{"href":"https:\/\/remenje.co.rs\/shop\/wp-json\/wp\/v2\/product\/35519","targetHints":{"allow":["GET"]}}],"collection":[{"href":"https:\/\/remenje.co.rs\/shop\/wp-json\/wp\/v2\/product"}],"about":[{"href":"https:\/\/remenje.co.rs\/shop\/wp-json\/wp\/v2\/types\/product"}],"wp:attachment":[{"href":"https:\/\/remenje.co.rs\/shop\/wp-json\/wp\/v2\/media?parent=35519"}],"wp:term":[{"taxonomy":"product_brand","embeddable":true,"href":"https:\/\/remenje.co.rs\/shop\/wp-json\/wp\/v2\/product_brand?post=35519"},{"taxonomy":"product_cat","embeddable":true,"href":"https:\/\/remenje.co.rs\/shop\/wp-json\/wp\/v2\/product_cat?post=35519"},{"taxonomy":"product_tag","embeddable":true,"href":"https:\/\/remenje.co.rs\/shop\/wp-json\/wp\/v2\/product_tag?post=35519"}],"curies":[{"name":"wp","href":"https:\/\/api.w.org\/{rel}","templated":true}]}}