{"id":35520,"date":"2024-09-13T15:00:46","date_gmt":"2024-09-13T15:00:46","guid":{"rendered":"https:\/\/remenje.co.rs\/shop\/proizvod\/remenjeremenje-za-poljoprivredne-strojevepoljoprivredno-pljosnato-remenjepljosnato-remenje-6\/"},"modified":"2025-01-30T08:38:52","modified_gmt":"2025-01-30T08:38:52","slug":"remenjeremenje-za-poljoprivredne-masinepoljoprivredno-pljosnato-remenjepljosnato-remenje-59","status":"publish","type":"product","link":"https:\/\/remenje.co.rs\/shop\/proizvod\/remenjeremenje-za-poljoprivredne-masinepoljoprivredno-pljosnato-remenjepljosnato-remenje-59\/","title":{"rendered":"Gates Pljosnati remen 0139325"},"content":{"rendered":"<p>Pobolj\u0161ajte pouzdanost opreme va\u0161ih ma\u0161ina uz Gates Pljosnati remen 0139325. Ovo visokoperformansno remenje omogu\u0107ava optimalno smanjenje vibracija u svim radnim uslovima. Kreirano od visokootpornih materijala, Gates Pljosnati remen 0139325 obezbe\u0111uje izuzetnu izdr\u017eljivost. Zahvaljuju\u0107i svojoj preciznoj kalibraciji, ovo remenje osigurava tiho i efikasno funkcionisanje va\u0161ih industrijskih sistema. 413122M2,418232M1 Massey Ferguson 186 (F),Massey Ferguson 186 Old,Massey Ferguson 187,Massey Ferguson 206,Massey Ferguson 206 Old,Massey Ferguson 240,Massey Ferguson 307 Old 0139325,0139325,413122M2,418232M1,0139325,Gates Pljosnati remen 0139325,413122M2,418232M1,0139325,Gates Pljosnati remen 0139325,0139325<\/p>\n","protected":false},"excerpt":{"rendered":"<p>Pobolj\u0161ajte pouzdanost opreme va\u0161ih ma\u0161ina uz Gates Pljosnati remen 0139325. Ovo visokoperformansno remenje omogu\u0107ava optimalno smanjenje vibracija u svim radnim uslovima. Kreirano od visokootpornih materijala, Gates Pljosnati remen 0139325 obezbe\u0111uje izuzetnu izdr\u017eljivost. Zahvaljuju\u0107i svojoj preciznoj kalibraciji, ovo remenje osigurava tiho i efikasno funkcionisanje va\u0161ih industrijskih sistema. 413122M2,418232M1 Massey Ferguson 186 (F),Massey Ferguson 186 Old,Massey Ferguson [&hellip;]<\/p>\n","protected":false},"featured_media":92180,"template":"","meta":{"_acf_changed":false},"product_brand":[],"product_cat":[373,382,374,389],"product_tag":[],"class_list":{"0":"post-35520","1":"product","2":"type-product","3":"status-publish","4":"has-post-thumbnail","6":"product_cat-remenje","7":"product_cat-pljosnato-remenje","8":"product_cat-remenje-za-poljoprivredne-masine","9":"product_cat-poljoprivredno-pljosnato-remenje","10":"ts_product_brand-gates","12":"first","13":"instock","14":"taxable","15":"shipping-taxable","16":"product-type-simple","17":"add-to-wishlist-after_add_to_cart"},"acf":[],"_links":{"self":[{"href":"https:\/\/remenje.co.rs\/shop\/wp-json\/wp\/v2\/product\/35520","targetHints":{"allow":["GET"]}}],"collection":[{"href":"https:\/\/remenje.co.rs\/shop\/wp-json\/wp\/v2\/product"}],"about":[{"href":"https:\/\/remenje.co.rs\/shop\/wp-json\/wp\/v2\/types\/product"}],"wp:featuredmedia":[{"embeddable":true,"href":"https:\/\/remenje.co.rs\/shop\/wp-json\/wp\/v2\/media\/92180"}],"wp:attachment":[{"href":"https:\/\/remenje.co.rs\/shop\/wp-json\/wp\/v2\/media?parent=35520"}],"wp:term":[{"taxonomy":"product_brand","embeddable":true,"href":"https:\/\/remenje.co.rs\/shop\/wp-json\/wp\/v2\/product_brand?post=35520"},{"taxonomy":"product_cat","embeddable":true,"href":"https:\/\/remenje.co.rs\/shop\/wp-json\/wp\/v2\/product_cat?post=35520"},{"taxonomy":"product_tag","embeddable":true,"href":"https:\/\/remenje.co.rs\/shop\/wp-json\/wp\/v2\/product_tag?post=35520"}],"curies":[{"name":"wp","href":"https:\/\/api.w.org\/{rel}","templated":true}]}}