{"id":35523,"date":"2024-09-13T15:00:49","date_gmt":"2024-09-13T15:00:49","guid":{"rendered":"https:\/\/remenje.co.rs\/shop\/proizvod\/remenjeremenje-za-poljoprivredne-strojevepoljoprivredno-pljosnato-remenjepljosnato-remenje-9\/"},"modified":"2025-01-30T08:38:54","modified_gmt":"2025-01-30T08:38:54","slug":"remenjeremenje-za-poljoprivredne-masinepoljoprivredno-pljosnato-remenjepljosnato-remenje-61","status":"publish","type":"product","link":"https:\/\/remenje.co.rs\/shop\/proizvod\/remenjeremenje-za-poljoprivredne-masinepoljoprivredno-pljosnato-remenjepljosnato-remenje-61\/","title":{"rendered":"Gates Pljosnati remen 0339320"},"content":{"rendered":"<p>Unapredite efikasnost prenosa va\u0161ih sistema uz Gates Pljosnati remen 0339320. Ovo precizno izra\u0111eno remenje obezbe\u0111uje smanjenje gubitaka energije u \u0161irokom spektru industrijskih primena. Proizvedeno od izdr\u017eljivih materijala, Gates Pljosnati remen 0339320 garantuje pouzdanost u ekstremnim uslovima. Zbog svoje superiorne fleksibilnosti, ovo remenje je klju\u010dno za unapre\u0111enje rada va\u0161ih industrijskih sistema. Z21402,Z31191 John Deere 930 &#8211; 940,John Deere 952,John Deere 1032 &#8211; 1042 &#8211; 1052 0339320,0339320,Z21402,Z31191,0339320,Gates Pljosnati remen 0339320,Z21402,Z31191,0339320,Gates Pljosnati remen 0339320,0339320<\/p>\n","protected":false},"excerpt":{"rendered":"<p>Unapredite efikasnost prenosa va\u0161ih sistema uz Gates Pljosnati remen 0339320. Ovo precizno izra\u0111eno remenje obezbe\u0111uje smanjenje gubitaka energije u \u0161irokom spektru industrijskih primena. Proizvedeno od izdr\u017eljivih materijala, Gates Pljosnati remen 0339320 garantuje pouzdanost u ekstremnim uslovima. Zbog svoje superiorne fleksibilnosti, ovo remenje je klju\u010dno za unapre\u0111enje rada va\u0161ih industrijskih sistema. Z21402,Z31191 John Deere 930 &#8211; [&hellip;]<\/p>\n","protected":false},"featured_media":92166,"template":"","meta":{"_acf_changed":false},"product_brand":[],"product_cat":[373,382,374,389],"product_tag":[],"class_list":{"0":"post-35523","1":"product","2":"type-product","3":"status-publish","4":"has-post-thumbnail","6":"product_cat-remenje","7":"product_cat-pljosnato-remenje","8":"product_cat-remenje-za-poljoprivredne-masine","9":"product_cat-poljoprivredno-pljosnato-remenje","10":"ts_product_brand-gates","12":"first","13":"instock","14":"taxable","15":"shipping-taxable","16":"product-type-simple","17":"add-to-wishlist-after_add_to_cart"},"acf":[],"_links":{"self":[{"href":"https:\/\/remenje.co.rs\/shop\/wp-json\/wp\/v2\/product\/35523","targetHints":{"allow":["GET"]}}],"collection":[{"href":"https:\/\/remenje.co.rs\/shop\/wp-json\/wp\/v2\/product"}],"about":[{"href":"https:\/\/remenje.co.rs\/shop\/wp-json\/wp\/v2\/types\/product"}],"wp:featuredmedia":[{"embeddable":true,"href":"https:\/\/remenje.co.rs\/shop\/wp-json\/wp\/v2\/media\/92166"}],"wp:attachment":[{"href":"https:\/\/remenje.co.rs\/shop\/wp-json\/wp\/v2\/media?parent=35523"}],"wp:term":[{"taxonomy":"product_brand","embeddable":true,"href":"https:\/\/remenje.co.rs\/shop\/wp-json\/wp\/v2\/product_brand?post=35523"},{"taxonomy":"product_cat","embeddable":true,"href":"https:\/\/remenje.co.rs\/shop\/wp-json\/wp\/v2\/product_cat?post=35523"},{"taxonomy":"product_tag","embeddable":true,"href":"https:\/\/remenje.co.rs\/shop\/wp-json\/wp\/v2\/product_tag?post=35523"}],"curies":[{"name":"wp","href":"https:\/\/api.w.org\/{rel}","templated":true}]}}