{"id":35524,"date":"2024-09-13T15:00:50","date_gmt":"2024-09-13T15:00:50","guid":{"rendered":"https:\/\/remenje.co.rs\/shop\/proizvod\/remenjeremenje-za-poljoprivredne-strojevepoljoprivredno-pljosnato-remenjepljosnato-remenje-10\/"},"modified":"2025-01-14T21:58:18","modified_gmt":"2025-01-14T21:58:18","slug":"remenjeremenje-za-poljoprivredne-masinepoljoprivredno-pljosnato-remenjepljosnato-remenje-62","status":"publish","type":"product","link":"https:\/\/remenje.co.rs\/shop\/proizvod\/remenjeremenje-za-poljoprivredne-masinepoljoprivredno-pljosnato-remenjepljosnato-remenje-62\/","title":{"rendered":"Gates Pljosnati remen 0139225"},"content":{"rendered":"<p>Osigurajte efikasan prenos snage va\u0161ih ma\u0161ina uz Gates Pljosnati remen 0139225. Ovo fleksibilno remenje je dizajnirano za smanjenje vibracija u razli\u010ditim industrijskim aplikacijama. Izra\u0111eno od naprednih materijala, Gates Pljosnati remen 0139225 pru\u017ea superiornu izdr\u017eljivost u zahtevnim radnim uslovima. Zahvaljuju\u0107i svojoj tankoj konstrukciji, ovo remenje pobolj\u0161ava efikasnost va\u0161ih ma\u0161ina i opreme. D-41998900,41998900 Dronningborg D 1200 &#8211; D 1250,Dronningborg D 1600 &#8211; D 1650 0139225,0139225,41998900,D-41998900,0139225,Gates Pljosnati remen 0139225,41998900,D-41998900,0139225,Gates Pljosnati remen 0139225,0139225<\/p>\n","protected":false},"excerpt":{"rendered":"<p>Osigurajte efikasan prenos snage va\u0161ih ma\u0161ina uz Gates Pljosnati remen 0139225. Ovo fleksibilno remenje je dizajnirano za smanjenje vibracija u razli\u010ditim industrijskim aplikacijama. Izra\u0111eno od naprednih materijala, Gates Pljosnati remen 0139225 pru\u017ea superiornu izdr\u017eljivost u zahtevnim radnim uslovima. Zahvaljuju\u0107i svojoj tankoj konstrukciji, ovo remenje pobolj\u0161ava efikasnost va\u0161ih ma\u0161ina i opreme. D-41998900,41998900 Dronningborg D 1200 &#8211; [&hellip;]<\/p>\n","protected":false},"featured_media":0,"template":"","meta":{"_acf_changed":false},"product_brand":[],"product_cat":[373,382,374,389],"product_tag":[],"class_list":{"0":"post-35524","1":"product","2":"type-product","3":"status-publish","5":"product_cat-remenje","6":"product_cat-pljosnato-remenje","7":"product_cat-remenje-za-poljoprivredne-masine","8":"product_cat-poljoprivredno-pljosnato-remenje","9":"ts_product_brand-gates","11":"first","12":"instock","13":"taxable","14":"shipping-taxable","15":"product-type-simple","16":"add-to-wishlist-after_add_to_cart"},"acf":[],"_links":{"self":[{"href":"https:\/\/remenje.co.rs\/shop\/wp-json\/wp\/v2\/product\/35524","targetHints":{"allow":["GET"]}}],"collection":[{"href":"https:\/\/remenje.co.rs\/shop\/wp-json\/wp\/v2\/product"}],"about":[{"href":"https:\/\/remenje.co.rs\/shop\/wp-json\/wp\/v2\/types\/product"}],"wp:attachment":[{"href":"https:\/\/remenje.co.rs\/shop\/wp-json\/wp\/v2\/media?parent=35524"}],"wp:term":[{"taxonomy":"product_brand","embeddable":true,"href":"https:\/\/remenje.co.rs\/shop\/wp-json\/wp\/v2\/product_brand?post=35524"},{"taxonomy":"product_cat","embeddable":true,"href":"https:\/\/remenje.co.rs\/shop\/wp-json\/wp\/v2\/product_cat?post=35524"},{"taxonomy":"product_tag","embeddable":true,"href":"https:\/\/remenje.co.rs\/shop\/wp-json\/wp\/v2\/product_tag?post=35524"}],"curies":[{"name":"wp","href":"https:\/\/api.w.org\/{rel}","templated":true}]}}