{"id":35526,"date":"2024-09-13T15:00:50","date_gmt":"2024-09-13T15:00:50","guid":{"rendered":"https:\/\/remenje.co.rs\/shop\/proizvod\/remenjeremenje-za-poljoprivredne-strojevepoljoprivredno-pljosnato-remenjepljosnato-remenje-12\/"},"modified":"2025-01-14T21:58:20","modified_gmt":"2025-01-14T21:58:20","slug":"remenjeremenje-za-poljoprivredne-masinepoljoprivredno-pljosnato-remenjepljosnato-remenje-64","status":"publish","type":"product","link":"https:\/\/remenje.co.rs\/shop\/proizvod\/remenjeremenje-za-poljoprivredne-masinepoljoprivredno-pljosnato-remenjepljosnato-remenje-64\/","title":{"rendered":"Gates Pljosnati remen 1581456"},"content":{"rendered":"<p>Unapredite efikasnost prenosa va\u0161ih sistema uz Gates Pljosnati remen 1581456. Ovo visokotehnolo\u0161ko remenje obezbe\u0111uje efikasnu sinhronizaciju komponenti u \u0161irokom spektru industrijskih primena. Proizvedeno od inovativnih materijala, Gates Pljosnati remen 1581456 garantuje pouzdanost u ekstremnim uslovima. Zbog svoje visoke otpornosti na savijanje, ovo remenje je neophodno za odr\u017eavanje rada va\u0161ih industrijskih sistema. 0652 8420,1-1116-120-119.00,1,11161E+12,6528420 1581456,1581456,1-1116-120-119.00,1111612011900,0652 8420,6528420,Gates Pljosnati remen 1581456,1581456,1-1116-120-119.00,1111612011900,0652 8420,6528420,1581456,Gates Pljosnati remen 1581456,1581456<\/p>\n","protected":false},"excerpt":{"rendered":"<p>Unapredite efikasnost prenosa va\u0161ih sistema uz Gates Pljosnati remen 1581456. Ovo visokotehnolo\u0161ko remenje obezbe\u0111uje efikasnu sinhronizaciju komponenti u \u0161irokom spektru industrijskih primena. Proizvedeno od inovativnih materijala, Gates Pljosnati remen 1581456 garantuje pouzdanost u ekstremnim uslovima. Zbog svoje visoke otpornosti na savijanje, ovo remenje je neophodno za odr\u017eavanje rada va\u0161ih industrijskih sistema. 0652 8420,1-1116-120-119.00,1,11161E+12,6528420 1581456,1581456,1-1116-120-119.00,1111612011900,0652 8420,6528420,Gates [&hellip;]<\/p>\n","protected":false},"featured_media":0,"template":"","meta":{"_acf_changed":false},"product_brand":[],"product_cat":[373,382,374,389],"product_tag":[],"class_list":{"0":"post-35526","1":"product","2":"type-product","3":"status-publish","5":"product_cat-remenje","6":"product_cat-pljosnato-remenje","7":"product_cat-remenje-za-poljoprivredne-masine","8":"product_cat-poljoprivredno-pljosnato-remenje","9":"ts_product_brand-gates","11":"first","12":"instock","13":"taxable","14":"shipping-taxable","15":"product-type-simple","16":"add-to-wishlist-after_add_to_cart"},"acf":[],"_links":{"self":[{"href":"https:\/\/remenje.co.rs\/shop\/wp-json\/wp\/v2\/product\/35526","targetHints":{"allow":["GET"]}}],"collection":[{"href":"https:\/\/remenje.co.rs\/shop\/wp-json\/wp\/v2\/product"}],"about":[{"href":"https:\/\/remenje.co.rs\/shop\/wp-json\/wp\/v2\/types\/product"}],"wp:attachment":[{"href":"https:\/\/remenje.co.rs\/shop\/wp-json\/wp\/v2\/media?parent=35526"}],"wp:term":[{"taxonomy":"product_brand","embeddable":true,"href":"https:\/\/remenje.co.rs\/shop\/wp-json\/wp\/v2\/product_brand?post=35526"},{"taxonomy":"product_cat","embeddable":true,"href":"https:\/\/remenje.co.rs\/shop\/wp-json\/wp\/v2\/product_cat?post=35526"},{"taxonomy":"product_tag","embeddable":true,"href":"https:\/\/remenje.co.rs\/shop\/wp-json\/wp\/v2\/product_tag?post=35526"}],"curies":[{"name":"wp","href":"https:\/\/api.w.org\/{rel}","templated":true}]}}