{"id":35527,"date":"2024-09-13T15:00:50","date_gmt":"2024-09-13T15:00:50","guid":{"rendered":"https:\/\/remenje.co.rs\/shop\/proizvod\/remenjeremenje-za-poljoprivredne-strojevepoljoprivredno-pljosnato-remenjepljosnato-remenje-13\/"},"modified":"2025-01-14T21:58:20","modified_gmt":"2025-01-14T21:58:20","slug":"remenjeremenje-za-poljoprivredne-masinepoljoprivredno-pljosnato-remenjepljosnato-remenje-65","status":"publish","type":"product","link":"https:\/\/remenje.co.rs\/shop\/proizvod\/remenjeremenje-za-poljoprivredne-masinepoljoprivredno-pljosnato-remenjepljosnato-remenje-65\/","title":{"rendered":"Gates Pljosnati remen 0339307"},"content":{"rendered":"<p>Osigurajte dugotrajnost va\u0161ih ma\u0161ina uz Gates Pljosnati remen 0339307. Ovo visokokvalitetno remenje je dizajnirano za pouzdan rad u razli\u010ditim industrijskim aplikacijama. Izra\u0111eno od naprednih materijala, Gates Pljosnati remen 0339307 pru\u017ea superiornu izdr\u017eljivost u zahtevnim radnim uslovima. Zahvaljuju\u0107i svojoj preciznoj izradi, ovo remenje produ\u017eava radni vek va\u0161ih ma\u0161ina i opreme. 5040\/42-013\/0,690101\/1,69-0101\/1 0339307,0339307,69-0101\/1,5040\/42-013\/0,690101\/1,0339307,Gates Pljosnati remen 0339307,69-0101\/1,5040\/42-013\/0,690101\/1,0339307,Gates Pljosnati remen 0339307,0339307<\/p>\n","protected":false},"excerpt":{"rendered":"<p>Osigurajte dugotrajnost va\u0161ih ma\u0161ina uz Gates Pljosnati remen 0339307. Ovo visokokvalitetno remenje je dizajnirano za pouzdan rad u razli\u010ditim industrijskim aplikacijama. Izra\u0111eno od naprednih materijala, Gates Pljosnati remen 0339307 pru\u017ea superiornu izdr\u017eljivost u zahtevnim radnim uslovima. Zahvaljuju\u0107i svojoj preciznoj izradi, ovo remenje produ\u017eava radni vek va\u0161ih ma\u0161ina i opreme. 5040\/42-013\/0,690101\/1,69-0101\/1 0339307,0339307,69-0101\/1,5040\/42-013\/0,690101\/1,0339307,Gates Pljosnati remen 0339307,69-0101\/1,5040\/42-013\/0,690101\/1,0339307,Gates Pljosnati [&hellip;]<\/p>\n","protected":false},"featured_media":0,"template":"","meta":{"_acf_changed":false},"product_brand":[],"product_cat":[373,382,374,389],"product_tag":[],"class_list":{"0":"post-35527","1":"product","2":"type-product","3":"status-publish","5":"product_cat-remenje","6":"product_cat-pljosnato-remenje","7":"product_cat-remenje-za-poljoprivredne-masine","8":"product_cat-poljoprivredno-pljosnato-remenje","9":"ts_product_brand-gates","11":"first","12":"instock","13":"taxable","14":"shipping-taxable","15":"product-type-simple","16":"add-to-wishlist-after_add_to_cart"},"acf":[],"_links":{"self":[{"href":"https:\/\/remenje.co.rs\/shop\/wp-json\/wp\/v2\/product\/35527","targetHints":{"allow":["GET"]}}],"collection":[{"href":"https:\/\/remenje.co.rs\/shop\/wp-json\/wp\/v2\/product"}],"about":[{"href":"https:\/\/remenje.co.rs\/shop\/wp-json\/wp\/v2\/types\/product"}],"wp:attachment":[{"href":"https:\/\/remenje.co.rs\/shop\/wp-json\/wp\/v2\/media?parent=35527"}],"wp:term":[{"taxonomy":"product_brand","embeddable":true,"href":"https:\/\/remenje.co.rs\/shop\/wp-json\/wp\/v2\/product_brand?post=35527"},{"taxonomy":"product_cat","embeddable":true,"href":"https:\/\/remenje.co.rs\/shop\/wp-json\/wp\/v2\/product_cat?post=35527"},{"taxonomy":"product_tag","embeddable":true,"href":"https:\/\/remenje.co.rs\/shop\/wp-json\/wp\/v2\/product_tag?post=35527"}],"curies":[{"name":"wp","href":"https:\/\/api.w.org\/{rel}","templated":true}]}}