{"id":35529,"date":"2024-09-13T15:00:52","date_gmt":"2024-09-13T15:00:52","guid":{"rendered":"https:\/\/remenje.co.rs\/shop\/proizvod\/remenjeremenje-za-poljoprivredne-strojevepoljoprivredno-pljosnato-remenjepljosnato-remenje-15\/"},"modified":"2025-01-30T08:38:54","modified_gmt":"2025-01-30T08:38:54","slug":"remenjeremenje-za-poljoprivredne-masinepoljoprivredno-pljosnato-remenjepljosnato-remenje-67","status":"publish","type":"product","link":"https:\/\/remenje.co.rs\/shop\/proizvod\/remenjeremenje-za-poljoprivredne-masinepoljoprivredno-pljosnato-remenjepljosnato-remenje-67\/","title":{"rendered":"Gates Pljosnati remen 0239320"},"content":{"rendered":"<p>Osigurajte optimalne performanse va\u0161ih ma\u0161ina uz Gates Pljosnati remen 0239320. Ovo visokokvalitetno remenje je dizajnirano za pouzdan rad u razli\u010ditim industrijskim aplikacijama. Izra\u0111eno od naprednih materijala, Gates Pljosnati remen 0239320 pru\u017ea superiornu izdr\u017eljivost u zahtevnim radnim uslovima. Zahvaljuju\u0107i svojoj preciznoj izradi, ovo remenje produ\u017eava radni vek va\u0161ih ma\u0161ina i opreme. Z32514,Z21403,Z22648 John Deere 530 &#8211; 630,John Deere 950 &#8211; 960 &#8211; 970,John Deere 955,John Deere 1055 0239320,0239320,Z22648,Z21403,Z32514,0239320,Gates Pljosnati remen 0239320,Z22648,Z21403,Z32514,0239320,Gates Pljosnati remen 0239320,0239320<\/p>\n","protected":false},"excerpt":{"rendered":"<p>Osigurajte optimalne performanse va\u0161ih ma\u0161ina uz Gates Pljosnati remen 0239320. Ovo visokokvalitetno remenje je dizajnirano za pouzdan rad u razli\u010ditim industrijskim aplikacijama. Izra\u0111eno od naprednih materijala, Gates Pljosnati remen 0239320 pru\u017ea superiornu izdr\u017eljivost u zahtevnim radnim uslovima. Zahvaljuju\u0107i svojoj preciznoj izradi, ovo remenje produ\u017eava radni vek va\u0161ih ma\u0161ina i opreme. Z32514,Z21403,Z22648 John Deere 530 &#8211; [&hellip;]<\/p>\n","protected":false},"featured_media":92188,"template":"","meta":{"_acf_changed":false},"product_brand":[],"product_cat":[373,382,374,389],"product_tag":[],"class_list":{"0":"post-35529","1":"product","2":"type-product","3":"status-publish","4":"has-post-thumbnail","6":"product_cat-remenje","7":"product_cat-pljosnato-remenje","8":"product_cat-remenje-za-poljoprivredne-masine","9":"product_cat-poljoprivredno-pljosnato-remenje","10":"ts_product_brand-gates","12":"first","13":"instock","14":"taxable","15":"shipping-taxable","16":"product-type-simple","17":"add-to-wishlist-after_add_to_cart"},"acf":[],"_links":{"self":[{"href":"https:\/\/remenje.co.rs\/shop\/wp-json\/wp\/v2\/product\/35529","targetHints":{"allow":["GET"]}}],"collection":[{"href":"https:\/\/remenje.co.rs\/shop\/wp-json\/wp\/v2\/product"}],"about":[{"href":"https:\/\/remenje.co.rs\/shop\/wp-json\/wp\/v2\/types\/product"}],"wp:featuredmedia":[{"embeddable":true,"href":"https:\/\/remenje.co.rs\/shop\/wp-json\/wp\/v2\/media\/92188"}],"wp:attachment":[{"href":"https:\/\/remenje.co.rs\/shop\/wp-json\/wp\/v2\/media?parent=35529"}],"wp:term":[{"taxonomy":"product_brand","embeddable":true,"href":"https:\/\/remenje.co.rs\/shop\/wp-json\/wp\/v2\/product_brand?post=35529"},{"taxonomy":"product_cat","embeddable":true,"href":"https:\/\/remenje.co.rs\/shop\/wp-json\/wp\/v2\/product_cat?post=35529"},{"taxonomy":"product_tag","embeddable":true,"href":"https:\/\/remenje.co.rs\/shop\/wp-json\/wp\/v2\/product_tag?post=35529"}],"curies":[{"name":"wp","href":"https:\/\/api.w.org\/{rel}","templated":true}]}}