{"id":35568,"date":"2024-09-13T15:01:23","date_gmt":"2024-09-13T15:01:23","guid":{"rendered":"https:\/\/remenje.co.rs\/shop\/proizvod\/remenjeremenje-za-poljoprivredne-strojeveklinasti-kaisklasicno-klinasto-remenje-37\/"},"modified":"2025-01-14T21:58:52","modified_gmt":"2025-01-14T21:58:52","slug":"remenjeremenje-za-poljoprivredne-masineklinasti-kaisklasicno-klinasto-remenje-107","status":"publish","type":"product","link":"https:\/\/remenje.co.rs\/shop\/proizvod\/remenjeremenje-za-poljoprivredne-masineklinasti-kaisklasicno-klinasto-remenje-107\/","title":{"rendered":"Gates Klinasti remen 0130326"},"content":{"rendered":"<p>Pobolj\u0161ajte pouzdanost opreme va\u0161ih ma\u0161ina uz Gates Klinasti remen 0130326. Ovo specijalizovano remenje omogu\u0107ava optimalno smanjenje vibracija u svim radnim uslovima. Kreirano od tehnolo\u0161ki naprednih materijala, Gates Klinasti remen 0130326 obezbe\u0111uje superiornu fleksibilnost. Zahvaljuju\u0107i svom preciznoj kalibraciji, ovo remenje produ\u017eava vek trajanja va\u0161ih industrijskih sistema. 41989200,D-41989200 Dronningborg D 7200,Dronningborg D 7500,Dronningborg D 8500,Massey Ferguson Mf 27,Massey Ferguson Mf 29,Massey Ferguson Mf 31 0130326,0130326,D-41989200,41989200,0130326,Gates Klinasti remen 0130326,D-41989200,41989200,0130326,Gates Klinasti remen 0130326,0130326<\/p>\n","protected":false},"excerpt":{"rendered":"<p>Pobolj\u0161ajte pouzdanost opreme va\u0161ih ma\u0161ina uz Gates Klinasti remen 0130326. Ovo specijalizovano remenje omogu\u0107ava optimalno smanjenje vibracija u svim radnim uslovima. Kreirano od tehnolo\u0161ki naprednih materijala, Gates Klinasti remen 0130326 obezbe\u0111uje superiornu fleksibilnost. Zahvaljuju\u0107i svom preciznoj kalibraciji, ovo remenje produ\u017eava vek trajanja va\u0161ih industrijskih sistema. 41989200,D-41989200 Dronningborg D 7200,Dronningborg D 7500,Dronningborg D 8500,Massey Ferguson Mf [&hellip;]<\/p>\n","protected":false},"featured_media":0,"template":"","meta":{"_acf_changed":false},"product_brand":[],"product_cat":[373,378,374,387],"product_tag":[],"class_list":{"0":"post-35568","1":"product","2":"type-product","3":"status-publish","5":"product_cat-remenje","6":"product_cat-klinasti-kais","7":"product_cat-remenje-za-poljoprivredne-masine","8":"product_cat-klasicno-klinasto-remenje","9":"ts_product_brand-gates","11":"first","12":"instock","13":"taxable","14":"shipping-taxable","15":"product-type-simple","16":"add-to-wishlist-after_add_to_cart"},"acf":[],"_links":{"self":[{"href":"https:\/\/remenje.co.rs\/shop\/wp-json\/wp\/v2\/product\/35568","targetHints":{"allow":["GET"]}}],"collection":[{"href":"https:\/\/remenje.co.rs\/shop\/wp-json\/wp\/v2\/product"}],"about":[{"href":"https:\/\/remenje.co.rs\/shop\/wp-json\/wp\/v2\/types\/product"}],"wp:attachment":[{"href":"https:\/\/remenje.co.rs\/shop\/wp-json\/wp\/v2\/media?parent=35568"}],"wp:term":[{"taxonomy":"product_brand","embeddable":true,"href":"https:\/\/remenje.co.rs\/shop\/wp-json\/wp\/v2\/product_brand?post=35568"},{"taxonomy":"product_cat","embeddable":true,"href":"https:\/\/remenje.co.rs\/shop\/wp-json\/wp\/v2\/product_cat?post=35568"},{"taxonomy":"product_tag","embeddable":true,"href":"https:\/\/remenje.co.rs\/shop\/wp-json\/wp\/v2\/product_tag?post=35568"}],"curies":[{"name":"wp","href":"https:\/\/api.w.org\/{rel}","templated":true}]}}