{"id":35608,"date":"2024-09-13T15:01:51","date_gmt":"2024-09-13T15:01:51","guid":{"rendered":"https:\/\/remenje.co.rs\/shop\/proizvod\/remenjeremenje-za-poljoprivredne-strojeveklinasti-kaisklasicno-klinasto-remenje-77\/"},"modified":"2025-01-14T21:59:27","modified_gmt":"2025-01-14T21:59:27","slug":"remenjeremenje-za-poljoprivredne-masineklinasti-kaisklasicno-klinasto-remenje-147","status":"publish","type":"product","link":"https:\/\/remenje.co.rs\/shop\/proizvod\/remenjeremenje-za-poljoprivredne-masineklinasti-kaisklasicno-klinasto-remenje-147\/","title":{"rendered":"Gates Klinasti remen 0201177"},"content":{"rendered":"<p>Osigurajte pouzdan prenos snage va\u0161ih ma\u0161ina uz Gates Klinasti remen 0201177. Ovo izdr\u017eljivo remenje je dizajnirano za preciznu sinhronizaciju u razli\u010ditim industrijskim aplikacijama. Izra\u0111eno od naprednih materijala, Gates Klinasti remen 0201177 pru\u017ea superiornu izdr\u017eljivost u zahtevnim radnim uslovima. Zahvaljuju\u0107i svom jedinstvenom profilu, ovo remenje produ\u017eava radni vek va\u0161ih ma\u0161ina i opreme. 1276707C1,20092113,9601699,920092113,D-41932800,41933000,195671M1,9704-11512,340433283,152050,\u00d0\u00a33C-7-0000000,705807,705808,281560M91,84057609-UTISNUT,70543900,505112,281560M1,274015M91,705807A,41932800,610813M1,557514M2,D-41933000,213850M1 New Holland Fx Series,New Holland Fx Series,New Holland Fx Series,New Holland Fx Series 0201177,0201177,274015M91,D-41932800,213850M1,610813M1,340433283,920092113,84057609-UTISNUT,1276707C1,281560M1,41933000,70543900,20092113,9704-11512,557514M2,705807A,D-41933000,281560M91,195671M1,41932800,705808,505112.0,705807,U3C-7-0000000,152050,9601699,0201177,Gates Klinasti remen 0201177,274015M91,D-41932800,213850M1,610813M1,340433283,920092113,84057609-UTISNUT,1276707C1,281560M1,41933000,70543900,20092113,9704-11512,557514M2,705807A,D-41933000,281560M91,195671M1,41932800,705808,505112.0,705807,U3C-7-0000000,152050,9601699,0201177,Gates Klinasti remen 0201177,0201177<\/p>\n","protected":false},"excerpt":{"rendered":"<p>Osigurajte pouzdan prenos snage va\u0161ih ma\u0161ina uz Gates Klinasti remen 0201177. Ovo izdr\u017eljivo remenje je dizajnirano za preciznu sinhronizaciju u razli\u010ditim industrijskim aplikacijama. Izra\u0111eno od naprednih materijala, Gates Klinasti remen 0201177 pru\u017ea superiornu izdr\u017eljivost u zahtevnim radnim uslovima. Zahvaljuju\u0107i svom jedinstvenom profilu, ovo remenje produ\u017eava radni vek va\u0161ih ma\u0161ina i opreme. 1276707C1,20092113,9601699,920092113,D-41932800,41933000,195671M1,9704-11512,340433283,152050,\u00d0\u00a33C-7-0000000,705807,705808,281560M91,84057609-UTISNUT,70543900,505112,281560M1,274015M91,705807A,41932800,610813M1,557514M2,D-41933000,213850M1 New Holland Fx [&hellip;]<\/p>\n","protected":false},"featured_media":0,"template":"","meta":{"_acf_changed":false},"product_brand":[],"product_cat":[373,378,374,387],"product_tag":[],"class_list":{"0":"post-35608","1":"product","2":"type-product","3":"status-publish","5":"product_cat-remenje","6":"product_cat-klinasti-kais","7":"product_cat-remenje-za-poljoprivredne-masine","8":"product_cat-klasicno-klinasto-remenje","9":"ts_product_brand-gates","11":"first","12":"instock","13":"taxable","14":"shipping-taxable","15":"product-type-simple","16":"add-to-wishlist-after_add_to_cart"},"acf":[],"_links":{"self":[{"href":"https:\/\/remenje.co.rs\/shop\/wp-json\/wp\/v2\/product\/35608","targetHints":{"allow":["GET"]}}],"collection":[{"href":"https:\/\/remenje.co.rs\/shop\/wp-json\/wp\/v2\/product"}],"about":[{"href":"https:\/\/remenje.co.rs\/shop\/wp-json\/wp\/v2\/types\/product"}],"wp:attachment":[{"href":"https:\/\/remenje.co.rs\/shop\/wp-json\/wp\/v2\/media?parent=35608"}],"wp:term":[{"taxonomy":"product_brand","embeddable":true,"href":"https:\/\/remenje.co.rs\/shop\/wp-json\/wp\/v2\/product_brand?post=35608"},{"taxonomy":"product_cat","embeddable":true,"href":"https:\/\/remenje.co.rs\/shop\/wp-json\/wp\/v2\/product_cat?post=35608"},{"taxonomy":"product_tag","embeddable":true,"href":"https:\/\/remenje.co.rs\/shop\/wp-json\/wp\/v2\/product_tag?post=35608"}],"curies":[{"name":"wp","href":"https:\/\/api.w.org\/{rel}","templated":true}]}}