{"id":35614,"date":"2024-09-13T15:01:55","date_gmt":"2024-09-13T15:01:55","guid":{"rendered":"https:\/\/remenje.co.rs\/shop\/proizvod\/remenjeremenje-za-poljoprivredne-strojeveklinasti-kaisklasicno-klinasto-remenje-83\/"},"modified":"2025-01-14T21:59:32","modified_gmt":"2025-01-14T21:59:32","slug":"remenjeremenje-za-poljoprivredne-masineklinasti-kaisklasicno-klinasto-remenje-153","status":"publish","type":"product","link":"https:\/\/remenje.co.rs\/shop\/proizvod\/remenjeremenje-za-poljoprivredne-masineklinasti-kaisklasicno-klinasto-remenje-153\/","title":{"rendered":"Gates Klinasti remen 0102123"},"content":{"rendered":"<p>Osigurajte pouzdan prenos snage va\u0161ih ma\u0161ina uz Gates Klinasti remen 0102123. Ovo visokokvalitetno remenje je dizajnirano za preciznu sinhronizaciju u razli\u010ditim industrijskim aplikacijama. Izra\u0111eno od otpornih materijala, Gates Klinasti remen 0102123 pru\u017ea visoku otpornost na habanje u zahtevnim radnim uslovima. Zahvaljuju\u0107i svom jedinstvenom profilu, ovo remenje pobolj\u0161ava efikasnost va\u0161ih ma\u0161ina i opreme. 1321564C1,273419,4189192M1,559808M1,89515172,430433410,1321564C2,GXB24429 0102123,0102123,273419,4189192M1,1321564C2,GXB24429,89515172,430433410,1321564C1,559808M1,0102123,Gates Klinasti remen 0102123,273419,4189192M1,1321564C2,GXB24429,89515172,430433410,1321564C1,559808M1,0102123,Gates Klinasti remen 0102123,0102123<\/p>\n","protected":false},"excerpt":{"rendered":"<p>Osigurajte pouzdan prenos snage va\u0161ih ma\u0161ina uz Gates Klinasti remen 0102123. Ovo visokokvalitetno remenje je dizajnirano za preciznu sinhronizaciju u razli\u010ditim industrijskim aplikacijama. Izra\u0111eno od otpornih materijala, Gates Klinasti remen 0102123 pru\u017ea visoku otpornost na habanje u zahtevnim radnim uslovima. Zahvaljuju\u0107i svom jedinstvenom profilu, ovo remenje pobolj\u0161ava efikasnost va\u0161ih ma\u0161ina i opreme. 1321564C1,273419,4189192M1,559808M1,89515172,430433410,1321564C2,GXB24429 0102123,0102123,273419,4189192M1,1321564C2,GXB24429,89515172,430433410,1321564C1,559808M1,0102123,Gates Klinasti [&hellip;]<\/p>\n","protected":false},"featured_media":0,"template":"","meta":{"_acf_changed":false},"product_brand":[],"product_cat":[373,378,374,387],"product_tag":[],"class_list":{"0":"post-35614","1":"product","2":"type-product","3":"status-publish","5":"product_cat-remenje","6":"product_cat-klinasti-kais","7":"product_cat-remenje-za-poljoprivredne-masine","8":"product_cat-klasicno-klinasto-remenje","9":"ts_product_brand-gates","11":"first","12":"instock","13":"taxable","14":"shipping-taxable","15":"product-type-simple","16":"add-to-wishlist-after_add_to_cart"},"acf":[],"_links":{"self":[{"href":"https:\/\/remenje.co.rs\/shop\/wp-json\/wp\/v2\/product\/35614","targetHints":{"allow":["GET"]}}],"collection":[{"href":"https:\/\/remenje.co.rs\/shop\/wp-json\/wp\/v2\/product"}],"about":[{"href":"https:\/\/remenje.co.rs\/shop\/wp-json\/wp\/v2\/types\/product"}],"wp:attachment":[{"href":"https:\/\/remenje.co.rs\/shop\/wp-json\/wp\/v2\/media?parent=35614"}],"wp:term":[{"taxonomy":"product_brand","embeddable":true,"href":"https:\/\/remenje.co.rs\/shop\/wp-json\/wp\/v2\/product_brand?post=35614"},{"taxonomy":"product_cat","embeddable":true,"href":"https:\/\/remenje.co.rs\/shop\/wp-json\/wp\/v2\/product_cat?post=35614"},{"taxonomy":"product_tag","embeddable":true,"href":"https:\/\/remenje.co.rs\/shop\/wp-json\/wp\/v2\/product_tag?post=35614"}],"curies":[{"name":"wp","href":"https:\/\/api.w.org\/{rel}","templated":true}]}}