{"id":35620,"date":"2024-09-13T15:01:58","date_gmt":"2024-09-13T15:01:58","guid":{"rendered":"https:\/\/remenje.co.rs\/shop\/proizvod\/remenjeremenje-za-poljoprivredne-strojeveklinasti-kaisklasicno-klinasto-remenje-89\/"},"modified":"2025-01-30T08:39:04","modified_gmt":"2025-01-30T08:39:04","slug":"remenjeremenje-za-poljoprivredne-masineklinasti-kaisklasicno-klinasto-remenje-159","status":"publish","type":"product","link":"https:\/\/remenje.co.rs\/shop\/proizvod\/remenjeremenje-za-poljoprivredne-masineklinasti-kaisklasicno-klinasto-remenje-159\/","title":{"rendered":"Gates Klinasti remen 0102181"},"content":{"rendered":"<p>Osigurajte dugotrajnost va\u0161ih ma\u0161ina uz Gates Klinasti remen 0102181. Ovo fleksibilno remenje je dizajnirano za preciznu sinhronizaciju u razli\u010ditim industrijskim aplikacijama. Izra\u0111eno od premium materijala, Gates Klinasti remen 0102181 pru\u017ea optimalnu fleksibilnost u zahtevnim radnim uslovima. Zahvaljuju\u0107i svom optimalnoj zateznoj \u010dvrsto\u0107i, ovo remenje pobolj\u0161ava efikasnost va\u0161ih ma\u0161ina i opreme. S60022,H165015,YC10148,ZY46304,215249,920093044,414316M1,129696,340433420,41982300,AH158880 John Deere 9410,John Deere 9450,John Deere 9500 Side Hill,John Deere 9501,John Deere 9510,John Deere 9510 Side Hill,John Deere 9540 &#8211; 9560 &#8211; 9580 (Europe),John Deere 9550 &#8211; 9550 Side Hill,John Deere 9610,John Deere 9650,John Deere 9650 Cts,John Deere T550 &#8211; T560 (European Edition),John Deere T660 &#8211; T670 &#8211; T670 (Na Edition) 0102181,0102181,ZY46304,YC10148,920093044,S60022,129696,215249,AH158880,340433420,41982300,H165015,414316M1,0102181,Gates Klinasti remen 0102181,ZY46304,YC10148,920093044,S60022,129696,215249,AH158880,340433420,41982300,H165015,414316M1,0102181,Gates Klinasti remen 0102181,0102181<\/p>\n","protected":false},"excerpt":{"rendered":"<p>Osigurajte dugotrajnost va\u0161ih ma\u0161ina uz Gates Klinasti remen 0102181. Ovo fleksibilno remenje je dizajnirano za preciznu sinhronizaciju u razli\u010ditim industrijskim aplikacijama. Izra\u0111eno od premium materijala, Gates Klinasti remen 0102181 pru\u017ea optimalnu fleksibilnost u zahtevnim radnim uslovima. Zahvaljuju\u0107i svom optimalnoj zateznoj \u010dvrsto\u0107i, ovo remenje pobolj\u0161ava efikasnost va\u0161ih ma\u0161ina i opreme. S60022,H165015,YC10148,ZY46304,215249,920093044,414316M1,129696,340433420,41982300,AH158880 John Deere 9410,John Deere 9450,John [&hellip;]<\/p>\n","protected":false},"featured_media":92202,"template":"","meta":{"_acf_changed":false},"product_brand":[],"product_cat":[373,378,374,387],"product_tag":[],"class_list":{"0":"post-35620","1":"product","2":"type-product","3":"status-publish","4":"has-post-thumbnail","6":"product_cat-remenje","7":"product_cat-klinasti-kais","8":"product_cat-remenje-za-poljoprivredne-masine","9":"product_cat-klasicno-klinasto-remenje","10":"ts_product_brand-gates","12":"first","13":"instock","14":"taxable","15":"shipping-taxable","16":"product-type-simple","17":"add-to-wishlist-after_add_to_cart"},"acf":[],"_links":{"self":[{"href":"https:\/\/remenje.co.rs\/shop\/wp-json\/wp\/v2\/product\/35620","targetHints":{"allow":["GET"]}}],"collection":[{"href":"https:\/\/remenje.co.rs\/shop\/wp-json\/wp\/v2\/product"}],"about":[{"href":"https:\/\/remenje.co.rs\/shop\/wp-json\/wp\/v2\/types\/product"}],"wp:featuredmedia":[{"embeddable":true,"href":"https:\/\/remenje.co.rs\/shop\/wp-json\/wp\/v2\/media\/92202"}],"wp:attachment":[{"href":"https:\/\/remenje.co.rs\/shop\/wp-json\/wp\/v2\/media?parent=35620"}],"wp:term":[{"taxonomy":"product_brand","embeddable":true,"href":"https:\/\/remenje.co.rs\/shop\/wp-json\/wp\/v2\/product_brand?post=35620"},{"taxonomy":"product_cat","embeddable":true,"href":"https:\/\/remenje.co.rs\/shop\/wp-json\/wp\/v2\/product_cat?post=35620"},{"taxonomy":"product_tag","embeddable":true,"href":"https:\/\/remenje.co.rs\/shop\/wp-json\/wp\/v2\/product_tag?post=35620"}],"curies":[{"name":"wp","href":"https:\/\/api.w.org\/{rel}","templated":true}]}}