{"id":35639,"date":"2024-09-13T15:02:13","date_gmt":"2024-09-13T15:02:13","guid":{"rendered":"https:\/\/remenje.co.rs\/shop\/proizvod\/remenjeremenje-za-poljoprivredne-strojeveklinasti-kaisklasicno-klinasto-remenje-108\/"},"modified":"2025-01-14T21:59:52","modified_gmt":"2025-01-14T21:59:52","slug":"remenjeremenje-za-poljoprivredne-masineklinasti-kaisklasicno-klinasto-remenje-178","status":"publish","type":"product","link":"https:\/\/remenje.co.rs\/shop\/proizvod\/remenjeremenje-za-poljoprivredne-masineklinasti-kaisklasicno-klinasto-remenje-178\/","title":{"rendered":"Gates Klinasti remen 0172225"},"content":{"rendered":"<p>Unapredite ukupne performanse va\u0161ih sistema uz Gates Klinasti remen 0172225. Ovo napredeno remenje obezbe\u0111uje efikasnu sinhronizaciju komponenti u \u0161irokom spektru industrijskih primena. Proizvedeno od inovativnih materijala, Gates Klinasti remen 0172225 garantuje pouzdanost u ekstremnim uslovima. Zbog svog optimizovanog V-profila, ovo remenje je idealno za odr\u017eavanje rada va\u0161ih industrijskih sistema. 349065.0,Z555,433138,89831733,3218477R1,147218.1,2614B045,1443924X91,710907A1,890982M1,403617R2,2P6818,0070106,0070105,3612115M1,1111612,1302482,PF55389,X696624200000,80364033,1447592M1,605041,4032804388,3228279R1,1172391,0117 2391,70105,7540290,397175R1,773300M1,962184M1,81540764,71367191,2614645,63727,98419479,403617R1B,3639683M1,310050,3659864M1,500344766,968721M1,920098575,80371222,70106,Z104978,1,90003E+11,403617R1,3656430M1,X696.624.200.000,430070105,576775A,2612460,M45862,80327062,190823M1,2614B145,24007,173447H1,4816716,74510744,E57428,3714894M1,829921C1,521370M1,0111 1612,962184M2,00-111161-2,248316,576775,CH16856,200549,393415R1,PF55473,AG605632,2612289,909319M3,323987R1,2612419,364033,3582952M1,576774,3595070M91 0172225,0172225,310050,962184M2,2612419,200549,1443924X91,2612289,80364033,2614645,71367191,80327062,98419479,0070106,24007,576775,605041,81540764,403617R1B,X696624200000,364033,173447H1,2P6818,890982M1,80371222,CH16856,1111612,190823M1,403617R2,576775A,4816716,397175R1,74510744,190003140006,3659864M1,Z555,PF55389,500344766,248316,403617R1,393415R1,0070105,433138,349065.0,1172391,909319M3,3595070M91,521370M1,X696.624.200.000,1302482,710907A1,3639683M1,2614B145,70106,2612460,3218477R1,2614B045,4032804388,968721M1,147218.1,00-111161-2,89831733,576774,3612115M1,7540290,3714894M1,0117 2391,773300M1,962184M1,63727,3656430M1,E57428,M45862,Z104978,AG605632,70105,0111 1612,430070105,PF55473,920098575,3228279R1,3582952M1,323987R1,1447592M1,829921C1,Gates Klinasti remen 0172225,0172225,310050,962184M2,2612419,200549,1443924X91,2612289,80364033,2614645,71367191,80327062,98419479,0070106,24007,576775,605041,81540764,403617R1B,X696624200000,364033,173447H1,2P6818,890982M1,80371222,CH16856,1111612,190823M1,403617R2,576775A,4816716,397175R1,74510744,190003140006,3659864M1,Z555,PF55389,500344766,248316,403617R1,393415R1,0070105,433138,349065.0,1172391,909319M3,3595070M91,521370M1,X696.624.200.000,1302482,710907A1,3639683M1,2614B145,70106,2612460,3218477R1,2614B045,4032804388,968721M1,147218.1,00-111161-2,89831733,576774,3612115M1,7540290,3714894M1,0117 2391,773300M1,962184M1,63727,3656430M1,E57428,M45862,Z104978,AG605632,70105,0111 1612,430070105,PF55473,920098575,3228279R1,3582952M1,323987R1,1447592M1,829921C1,0172225,Gates Klinasti remen 0172225,0172225<\/p>\n","protected":false},"excerpt":{"rendered":"<p>Unapredite ukupne performanse va\u0161ih sistema uz Gates Klinasti remen 0172225. Ovo napredeno remenje obezbe\u0111uje efikasnu sinhronizaciju komponenti u \u0161irokom spektru industrijskih primena. Proizvedeno od inovativnih materijala, Gates Klinasti remen 0172225 garantuje pouzdanost u ekstremnim uslovima. Zbog svog optimizovanog V-profila, ovo remenje je idealno za odr\u017eavanje rada va\u0161ih industrijskih sistema. 349065.0,Z555,433138,89831733,3218477R1,147218.1,2614B045,1443924X91,710907A1,890982M1,403617R2,2P6818,0070106,0070105,3612115M1,1111612,1302482,PF55389,X696624200000,80364033,1447592M1,605041,4032804388,3228279R1,1172391,0117 2391,70105,7540290,397175R1,773300M1,962184M1,81540764,71367191,2614645,63727,98419479,403617R1B,3639683M1,310050,3659864M1,500344766,968721M1,920098575,80371222,70106,Z104978,1,90003E+11,403617R1,3656430M1,X696.624.200.000,430070105,576775A,2612460,M45862,80327062,190823M1,2614B145,24007,173447H1,4816716,74510744,E57428,3714894M1,829921C1,521370M1,0111 1612,962184M2,00-111161-2,248316,576775,CH16856,200549,393415R1,PF55473,AG605632,2612289,909319M3,323987R1,2612419,364033,3582952M1,576774,3595070M91 0172225,0172225,310050,962184M2,2612419,200549,1443924X91,2612289,80364033,2614645,71367191,80327062,98419479,0070106,24007,576775,605041,81540764,403617R1B,X696624200000,364033,173447H1,2P6818,890982M1,80371222,CH16856,1111612,190823M1,403617R2,576775A,4816716,397175R1,74510744,190003140006,3659864M1,Z555,PF55389,500344766,248316,403617R1,393415R1,0070105,433138,349065.0,1172391,909319M3,3595070M91,521370M1,X696.624.200.000,1302482,710907A1,3639683M1,2614B145,70106,2612460,3218477R1,2614B045,4032804388,968721M1,147218.1,00-111161-2,89831733,576774,3612115M1,7540290,3714894M1,0117 2391,773300M1,962184M1,63727,3656430M1,E57428,M45862,Z104978,AG605632,70105,0111 1612,430070105,PF55473,920098575,3228279R1,3582952M1,323987R1,1447592M1,829921C1,Gates [&hellip;]<\/p>\n","protected":false},"featured_media":0,"template":"","meta":{"_acf_changed":false},"product_brand":[],"product_cat":[373,378,374,387],"product_tag":[],"class_list":{"0":"post-35639","1":"product","2":"type-product","3":"status-publish","5":"product_cat-remenje","6":"product_cat-klinasti-kais","7":"product_cat-remenje-za-poljoprivredne-masine","8":"product_cat-klasicno-klinasto-remenje","9":"ts_product_brand-gates","11":"first","12":"instock","13":"taxable","14":"shipping-taxable","15":"product-type-simple","16":"add-to-wishlist-after_add_to_cart"},"acf":[],"_links":{"self":[{"href":"https:\/\/remenje.co.rs\/shop\/wp-json\/wp\/v2\/product\/35639","targetHints":{"allow":["GET"]}}],"collection":[{"href":"https:\/\/remenje.co.rs\/shop\/wp-json\/wp\/v2\/product"}],"about":[{"href":"https:\/\/remenje.co.rs\/shop\/wp-json\/wp\/v2\/types\/product"}],"wp:attachment":[{"href":"https:\/\/remenje.co.rs\/shop\/wp-json\/wp\/v2\/media?parent=35639"}],"wp:term":[{"taxonomy":"product_brand","embeddable":true,"href":"https:\/\/remenje.co.rs\/shop\/wp-json\/wp\/v2\/product_brand?post=35639"},{"taxonomy":"product_cat","embeddable":true,"href":"https:\/\/remenje.co.rs\/shop\/wp-json\/wp\/v2\/product_cat?post=35639"},{"taxonomy":"product_tag","embeddable":true,"href":"https:\/\/remenje.co.rs\/shop\/wp-json\/wp\/v2\/product_tag?post=35639"}],"curies":[{"name":"wp","href":"https:\/\/api.w.org\/{rel}","templated":true}]}}