{"id":35642,"date":"2024-09-13T15:02:14","date_gmt":"2024-09-13T15:02:14","guid":{"rendered":"https:\/\/remenje.co.rs\/shop\/proizvod\/remenjeremenje-za-poljoprivredne-strojeveklinasti-kaisklasicno-klinasto-remenje-111\/"},"modified":"2025-01-30T08:39:10","modified_gmt":"2025-01-30T08:39:10","slug":"remenjeremenje-za-poljoprivredne-masineklinasti-kaisklasicno-klinasto-remenje-181","status":"publish","type":"product","link":"https:\/\/remenje.co.rs\/shop\/proizvod\/remenjeremenje-za-poljoprivredne-masineklinasti-kaisklasicno-klinasto-remenje-181\/","title":{"rendered":"Gates Klinasti remen 0172235"},"content":{"rendered":"<p>Pobolj\u0161ajte pouzdanost opreme va\u0161ih ma\u0161ina uz Gates Klinasti remen 0172235. Ovo vrhunsko remenje omogu\u0107ava precizan prenos velike snage u svim radnim uslovima. Kreirano od naprednih kompozitnih materijala, Gates Klinasti remen 0172235 obezbe\u0111uje superiornu fleksibilnost. Zahvaljuju\u0107i svom inovativnom V-dizajnu, ovo remenje osigurava tiho i efikasno funkcionisanje va\u0161ih industrijskih sistema. Z38703,5M8135,531371M1,2614555,3639687M1,PF55455,2976800,2614655,264557,9351016300,H85382,80353882,2P4191,680614R1,252145,513833M1,732684,9351.0163.00,K306655,353882,ZY46778,843198M1,61464,80264557,571684,1113928,844079\u00d0\u01531,2614B155,382228R1,2614B055,1532030R2,98046005,3777681M91,061451A Massey Ferguson 5435,Massey Ferguson 5435 0172235,0172235,061451A,680614R1,9351016300,843198M1,2P4191,531371M1,353882,264557,3639687M1,2976800,PF55455,5M8135,80264557,513833M1,2614B155,252145,1113928,2614655,844079M1,1532030R2,Z38703,9351.0163.00,3777681M91,ZY46778,2614B055,732684,80353882,571684,K306655,98046005,2614555,H85382,382228R1,61464,0172235,Gates Klinasti remen 0172235,061451A,680614R1,9351016300,843198M1,2P4191,531371M1,353882,264557,3639687M1,2976800,PF55455,5M8135,80264557,513833M1,2614B155,252145,1113928,2614655,844079M1,1532030R2,Z38703,9351.0163.00,3777681M91,ZY46778,2614B055,732684,80353882,571684,K306655,98046005,2614555,H85382,382228R1,61464,0172235,Gates Klinasti remen 0172235,0172235<\/p>\n","protected":false},"excerpt":{"rendered":"<p>Pobolj\u0161ajte pouzdanost opreme va\u0161ih ma\u0161ina uz Gates Klinasti remen 0172235. Ovo vrhunsko remenje omogu\u0107ava precizan prenos velike snage u svim radnim uslovima. Kreirano od naprednih kompozitnih materijala, Gates Klinasti remen 0172235 obezbe\u0111uje superiornu fleksibilnost. Zahvaljuju\u0107i svom inovativnom V-dizajnu, ovo remenje osigurava tiho i efikasno funkcionisanje va\u0161ih industrijskih sistema. Z38703,5M8135,531371M1,2614555,3639687M1,PF55455,2976800,2614655,264557,9351016300,H85382,80353882,2P4191,680614R1,252145,513833M1,732684,9351.0163.00,K306655,353882,ZY46778,843198M1,61464,80264557,571684,1113928,844079\u00d0\u01531,2614B155,382228R1,2614B055,1532030R2,98046005,3777681M91,061451A Massey Ferguson 5435,Massey Ferguson 5435 0172235,0172235,061451A,680614R1,9351016300,843198M1,2P4191,531371M1,353882,264557,3639687M1,2976800,PF55455,5M8135,80264557,513833M1,2614B155,252145,1113928,2614655,844079M1,1532030R2,Z38703,9351.0163.00,3777681M91,ZY46778,2614B055,732684,80353882,571684,K306655,98046005,2614555,H85382,382228R1,61464,0172235,Gates [&hellip;]<\/p>\n","protected":false},"featured_media":92184,"template":"","meta":{"_acf_changed":false},"product_brand":[],"product_cat":[373,378,374,387],"product_tag":[],"class_list":{"0":"post-35642","1":"product","2":"type-product","3":"status-publish","4":"has-post-thumbnail","6":"product_cat-remenje","7":"product_cat-klinasti-kais","8":"product_cat-remenje-za-poljoprivredne-masine","9":"product_cat-klasicno-klinasto-remenje","10":"ts_product_brand-gates","12":"first","13":"instock","14":"taxable","15":"shipping-taxable","16":"product-type-simple","17":"add-to-wishlist-after_add_to_cart"},"acf":[],"_links":{"self":[{"href":"https:\/\/remenje.co.rs\/shop\/wp-json\/wp\/v2\/product\/35642","targetHints":{"allow":["GET"]}}],"collection":[{"href":"https:\/\/remenje.co.rs\/shop\/wp-json\/wp\/v2\/product"}],"about":[{"href":"https:\/\/remenje.co.rs\/shop\/wp-json\/wp\/v2\/types\/product"}],"wp:featuredmedia":[{"embeddable":true,"href":"https:\/\/remenje.co.rs\/shop\/wp-json\/wp\/v2\/media\/92184"}],"wp:attachment":[{"href":"https:\/\/remenje.co.rs\/shop\/wp-json\/wp\/v2\/media?parent=35642"}],"wp:term":[{"taxonomy":"product_brand","embeddable":true,"href":"https:\/\/remenje.co.rs\/shop\/wp-json\/wp\/v2\/product_brand?post=35642"},{"taxonomy":"product_cat","embeddable":true,"href":"https:\/\/remenje.co.rs\/shop\/wp-json\/wp\/v2\/product_cat?post=35642"},{"taxonomy":"product_tag","embeddable":true,"href":"https:\/\/remenje.co.rs\/shop\/wp-json\/wp\/v2\/product_tag?post=35642"}],"curies":[{"name":"wp","href":"https:\/\/api.w.org\/{rel}","templated":true}]}}