{"id":35651,"date":"2024-09-13T15:02:21","date_gmt":"2024-09-13T15:02:21","guid":{"rendered":"https:\/\/remenje.co.rs\/shop\/proizvod\/remenjeremenje-za-poljoprivredne-strojeveklinasti-kaisklasicno-klinasto-remenje-120\/"},"modified":"2025-01-14T22:00:03","modified_gmt":"2025-01-14T22:00:03","slug":"remenjeremenje-za-poljoprivredne-masineklinasti-kaisklasicno-klinasto-remenje-190","status":"publish","type":"product","link":"https:\/\/remenje.co.rs\/shop\/proizvod\/remenjeremenje-za-poljoprivredne-masineklinasti-kaisklasicno-klinasto-remenje-190\/","title":{"rendered":"Gates Klinasti remen 0122155"},"content":{"rendered":"<p>Unapredite efikasnost prenosa va\u0161ih sistema uz Gates Klinasti remen 0122155. Ovo precizno izra\u0111eno remenje obezbe\u0111uje optimalan prenos velike snage u \u0161irokom spektru industrijskih primena. Proizvedeno od inovativnih materijala, Gates Klinasti remen 0122155 garantuje dugotrajne performanse. Zbog svog superiorne prilagodljivosti, ovo remenje je idealno za unapre\u0111enje rada va\u0161ih industrijskih sistema. R46570,3381364M1,3614706M92,133642,N15527,2S9506,684121525,602387.1,E69644,TE121011127,7543026,131304C1,87337385,602387,61084C1,9815437,41905800,9966451,2612481,131303C91,AR43219,7543007,844163M1,1151369,3055526R1,2614B170,2614670,84449518,84999647,D-41905800,3381364M91,89815437,89831746,3228641R1,0115 1369,1447419M91,425578A2,3145238M1 0122155,0122155,61084C1,2S9506,0115 1369,3381364M91,133642.0,844163M1,2612481,N15527,3055526R1,84449518,425578A2,87337385,9966451,TE121011127,131304C1,3145238M1,2614B170,684121525,602387.1,3381364M1,R46570,1151369,E69644,AR43219,1447419M91,602387.0,84999647,2614670,131303C91,9815437,89815437,7543026,3614706M92,41905800,D-41905800,7543007,89831746,3228641R1,0122155,Gates Klinasti remen 0122155,61084C1,2S9506,0115 1369,3381364M91,133642.0,844163M1,2612481,N15527,3055526R1,84449518,425578A2,87337385,9966451,TE121011127,131304C1,3145238M1,2614B170,684121525,602387.1,3381364M1,R46570,1151369,E69644,AR43219,1447419M91,602387.0,84999647,2614670,131303C91,9815437,89815437,7543026,3614706M92,41905800,D-41905800,7543007,89831746,3228641R1,0122155,Gates Klinasti remen 0122155,0122155<\/p>\n","protected":false},"excerpt":{"rendered":"<p>Unapredite efikasnost prenosa va\u0161ih sistema uz Gates Klinasti remen 0122155. Ovo precizno izra\u0111eno remenje obezbe\u0111uje optimalan prenos velike snage u \u0161irokom spektru industrijskih primena. Proizvedeno od inovativnih materijala, Gates Klinasti remen 0122155 garantuje dugotrajne performanse. Zbog svog superiorne prilagodljivosti, ovo remenje je idealno za unapre\u0111enje rada va\u0161ih industrijskih sistema. R46570,3381364M1,3614706M92,133642,N15527,2S9506,684121525,602387.1,E69644,TE121011127,7543026,131304C1,87337385,602387,61084C1,9815437,41905800,9966451,2612481,131303C91,AR43219,7543007,844163M1,1151369,3055526R1,2614B170,2614670,84449518,84999647,D-41905800,3381364M91,89815437,89831746,3228641R1,0115 1369,1447419M91,425578A2,3145238M1 0122155,0122155,61084C1,2S9506,0115 1369,3381364M91,133642.0,844163M1,2612481,N15527,3055526R1,84449518,425578A2,87337385,9966451,TE121011127,131304C1,3145238M1,2614B170,684121525,602387.1,3381364M1,R46570,1151369,E69644,AR43219,1447419M91,602387.0,84999647,2614670,131303C91,9815437,89815437,7543026,3614706M92,41905800,D-41905800,7543007,89831746,3228641R1,0122155,Gates Klinasti remen [&hellip;]<\/p>\n","protected":false},"featured_media":0,"template":"","meta":{"_acf_changed":false},"product_brand":[],"product_cat":[373,378,374,387],"product_tag":[],"class_list":{"0":"post-35651","1":"product","2":"type-product","3":"status-publish","5":"product_cat-remenje","6":"product_cat-klinasti-kais","7":"product_cat-remenje-za-poljoprivredne-masine","8":"product_cat-klasicno-klinasto-remenje","9":"ts_product_brand-gates","11":"first","12":"instock","13":"taxable","14":"shipping-taxable","15":"product-type-simple","16":"add-to-wishlist-after_add_to_cart"},"acf":[],"_links":{"self":[{"href":"https:\/\/remenje.co.rs\/shop\/wp-json\/wp\/v2\/product\/35651","targetHints":{"allow":["GET"]}}],"collection":[{"href":"https:\/\/remenje.co.rs\/shop\/wp-json\/wp\/v2\/product"}],"about":[{"href":"https:\/\/remenje.co.rs\/shop\/wp-json\/wp\/v2\/types\/product"}],"wp:attachment":[{"href":"https:\/\/remenje.co.rs\/shop\/wp-json\/wp\/v2\/media?parent=35651"}],"wp:term":[{"taxonomy":"product_brand","embeddable":true,"href":"https:\/\/remenje.co.rs\/shop\/wp-json\/wp\/v2\/product_brand?post=35651"},{"taxonomy":"product_cat","embeddable":true,"href":"https:\/\/remenje.co.rs\/shop\/wp-json\/wp\/v2\/product_cat?post=35651"},{"taxonomy":"product_tag","embeddable":true,"href":"https:\/\/remenje.co.rs\/shop\/wp-json\/wp\/v2\/product_tag?post=35651"}],"curies":[{"name":"wp","href":"https:\/\/api.w.org\/{rel}","templated":true}]}}