{"id":35710,"date":"2024-09-13T15:03:04","date_gmt":"2024-09-13T15:03:04","guid":{"rendered":"https:\/\/remenje.co.rs\/shop\/proizvod\/remenjeremenje-za-poljoprivredne-strojeveklinasti-kaisklasicno-klinasto-remenje-179\/"},"modified":"2025-01-14T22:00:55","modified_gmt":"2025-01-14T22:00:55","slug":"remenjeremenje-za-poljoprivredne-masineklinasti-kaisklasicno-klinasto-remenje-249","status":"publish","type":"product","link":"https:\/\/remenje.co.rs\/shop\/proizvod\/remenjeremenje-za-poljoprivredne-masineklinasti-kaisklasicno-klinasto-remenje-249\/","title":{"rendered":"Gates Klinasti remen 0172201"},"content":{"rendered":"<p>Unapredite ukupne performanse va\u0161ih sistema uz Gates Klinasti remen 0172201. Ovo napredeno remenje obezbe\u0111uje smanjenje gubitaka energije u \u0161irokom spektru industrijskih primena. Proizvedeno od vrhunskih materijala, Gates Klinasti remen 0172201 garantuje dugotrajne performanse. Zbog svog visoke otpornosti na kidanje, ovo remenje je neophodno za unapre\u0111enje rada va\u0161ih industrijskih sistema. 1,32E+12,038356T1,341530A1,613104,1169888,5154152,919543,X696623000000,492103C1,49341D,89831725,0116 9888,829002M1,X696.623.000.000,47107838,1,90003E+11,401691R1,359688A1 0172201,0172201,47107838,492103C1,401691R1,038356T1,X696623000000,613104,829002M1,5154152,1320001300201,1169888,359688A1,190003140078,49341D,341530A1,919543,0116 9888,89831725,X696.623.000.000,Gates Klinasti remen 0172201,0172201,47107838,492103C1,401691R1,038356T1,X696623000000,613104,829002M1,5154152,1320001300201,1169888,359688A1,190003140078,49341D,341530A1,919543,0116 9888,89831725,X696.623.000.000,0172201,Gates Klinasti remen 0172201,0172201<\/p>\n","protected":false},"excerpt":{"rendered":"<p>Unapredite ukupne performanse va\u0161ih sistema uz Gates Klinasti remen 0172201. Ovo napredeno remenje obezbe\u0111uje smanjenje gubitaka energije u \u0161irokom spektru industrijskih primena. Proizvedeno od vrhunskih materijala, Gates Klinasti remen 0172201 garantuje dugotrajne performanse. Zbog svog visoke otpornosti na kidanje, ovo remenje je neophodno za unapre\u0111enje rada va\u0161ih industrijskih sistema. 1,32E+12,038356T1,341530A1,613104,1169888,5154152,919543,X696623000000,492103C1,49341D,89831725,0116 9888,829002M1,X696.623.000.000,47107838,1,90003E+11,401691R1,359688A1 0172201,0172201,47107838,492103C1,401691R1,038356T1,X696623000000,613104,829002M1,5154152,1320001300201,1169888,359688A1,190003140078,49341D,341530A1,919543,0116 9888,89831725,X696.623.000.000,Gates Klinasti remen [&hellip;]<\/p>\n","protected":false},"featured_media":0,"template":"","meta":{"_acf_changed":false},"product_brand":[],"product_cat":[373,378,374,387],"product_tag":[],"class_list":{"0":"post-35710","1":"product","2":"type-product","3":"status-publish","5":"product_cat-remenje","6":"product_cat-klinasti-kais","7":"product_cat-remenje-za-poljoprivredne-masine","8":"product_cat-klasicno-klinasto-remenje","9":"ts_product_brand-gates","11":"first","12":"instock","13":"taxable","14":"shipping-taxable","15":"product-type-simple","16":"add-to-wishlist-after_add_to_cart"},"acf":[],"_links":{"self":[{"href":"https:\/\/remenje.co.rs\/shop\/wp-json\/wp\/v2\/product\/35710","targetHints":{"allow":["GET"]}}],"collection":[{"href":"https:\/\/remenje.co.rs\/shop\/wp-json\/wp\/v2\/product"}],"about":[{"href":"https:\/\/remenje.co.rs\/shop\/wp-json\/wp\/v2\/types\/product"}],"wp:attachment":[{"href":"https:\/\/remenje.co.rs\/shop\/wp-json\/wp\/v2\/media?parent=35710"}],"wp:term":[{"taxonomy":"product_brand","embeddable":true,"href":"https:\/\/remenje.co.rs\/shop\/wp-json\/wp\/v2\/product_brand?post=35710"},{"taxonomy":"product_cat","embeddable":true,"href":"https:\/\/remenje.co.rs\/shop\/wp-json\/wp\/v2\/product_cat?post=35710"},{"taxonomy":"product_tag","embeddable":true,"href":"https:\/\/remenje.co.rs\/shop\/wp-json\/wp\/v2\/product_tag?post=35710"}],"curies":[{"name":"wp","href":"https:\/\/api.w.org\/{rel}","templated":true}]}}