{"id":35721,"date":"2024-09-13T15:03:13","date_gmt":"2024-09-13T15:03:13","guid":{"rendered":"https:\/\/remenje.co.rs\/shop\/proizvod\/remenjeremenje-za-poljoprivredne-strojeveklinasti-kaisklasicno-klinasto-remenje-190\/"},"modified":"2025-01-30T08:39:19","modified_gmt":"2025-01-30T08:39:19","slug":"remenjeremenje-za-poljoprivredne-masineklinasti-kaisklasicno-klinasto-remenje-260","status":"publish","type":"product","link":"https:\/\/remenje.co.rs\/shop\/proizvod\/remenjeremenje-za-poljoprivredne-masineklinasti-kaisklasicno-klinasto-remenje-260\/","title":{"rendered":"Gates Klinasti remen 0102180"},"content":{"rendered":"<p>Unapredite pouzdanost rada va\u0161ih sistema uz Gates Klinasti remen 0102180. Ovo napredeno remenje obezbe\u0111uje optimalan prenos velike snage u \u0161irokom spektru industrijskih primena. Proizvedeno od vrhunskih materijala, Gates Klinasti remen 0102180 garantuje minimalno istezanje. Zbog svog superiorne prilagodljivosti, ovo remenje je neophodno za odr\u017eavanje rada va\u0161ih industrijskih sistema. 1116131,GXA21963,843040M1,D-41983400,843029M1,41983400,6210981,856559,41953900,41983300,D-41953900,0111 6131,0621 0981,230162,088-002215-5.227,088-002215-5.228,8,80022E+11,41983300R8,D-41983300R8,71367459,D-41983300,430433420 0102180,0102180,0621 0981,41983400,D-41953900,GXA21963,856559,41983300R8,430433420,D-41983400,088-002215-5.227,0111 6131,880022155227,088-002215-5.228,843029M1,71367459,6210981,41983300,D-41983300R8,843040M1,D-41983300,880022155228,230162,1116131,41953900,Gates Klinasti remen 0102180,0102180,0621 0981,41983400,D-41953900,GXA21963,856559,41983300R8,430433420,D-41983400,088-002215-5.227,0111 6131,880022155227,088-002215-5.228,843029M1,71367459,6210981,41983300,D-41983300R8,843040M1,D-41983300,880022155228,230162,1116131,41953900,0102180,Gates Klinasti remen 0102180,0102180<\/p>\n","protected":false},"excerpt":{"rendered":"<p>Unapredite pouzdanost rada va\u0161ih sistema uz Gates Klinasti remen 0102180. Ovo napredeno remenje obezbe\u0111uje optimalan prenos velike snage u \u0161irokom spektru industrijskih primena. Proizvedeno od vrhunskih materijala, Gates Klinasti remen 0102180 garantuje minimalno istezanje. Zbog svog superiorne prilagodljivosti, ovo remenje je neophodno za odr\u017eavanje rada va\u0161ih industrijskih sistema. 1116131,GXA21963,843040M1,D-41983400,843029M1,41983400,6210981,856559,41953900,41983300,D-41953900,0111 6131,0621 0981,230162,088-002215-5.227,088-002215-5.228,8,80022E+11,41983300R8,D-41983300R8,71367459,D-41983300,430433420 0102180,0102180,0621 0981,41983400,D-41953900,GXA21963,856559,41983300R8,430433420,D-41983400,088-002215-5.227,0111 6131,880022155227,088-002215-5.228,843029M1,71367459,6210981,41983300,D-41983300R8,843040M1,D-41983300,880022155228,230162,1116131,41953900,Gates Klinasti [&hellip;]<\/p>\n","protected":false},"featured_media":92196,"template":"","meta":{"_acf_changed":false},"product_brand":[],"product_cat":[373,378,374,387],"product_tag":[],"class_list":{"0":"post-35721","1":"product","2":"type-product","3":"status-publish","4":"has-post-thumbnail","6":"product_cat-remenje","7":"product_cat-klinasti-kais","8":"product_cat-remenje-za-poljoprivredne-masine","9":"product_cat-klasicno-klinasto-remenje","10":"ts_product_brand-gates","12":"first","13":"instock","14":"taxable","15":"shipping-taxable","16":"product-type-simple","17":"add-to-wishlist-after_add_to_cart"},"acf":[],"_links":{"self":[{"href":"https:\/\/remenje.co.rs\/shop\/wp-json\/wp\/v2\/product\/35721","targetHints":{"allow":["GET"]}}],"collection":[{"href":"https:\/\/remenje.co.rs\/shop\/wp-json\/wp\/v2\/product"}],"about":[{"href":"https:\/\/remenje.co.rs\/shop\/wp-json\/wp\/v2\/types\/product"}],"wp:featuredmedia":[{"embeddable":true,"href":"https:\/\/remenje.co.rs\/shop\/wp-json\/wp\/v2\/media\/92196"}],"wp:attachment":[{"href":"https:\/\/remenje.co.rs\/shop\/wp-json\/wp\/v2\/media?parent=35721"}],"wp:term":[{"taxonomy":"product_brand","embeddable":true,"href":"https:\/\/remenje.co.rs\/shop\/wp-json\/wp\/v2\/product_brand?post=35721"},{"taxonomy":"product_cat","embeddable":true,"href":"https:\/\/remenje.co.rs\/shop\/wp-json\/wp\/v2\/product_cat?post=35721"},{"taxonomy":"product_tag","embeddable":true,"href":"https:\/\/remenje.co.rs\/shop\/wp-json\/wp\/v2\/product_tag?post=35721"}],"curies":[{"name":"wp","href":"https:\/\/api.w.org\/{rel}","templated":true}]}}