{"id":35729,"date":"2024-09-13T15:03:20","date_gmt":"2024-09-13T15:03:20","guid":{"rendered":"https:\/\/remenje.co.rs\/shop\/proizvod\/remenjeremenje-za-poljoprivredne-strojeveklinasti-kaisklasicno-klinasto-remenje-198\/"},"modified":"2025-01-14T22:01:11","modified_gmt":"2025-01-14T22:01:11","slug":"remenjeremenje-za-poljoprivredne-masineklinasti-kaisklasicno-klinasto-remenje-268","status":"publish","type":"product","link":"https:\/\/remenje.co.rs\/shop\/proizvod\/remenjeremenje-za-poljoprivredne-masineklinasti-kaisklasicno-klinasto-remenje-268\/","title":{"rendered":"Gates Klinasti remen 0172216"},"content":{"rendered":"<p>Osigurajte dugotrajnost va\u0161ih ma\u0161ina uz Gates Klinasti remen 0172216. Ovo izdr\u017eljivo remenje je dizajnirano za smanjenje proklizavanja u razli\u010ditim industrijskim aplikacijama. Izra\u0111eno od premium materijala, Gates Klinasti remen 0172216 pru\u017ea superiornu izdr\u017eljivost u zahtevnim radnim uslovima. Zahvaljuju\u0107i svom optimalnoj zateznoj \u010dvrsto\u0107i, ovo remenje pobolj\u0161ava efikasnost va\u0161ih ma\u0161ina i opreme. R71459,3682478M1,00-111160-4,R71602,AN274673,1178737,233489,602211,0070087,143441R2,70087,900611,86514642,1419233R1,1154353,971180078,86514642B,0117 9479,1111604,71131774,H310409,6005026548,H310409A,0117 8737,LVU11662,K7974241,963175M1,3712532M1,5031726,1080195M91,521110M1,1443922X1,8,80022E+11,706506A1,233490,0115 4353,AR29285R,088-002215-2.103,86514642A,1179479,2967502M1 John Deere 9940 0172216,0172216,86514642A,R71459,0117 8737,71131774,971180078,1178737,521110M1,5031726,3712532M1,K7974241,1179479,AN274673,1419233R1,00-111160-4,706506A1,3682478M1,86514642,233490,880022152103,86514642B,6005026548,H310409,963175M1,0070087,AR29285R,1080195M91,233489,2967502M1,0117 9479,1111604,LVU11662,H310409A,R71602,900611,70087,0115 4353,602211,1154353,088-002215-2.103,143441R2,1443922X1,Gates Klinasti remen 0172216,0172216,86514642A,R71459,0117 8737,71131774,971180078,1178737,521110M1,5031726,3712532M1,K7974241,1179479,AN274673,1419233R1,00-111160-4,706506A1,3682478M1,86514642,233490,880022152103,86514642B,6005026548,H310409,963175M1,0070087,AR29285R,1080195M91,233489,2967502M1,0117 9479,1111604,LVU11662,H310409A,R71602,900611,70087,0115 4353,602211,1154353,088-002215-2.103,143441R2,1443922X1,0172216,Gates Klinasti remen 0172216,0172216<\/p>\n","protected":false},"excerpt":{"rendered":"<p>Osigurajte dugotrajnost va\u0161ih ma\u0161ina uz Gates Klinasti remen 0172216. Ovo izdr\u017eljivo remenje je dizajnirano za smanjenje proklizavanja u razli\u010ditim industrijskim aplikacijama. Izra\u0111eno od premium materijala, Gates Klinasti remen 0172216 pru\u017ea superiornu izdr\u017eljivost u zahtevnim radnim uslovima. Zahvaljuju\u0107i svom optimalnoj zateznoj \u010dvrsto\u0107i, ovo remenje pobolj\u0161ava efikasnost va\u0161ih ma\u0161ina i opreme. R71459,3682478M1,00-111160-4,R71602,AN274673,1178737,233489,602211,0070087,143441R2,70087,900611,86514642,1419233R1,1154353,971180078,86514642B,0117 9479,1111604,71131774,H310409,6005026548,H310409A,0117 8737,LVU11662,K7974241,963175M1,3712532M1,5031726,1080195M91,521110M1,1443922X1,8,80022E+11,706506A1,233490,0115 4353,AR29285R,088-002215-2.103,86514642A,1179479,2967502M1 John Deere [&hellip;]<\/p>\n","protected":false},"featured_media":0,"template":"","meta":{"_acf_changed":false},"product_brand":[],"product_cat":[373,378,374,387],"product_tag":[],"class_list":{"0":"post-35729","1":"product","2":"type-product","3":"status-publish","5":"product_cat-remenje","6":"product_cat-klinasti-kais","7":"product_cat-remenje-za-poljoprivredne-masine","8":"product_cat-klasicno-klinasto-remenje","9":"ts_product_brand-gates","11":"first","12":"instock","13":"taxable","14":"shipping-taxable","15":"product-type-simple","16":"add-to-wishlist-after_add_to_cart"},"acf":[],"_links":{"self":[{"href":"https:\/\/remenje.co.rs\/shop\/wp-json\/wp\/v2\/product\/35729","targetHints":{"allow":["GET"]}}],"collection":[{"href":"https:\/\/remenje.co.rs\/shop\/wp-json\/wp\/v2\/product"}],"about":[{"href":"https:\/\/remenje.co.rs\/shop\/wp-json\/wp\/v2\/types\/product"}],"wp:attachment":[{"href":"https:\/\/remenje.co.rs\/shop\/wp-json\/wp\/v2\/media?parent=35729"}],"wp:term":[{"taxonomy":"product_brand","embeddable":true,"href":"https:\/\/remenje.co.rs\/shop\/wp-json\/wp\/v2\/product_brand?post=35729"},{"taxonomy":"product_cat","embeddable":true,"href":"https:\/\/remenje.co.rs\/shop\/wp-json\/wp\/v2\/product_cat?post=35729"},{"taxonomy":"product_tag","embeddable":true,"href":"https:\/\/remenje.co.rs\/shop\/wp-json\/wp\/v2\/product_tag?post=35729"}],"curies":[{"name":"wp","href":"https:\/\/api.w.org\/{rel}","templated":true}]}}