{"id":35734,"date":"2024-09-13T15:03:24","date_gmt":"2024-09-13T15:03:24","guid":{"rendered":"https:\/\/remenje.co.rs\/shop\/proizvod\/remenjeremenje-za-poljoprivredne-strojeveklinasti-kaisklasicno-klinasto-remenje-203\/"},"modified":"2025-01-30T08:39:20","modified_gmt":"2025-01-30T08:39:20","slug":"remenjeremenje-za-poljoprivredne-masineklinasti-kaisklasicno-klinasto-remenje-273","status":"publish","type":"product","link":"https:\/\/remenje.co.rs\/shop\/proizvod\/remenjeremenje-za-poljoprivredne-masineklinasti-kaisklasicno-klinasto-remenje-273\/","title":{"rendered":"Gates Klinasti remen 0172219"},"content":{"rendered":"<p>Pobolj\u0161ajte performanse prenosa va\u0161ih ma\u0161ina uz Gates Klinasti remen 0172219. Ovo visokoperformansno remenje omogu\u0107ava precizan prenos velike snage u svim radnim uslovima. Kreirano od visokootpornih materijala, Gates Klinasti remen 0172219 obezbe\u0111uje superiornu fleksibilnost. Zahvaljuju\u0107i svom visokoj otpornosti na temperaturu i hemikalije, ovo remenje osigurava tiho i efikasno funkcionisanje va\u0161ih industrijskih sistema. 90070020,562203,969186M1,V33279600,H113565,7A372B,920016253,396829R1,920001736,X696.623.700.000,3640432M1,0070104,71352142,3002567X1,3656692M1,80230037,86514598,R12232,783511B,59760,0070167,783511A,920093036,72099473,59003C1,184526M1,539735M1,590154,6883,V684121125,70562203,1161687,CA20514,70104,PF55380,2612414,3641141M1,X696623700000,A75577,764926M1,0115 4354,86516733A,70167,6627917,783511,1443929X91,2612413,230037,590154A,89831730,6659247,86516733,477,REMF6430,80230038,0116 1687,D129916,230038,2960036M1,522063M1,2614B137,1154354,20093036,3218043R1,20001736,L47236 John Deere 6620,John Deere 7720 0172219,0172219,70167,920016253,562203,1443929X91,1161687,764926M1,20093036,80230038,230037,2612414,783511B,920093036,3218043R1,59003C1,H113565,V33279600,86516733,477,3002567X1,969186M1,783511,2960036M1,783511A,70104,X696623700000,590154,86516733A,X696.623.700.000,L47236,59760,6627917,920001736,CA20514,70562203,A75577,D129916,90070020,0070104,396829R1,80230037,3640432M1,230038,3656692M1,6883,2612413,1154354,89831730,20001736,0070167,71352142,72099473,V684121125,184526M1,3641141M1,0116 1687,522063M1,REMF6430,539735M1,0115 4354,2614B137,590154A,6659247,PF55380,7A372B,86514598,R12232,0172219,Gates Klinasti remen 0172219,70167,920016253,562203,1443929X91,1161687,764926M1,20093036,80230038,230037,2612414,783511B,920093036,3218043R1,59003C1,H113565,V33279600,86516733,477,3002567X1,969186M1,783511,2960036M1,783511A,70104,X696623700000,590154,86516733A,X696.623.700.000,L47236,59760,6627917,920001736,CA20514,70562203,A75577,D129916,90070020,0070104,396829R1,80230037,3640432M1,230038,3656692M1,6883,2612413,1154354,89831730,20001736,0070167,71352142,72099473,V684121125,184526M1,3641141M1,0116 1687,522063M1,REMF6430,539735M1,0115 4354,2614B137,590154A,6659247,PF55380,7A372B,86514598,R12232,0172219,Gates Klinasti remen 0172219,0172219<\/p>\n","protected":false},"excerpt":{"rendered":"<p>Pobolj\u0161ajte performanse prenosa va\u0161ih ma\u0161ina uz Gates Klinasti remen 0172219. Ovo visokoperformansno remenje omogu\u0107ava precizan prenos velike snage u svim radnim uslovima. Kreirano od visokootpornih materijala, Gates Klinasti remen 0172219 obezbe\u0111uje superiornu fleksibilnost. Zahvaljuju\u0107i svom visokoj otpornosti na temperaturu i hemikalije, ovo remenje osigurava tiho i efikasno funkcionisanje va\u0161ih industrijskih sistema. 90070020,562203,969186M1,V33279600,H113565,7A372B,920016253,396829R1,920001736,X696.623.700.000,3640432M1,0070104,71352142,3002567X1,3656692M1,80230037,86514598,R12232,783511B,59760,0070167,783511A,920093036,72099473,59003C1,184526M1,539735M1,590154,6883,V684121125,70562203,1161687,CA20514,70104,PF55380,2612414,3641141M1,X696623700000,A75577,764926M1,0115 4354,86516733A,70167,6627917,783511,1443929X91,2612413,230037,590154A,89831730,6659247,86516733,477,REMF6430,80230038,0116 1687,D129916,230038,2960036M1,522063M1,2614B137,1154354,20093036,3218043R1,20001736,L47236 John [&hellip;]<\/p>\n","protected":false},"featured_media":92192,"template":"","meta":{"_acf_changed":false},"product_brand":[],"product_cat":[373,378,374,387],"product_tag":[],"class_list":{"0":"post-35734","1":"product","2":"type-product","3":"status-publish","4":"has-post-thumbnail","6":"product_cat-remenje","7":"product_cat-klinasti-kais","8":"product_cat-remenje-za-poljoprivredne-masine","9":"product_cat-klasicno-klinasto-remenje","10":"ts_product_brand-gates","12":"first","13":"instock","14":"taxable","15":"shipping-taxable","16":"product-type-simple","17":"add-to-wishlist-after_add_to_cart"},"acf":[],"_links":{"self":[{"href":"https:\/\/remenje.co.rs\/shop\/wp-json\/wp\/v2\/product\/35734","targetHints":{"allow":["GET"]}}],"collection":[{"href":"https:\/\/remenje.co.rs\/shop\/wp-json\/wp\/v2\/product"}],"about":[{"href":"https:\/\/remenje.co.rs\/shop\/wp-json\/wp\/v2\/types\/product"}],"wp:featuredmedia":[{"embeddable":true,"href":"https:\/\/remenje.co.rs\/shop\/wp-json\/wp\/v2\/media\/92192"}],"wp:attachment":[{"href":"https:\/\/remenje.co.rs\/shop\/wp-json\/wp\/v2\/media?parent=35734"}],"wp:term":[{"taxonomy":"product_brand","embeddable":true,"href":"https:\/\/remenje.co.rs\/shop\/wp-json\/wp\/v2\/product_brand?post=35734"},{"taxonomy":"product_cat","embeddable":true,"href":"https:\/\/remenje.co.rs\/shop\/wp-json\/wp\/v2\/product_cat?post=35734"},{"taxonomy":"product_tag","embeddable":true,"href":"https:\/\/remenje.co.rs\/shop\/wp-json\/wp\/v2\/product_tag?post=35734"}],"curies":[{"name":"wp","href":"https:\/\/api.w.org\/{rel}","templated":true}]}}