{"id":35736,"date":"2024-09-13T15:03:24","date_gmt":"2024-09-13T15:03:24","guid":{"rendered":"https:\/\/remenje.co.rs\/shop\/proizvod\/remenjeremenje-za-poljoprivredne-strojeveklinasti-kaisklasicno-klinasto-remenje-205\/"},"modified":"2025-01-30T08:39:20","modified_gmt":"2025-01-30T08:39:20","slug":"remenjeremenje-za-poljoprivredne-masineklinasti-kaisklasicno-klinasto-remenje-275","status":"publish","type":"product","link":"https:\/\/remenje.co.rs\/shop\/proizvod\/remenjeremenje-za-poljoprivredne-masineklinasti-kaisklasicno-klinasto-remenje-275\/","title":{"rendered":"Gates Klinasti remen 0172221"},"content":{"rendered":"<p>Unapredite pouzdanost rada va\u0161ih sistema uz Gates Klinasti remen 0172221. Ovo napredeno remenje obezbe\u0111uje efikasnu sinhronizaciju komponenti u \u0161irokom spektru industrijskih primena. Proizvedeno od inovativnih materijala, Gates Klinasti remen 0172221 garantuje minimalno istezanje. Zbog svog visoke otpornosti na kidanje, ovo remenje je neophodno za optimizaciju rada va\u0161ih industrijskih sistema. 0116 3224,D-41990014,3386214M1,16062884,F117.200.010.010,PF55429,303390144,2614B139,230131,81718146,2614B039,0070070,E7NN8620AA,3614715M2,70229559,70070,2967954M1,329588A1,702974,294462A1,843045M1,E7NN-8620-AA,X696623800000,X696.624.300.000,320344A1,2612416,Z38148,E1ADKN8620C,E1ADKN-8620-C,0116 1693,80230131,X696624300000,432016A1,3002568X1,16062763,259363,4611312,1180172,3614715M1,41990014,86514611,513890M1,2P6820,Z37148,9707244,632880,440085A1,F117200010010,1161693,X696.623.800.000,1163224,89831731 John Deere 975 &#8211; 975 Hydro 4,John Deere 985 &#8211; 985 Hydro 4,John Deere 1072 &#8211; 1075 &#8211; 1075 Hydro 4 0172221,0172221,X696624300000,329588A1,16062884,0116 3224,259363,4611312,E7NN-8620-AA,E7NN8620AA,0070070,89831731,440085A1,294462A1,2P6820,702974,80230131,F117.200.010.010,1161693,303390144,F117200010010,432016A1,X696.623.800.000,513890M1,9707244,D-41990014,843045M1,320344A1,3614715M2,41990014,Z38148,81718146,2614B039,86514611,632880,E1ADKN-8620-C,70070,1180172,X696.624.300.000,2612416,3614715M1,X696623800000,70229559,1163224,230131,2967954M1,E1ADKN8620C,3386214M1,16062763,0116 1693,Z37148,PF55429,3002568X1,2614B139,0172221,Gates Klinasti remen 0172221,X696624300000,329588A1,16062884,0116 3224,259363,4611312,E7NN-8620-AA,E7NN8620AA,0070070,89831731,440085A1,294462A1,2P6820,702974,80230131,F117.200.010.010,1161693,303390144,F117200010010,432016A1,X696.623.800.000,513890M1,9707244,D-41990014,843045M1,320344A1,3614715M2,41990014,Z38148,81718146,2614B039,86514611,632880,E1ADKN-8620-C,70070,1180172,X696.624.300.000,2612416,3614715M1,X696623800000,70229559,1163224,230131,2967954M1,E1ADKN8620C,3386214M1,16062763,0116 1693,Z37148,PF55429,3002568X1,2614B139,0172221,Gates Klinasti remen 0172221,0172221<\/p>\n","protected":false},"excerpt":{"rendered":"<p>Unapredite pouzdanost rada va\u0161ih sistema uz Gates Klinasti remen 0172221. Ovo napredeno remenje obezbe\u0111uje efikasnu sinhronizaciju komponenti u \u0161irokom spektru industrijskih primena. Proizvedeno od inovativnih materijala, Gates Klinasti remen 0172221 garantuje minimalno istezanje. Zbog svog visoke otpornosti na kidanje, ovo remenje je neophodno za optimizaciju rada va\u0161ih industrijskih sistema. 0116 3224,D-41990014,3386214M1,16062884,F117.200.010.010,PF55429,303390144,2614B139,230131,81718146,2614B039,0070070,E7NN8620AA,3614715M2,70229559,70070,2967954M1,329588A1,702974,294462A1,843045M1,E7NN-8620-AA,X696623800000,X696.624.300.000,320344A1,2612416,Z38148,E1ADKN8620C,E1ADKN-8620-C,0116 1693,80230131,X696624300000,432016A1,3002568X1,16062763,259363,4611312,1180172,3614715M1,41990014,86514611,513890M1,2P6820,Z37148,9707244,632880,440085A1,F117200010010,1161693,X696.623.800.000,1163224,89831731 John Deere 975 [&hellip;]<\/p>\n","protected":false},"featured_media":92193,"template":"","meta":{"_acf_changed":false},"product_brand":[],"product_cat":[373,378,374,387],"product_tag":[],"class_list":{"0":"post-35736","1":"product","2":"type-product","3":"status-publish","4":"has-post-thumbnail","6":"product_cat-remenje","7":"product_cat-klinasti-kais","8":"product_cat-remenje-za-poljoprivredne-masine","9":"product_cat-klasicno-klinasto-remenje","10":"ts_product_brand-gates","12":"first","13":"instock","14":"taxable","15":"shipping-taxable","16":"product-type-simple","17":"add-to-wishlist-after_add_to_cart"},"acf":[],"_links":{"self":[{"href":"https:\/\/remenje.co.rs\/shop\/wp-json\/wp\/v2\/product\/35736","targetHints":{"allow":["GET"]}}],"collection":[{"href":"https:\/\/remenje.co.rs\/shop\/wp-json\/wp\/v2\/product"}],"about":[{"href":"https:\/\/remenje.co.rs\/shop\/wp-json\/wp\/v2\/types\/product"}],"wp:featuredmedia":[{"embeddable":true,"href":"https:\/\/remenje.co.rs\/shop\/wp-json\/wp\/v2\/media\/92193"}],"wp:attachment":[{"href":"https:\/\/remenje.co.rs\/shop\/wp-json\/wp\/v2\/media?parent=35736"}],"wp:term":[{"taxonomy":"product_brand","embeddable":true,"href":"https:\/\/remenje.co.rs\/shop\/wp-json\/wp\/v2\/product_brand?post=35736"},{"taxonomy":"product_cat","embeddable":true,"href":"https:\/\/remenje.co.rs\/shop\/wp-json\/wp\/v2\/product_cat?post=35736"},{"taxonomy":"product_tag","embeddable":true,"href":"https:\/\/remenje.co.rs\/shop\/wp-json\/wp\/v2\/product_tag?post=35736"}],"curies":[{"name":"wp","href":"https:\/\/api.w.org\/{rel}","templated":true}]}}