{"id":35746,"date":"2024-09-13T15:03:32","date_gmt":"2024-09-13T15:03:32","guid":{"rendered":"https:\/\/remenje.co.rs\/shop\/proizvod\/remenjeremenje-za-poljoprivredne-strojeveklinasti-kaisklasicno-klinasto-remenje-215\/"},"modified":"2025-01-14T22:01:25","modified_gmt":"2025-01-14T22:01:25","slug":"remenjeremenje-za-poljoprivredne-masineklinasti-kaisklasicno-klinasto-remenje-285","status":"publish","type":"product","link":"https:\/\/remenje.co.rs\/shop\/proizvod\/remenjeremenje-za-poljoprivredne-masineklinasti-kaisklasicno-klinasto-remenje-285\/","title":{"rendered":"Gates Klinasti remen 0172237"},"content":{"rendered":"<p>Pobolj\u0161ajte energetsku efikasnost va\u0161ih ma\u0161ina uz Gates Klinasti remen 0172237. Ovo visokoperformansno remenje omogu\u0107ava maksimalnu iskori\u0161\u0107enost pogonske energije u svim radnim uslovima. Kreirano od naprednih kompozitnih materijala, Gates Klinasti remen 0172237 obezbe\u0111uje izuzetnu izdr\u017eljivost. Zahvaljuju\u0107i svom visokoj otpornosti na temperaturu i hemikalije, ovo remenje produ\u017eava vek trajanja va\u0161ih industrijskih sistema. X696.624.800.000,721211,040560T1,2863984M1,576776,650083,80576776,3639688M1,2614B157,2612430,2612467,86517925,X696624800000 0172237,0172237,86517925,650083.0,2612467,040560T1,80576776,X696.624.800.000,2614B157,X696624800000,2863984M1,721211.0,576776,3639688M1,2612430,0172237,Gates Klinasti remen 0172237,86517925,650083.0,2612467,040560T1,80576776,X696.624.800.000,2614B157,X696624800000,2863984M1,721211.0,576776,3639688M1,2612430,0172237,Gates Klinasti remen 0172237,0172237<\/p>\n","protected":false},"excerpt":{"rendered":"<p>Pobolj\u0161ajte energetsku efikasnost va\u0161ih ma\u0161ina uz Gates Klinasti remen 0172237. Ovo visokoperformansno remenje omogu\u0107ava maksimalnu iskori\u0161\u0107enost pogonske energije u svim radnim uslovima. Kreirano od naprednih kompozitnih materijala, Gates Klinasti remen 0172237 obezbe\u0111uje izuzetnu izdr\u017eljivost. Zahvaljuju\u0107i svom visokoj otpornosti na temperaturu i hemikalije, ovo remenje produ\u017eava vek trajanja va\u0161ih industrijskih sistema. X696.624.800.000,721211,040560T1,2863984M1,576776,650083,80576776,3639688M1,2614B157,2612430,2612467,86517925,X696624800000 0172237,0172237,86517925,650083.0,2612467,040560T1,80576776,X696.624.800.000,2614B157,X696624800000,2863984M1,721211.0,576776,3639688M1,2612430,0172237,Gates Klinasti remen 0172237,86517925,650083.0,2612467,040560T1,80576776,X696.624.800.000,2614B157,X696624800000,2863984M1,721211.0,576776,3639688M1,2612430,0172237,Gates [&hellip;]<\/p>\n","protected":false},"featured_media":0,"template":"","meta":{"_acf_changed":false},"product_brand":[],"product_cat":[373,378,374,387],"product_tag":[],"class_list":{"0":"post-35746","1":"product","2":"type-product","3":"status-publish","5":"product_cat-remenje","6":"product_cat-klinasti-kais","7":"product_cat-remenje-za-poljoprivredne-masine","8":"product_cat-klasicno-klinasto-remenje","9":"ts_product_brand-gates","11":"first","12":"instock","13":"taxable","14":"shipping-taxable","15":"product-type-simple","16":"add-to-wishlist-after_add_to_cart"},"acf":[],"_links":{"self":[{"href":"https:\/\/remenje.co.rs\/shop\/wp-json\/wp\/v2\/product\/35746","targetHints":{"allow":["GET"]}}],"collection":[{"href":"https:\/\/remenje.co.rs\/shop\/wp-json\/wp\/v2\/product"}],"about":[{"href":"https:\/\/remenje.co.rs\/shop\/wp-json\/wp\/v2\/types\/product"}],"wp:attachment":[{"href":"https:\/\/remenje.co.rs\/shop\/wp-json\/wp\/v2\/media?parent=35746"}],"wp:term":[{"taxonomy":"product_brand","embeddable":true,"href":"https:\/\/remenje.co.rs\/shop\/wp-json\/wp\/v2\/product_brand?post=35746"},{"taxonomy":"product_cat","embeddable":true,"href":"https:\/\/remenje.co.rs\/shop\/wp-json\/wp\/v2\/product_cat?post=35746"},{"taxonomy":"product_tag","embeddable":true,"href":"https:\/\/remenje.co.rs\/shop\/wp-json\/wp\/v2\/product_tag?post=35746"}],"curies":[{"name":"wp","href":"https:\/\/api.w.org\/{rel}","templated":true}]}}