{"id":35783,"date":"2024-09-13T15:04:01","date_gmt":"2024-09-13T15:04:01","guid":{"rendered":"https:\/\/remenje.co.rs\/shop\/proizvod\/remenjeremenje-za-poljoprivredne-strojeveklinasti-kaisklasicno-klinasto-remenje-252\/"},"modified":"2025-01-14T22:01:56","modified_gmt":"2025-01-14T22:01:56","slug":"remenjeremenje-za-poljoprivredne-masineklinasti-kaisklasicno-klinasto-remenje-322","status":"publish","type":"product","link":"https:\/\/remenje.co.rs\/shop\/proizvod\/remenjeremenje-za-poljoprivredne-masineklinasti-kaisklasicno-klinasto-remenje-322\/","title":{"rendered":"Gates Klinasti remen 0100159"},"content":{"rendered":"<p>Pobolj\u0161ajte performanse prenosa va\u0161ih ma\u0161ina uz Gates Klinasti remen 0100159. Ovo vrhunsko remenje omogu\u0107ava precizan prenos velike snage u svim radnim uslovima. Kreirano od naprednih kompozitnih materijala, Gates Klinasti remen 0100159 obezbe\u0111uje izuzetnu izdr\u017eljivost. Zahvaljuju\u0107i svom preciznoj kalibraciji, ovo remenje pobolj\u0161ava performanse va\u0161ih industrijskih sistema. 9613724A,S0613148,613148,9613724B,517965M1,172360C1,9613724 Case Intl. Harvester 815,Case Intl. Harvester 915 0100159,0100159,9613724A,517965M1,S0613148,9613724,9613724B,613148,172360C1,0100159,Gates Klinasti remen 0100159,9613724A,517965M1,S0613148,9613724,9613724B,613148,172360C1,0100159,Gates Klinasti remen 0100159,0100159<\/p>\n","protected":false},"excerpt":{"rendered":"<p>Pobolj\u0161ajte performanse prenosa va\u0161ih ma\u0161ina uz Gates Klinasti remen 0100159. Ovo vrhunsko remenje omogu\u0107ava precizan prenos velike snage u svim radnim uslovima. Kreirano od naprednih kompozitnih materijala, Gates Klinasti remen 0100159 obezbe\u0111uje izuzetnu izdr\u017eljivost. Zahvaljuju\u0107i svom preciznoj kalibraciji, ovo remenje pobolj\u0161ava performanse va\u0161ih industrijskih sistema. 9613724A,S0613148,613148,9613724B,517965M1,172360C1,9613724 Case Intl. Harvester 815,Case Intl. Harvester 915 0100159,0100159,9613724A,517965M1,S0613148,9613724,9613724B,613148,172360C1,0100159,Gates Klinasti [&hellip;]<\/p>\n","protected":false},"featured_media":0,"template":"","meta":{"_acf_changed":false},"product_brand":[],"product_cat":[373,378,374,387],"product_tag":[],"class_list":{"0":"post-35783","1":"product","2":"type-product","3":"status-publish","5":"product_cat-remenje","6":"product_cat-klinasti-kais","7":"product_cat-remenje-za-poljoprivredne-masine","8":"product_cat-klasicno-klinasto-remenje","9":"ts_product_brand-gates","11":"first","12":"instock","13":"taxable","14":"shipping-taxable","15":"product-type-simple","16":"add-to-wishlist-after_add_to_cart"},"acf":[],"_links":{"self":[{"href":"https:\/\/remenje.co.rs\/shop\/wp-json\/wp\/v2\/product\/35783","targetHints":{"allow":["GET"]}}],"collection":[{"href":"https:\/\/remenje.co.rs\/shop\/wp-json\/wp\/v2\/product"}],"about":[{"href":"https:\/\/remenje.co.rs\/shop\/wp-json\/wp\/v2\/types\/product"}],"wp:attachment":[{"href":"https:\/\/remenje.co.rs\/shop\/wp-json\/wp\/v2\/media?parent=35783"}],"wp:term":[{"taxonomy":"product_brand","embeddable":true,"href":"https:\/\/remenje.co.rs\/shop\/wp-json\/wp\/v2\/product_brand?post=35783"},{"taxonomy":"product_cat","embeddable":true,"href":"https:\/\/remenje.co.rs\/shop\/wp-json\/wp\/v2\/product_cat?post=35783"},{"taxonomy":"product_tag","embeddable":true,"href":"https:\/\/remenje.co.rs\/shop\/wp-json\/wp\/v2\/product_tag?post=35783"}],"curies":[{"name":"wp","href":"https:\/\/api.w.org\/{rel}","templated":true}]}}