{"id":35814,"date":"2024-09-13T15:04:25","date_gmt":"2024-09-13T15:04:25","guid":{"rendered":"https:\/\/remenje.co.rs\/shop\/proizvod\/remenjeremenje-za-poljoprivredne-strojeveklinasti-kaisklasicno-klinasto-remenje-283\/"},"modified":"2025-01-30T08:39:33","modified_gmt":"2025-01-30T08:39:33","slug":"remenjeremenje-za-poljoprivredne-masineklinasti-kaisklasicno-klinasto-remenje-353","status":"publish","type":"product","link":"https:\/\/remenje.co.rs\/shop\/proizvod\/remenjeremenje-za-poljoprivredne-masineklinasti-kaisklasicno-klinasto-remenje-353\/","title":{"rendered":"Gates Klinasti remen 0100272"},"content":{"rendered":"<p>Unapredite efikasnost prenosa va\u0161ih sistema uz Gates Klinasti remen 0100272. Ovo visokotehnolo\u0161ko remenje obezbe\u0111uje optimalan prenos velike snage u \u0161irokom spektru industrijskih primena. Proizvedeno od vrhunskih materijala, Gates Klinasti remen 0100272 garantuje pouzdanost u ekstremnim uslovima. Zbog svog superiorne prilagodljivosti, ovo remenje je klju\u010dno za optimizaciju rada va\u0161ih industrijskih sistema. 84057085,610842M1 Massey Ferguson 890 Old &#8211; 890S &#8211; 892 Old 0100272,0100272,84057085,610842M1,0100272,Gates Klinasti remen 0100272,84057085,610842M1,0100272,Gates Klinasti remen 0100272,0100272<\/p>\n","protected":false},"excerpt":{"rendered":"<p>Unapredite efikasnost prenosa va\u0161ih sistema uz Gates Klinasti remen 0100272. Ovo visokotehnolo\u0161ko remenje obezbe\u0111uje optimalan prenos velike snage u \u0161irokom spektru industrijskih primena. Proizvedeno od vrhunskih materijala, Gates Klinasti remen 0100272 garantuje pouzdanost u ekstremnim uslovima. Zbog svog superiorne prilagodljivosti, ovo remenje je klju\u010dno za optimizaciju rada va\u0161ih industrijskih sistema. 84057085,610842M1 Massey Ferguson 890 Old [&hellip;]<\/p>\n","protected":false},"featured_media":92154,"template":"","meta":{"_acf_changed":false},"product_brand":[],"product_cat":[373,378,374,387],"product_tag":[],"class_list":{"0":"post-35814","1":"product","2":"type-product","3":"status-publish","4":"has-post-thumbnail","6":"product_cat-remenje","7":"product_cat-klinasti-kais","8":"product_cat-remenje-za-poljoprivredne-masine","9":"product_cat-klasicno-klinasto-remenje","10":"ts_product_brand-gates","12":"first","13":"instock","14":"taxable","15":"shipping-taxable","16":"product-type-simple","17":"add-to-wishlist-after_add_to_cart"},"acf":[],"_links":{"self":[{"href":"https:\/\/remenje.co.rs\/shop\/wp-json\/wp\/v2\/product\/35814","targetHints":{"allow":["GET"]}}],"collection":[{"href":"https:\/\/remenje.co.rs\/shop\/wp-json\/wp\/v2\/product"}],"about":[{"href":"https:\/\/remenje.co.rs\/shop\/wp-json\/wp\/v2\/types\/product"}],"wp:featuredmedia":[{"embeddable":true,"href":"https:\/\/remenje.co.rs\/shop\/wp-json\/wp\/v2\/media\/92154"}],"wp:attachment":[{"href":"https:\/\/remenje.co.rs\/shop\/wp-json\/wp\/v2\/media?parent=35814"}],"wp:term":[{"taxonomy":"product_brand","embeddable":true,"href":"https:\/\/remenje.co.rs\/shop\/wp-json\/wp\/v2\/product_brand?post=35814"},{"taxonomy":"product_cat","embeddable":true,"href":"https:\/\/remenje.co.rs\/shop\/wp-json\/wp\/v2\/product_cat?post=35814"},{"taxonomy":"product_tag","embeddable":true,"href":"https:\/\/remenje.co.rs\/shop\/wp-json\/wp\/v2\/product_tag?post=35814"}],"curies":[{"name":"wp","href":"https:\/\/api.w.org\/{rel}","templated":true}]}}