{"id":35817,"date":"2024-09-13T15:04:26","date_gmt":"2024-09-13T15:04:26","guid":{"rendered":"https:\/\/remenje.co.rs\/shop\/proizvod\/remenjeremenje-za-poljoprivredne-strojeveklinasti-kaisklasicno-klinasto-remenje-286\/"},"modified":"2025-01-14T22:02:26","modified_gmt":"2025-01-14T22:02:26","slug":"remenjeremenje-za-poljoprivredne-masineklinasti-kaisklasicno-klinasto-remenje-356","status":"publish","type":"product","link":"https:\/\/remenje.co.rs\/shop\/proizvod\/remenjeremenje-za-poljoprivredne-masineklinasti-kaisklasicno-klinasto-remenje-356\/","title":{"rendered":"Gates Klinasti remen 0100303"},"content":{"rendered":"<p>Pobolj\u0161ajte energetsku efikasnost va\u0161ih ma\u0161ina uz Gates Klinasti remen 0100303. Ovo vrhunsko remenje omogu\u0107ava optimalno smanjenje vibracija u svim radnim uslovima. Kreirano od visokootpornih materijala, Gates Klinasti remen 0100303 obezbe\u0111uje izuzetnu izdr\u017eljivost. Zahvaljuju\u0107i svom visokoj otpornosti na temperaturu i hemikalije, ovo remenje pobolj\u0161ava performanse va\u0161ih industrijskih sistema. 773015.0,16062841,832526M1,538450 Deutz-Fahr 6095 Hts 0100303,0100303,16062841,773015.0,538450,832526M1,0100303,Gates Klinasti remen 0100303,16062841,773015.0,538450,832526M1,0100303,Gates Klinasti remen 0100303,0100303<\/p>\n","protected":false},"excerpt":{"rendered":"<p>Pobolj\u0161ajte energetsku efikasnost va\u0161ih ma\u0161ina uz Gates Klinasti remen 0100303. Ovo vrhunsko remenje omogu\u0107ava optimalno smanjenje vibracija u svim radnim uslovima. Kreirano od visokootpornih materijala, Gates Klinasti remen 0100303 obezbe\u0111uje izuzetnu izdr\u017eljivost. Zahvaljuju\u0107i svom visokoj otpornosti na temperaturu i hemikalije, ovo remenje pobolj\u0161ava performanse va\u0161ih industrijskih sistema. 773015.0,16062841,832526M1,538450 Deutz-Fahr 6095 Hts 0100303,0100303,16062841,773015.0,538450,832526M1,0100303,Gates Klinasti remen 0100303,16062841,773015.0,538450,832526M1,0100303,Gates [&hellip;]<\/p>\n","protected":false},"featured_media":0,"template":"","meta":{"_acf_changed":false},"product_brand":[],"product_cat":[373,378,374,387],"product_tag":[],"class_list":{"0":"post-35817","1":"product","2":"type-product","3":"status-publish","5":"product_cat-remenje","6":"product_cat-klinasti-kais","7":"product_cat-remenje-za-poljoprivredne-masine","8":"product_cat-klasicno-klinasto-remenje","9":"ts_product_brand-gates","11":"first","12":"instock","13":"taxable","14":"shipping-taxable","15":"product-type-simple","16":"add-to-wishlist-after_add_to_cart"},"acf":[],"_links":{"self":[{"href":"https:\/\/remenje.co.rs\/shop\/wp-json\/wp\/v2\/product\/35817","targetHints":{"allow":["GET"]}}],"collection":[{"href":"https:\/\/remenje.co.rs\/shop\/wp-json\/wp\/v2\/product"}],"about":[{"href":"https:\/\/remenje.co.rs\/shop\/wp-json\/wp\/v2\/types\/product"}],"wp:attachment":[{"href":"https:\/\/remenje.co.rs\/shop\/wp-json\/wp\/v2\/media?parent=35817"}],"wp:term":[{"taxonomy":"product_brand","embeddable":true,"href":"https:\/\/remenje.co.rs\/shop\/wp-json\/wp\/v2\/product_brand?post=35817"},{"taxonomy":"product_cat","embeddable":true,"href":"https:\/\/remenje.co.rs\/shop\/wp-json\/wp\/v2\/product_cat?post=35817"},{"taxonomy":"product_tag","embeddable":true,"href":"https:\/\/remenje.co.rs\/shop\/wp-json\/wp\/v2\/product_tag?post=35817"}],"curies":[{"name":"wp","href":"https:\/\/api.w.org\/{rel}","templated":true}]}}