{"id":35822,"date":"2024-09-13T15:04:30","date_gmt":"2024-09-13T15:04:30","guid":{"rendered":"https:\/\/remenje.co.rs\/shop\/proizvod\/remenjeremenje-za-poljoprivredne-strojeveklinasti-kaisklasicno-klinasto-remenje-291\/"},"modified":"2025-01-14T22:02:30","modified_gmt":"2025-01-14T22:02:30","slug":"remenjeremenje-za-poljoprivredne-masineklinasti-kaisklasicno-klinasto-remenje-361","status":"publish","type":"product","link":"https:\/\/remenje.co.rs\/shop\/proizvod\/remenjeremenje-za-poljoprivredne-masineklinasti-kaisklasicno-klinasto-remenje-361\/","title":{"rendered":"Gates Klinasti remen 0100357"},"content":{"rendered":"<p>Osigurajte optimalne performanse va\u0161ih ma\u0161ina uz Gates Klinasti remen 0100357. Ovo izdr\u017eljivo remenje je dizajnirano za preciznu sinhronizaciju u razli\u010ditim industrijskim aplikacijama. Izra\u0111eno od naprednih materijala, Gates Klinasti remen 0100357 pru\u017ea superiornu izdr\u017eljivost u zahtevnim radnim uslovima. Zahvaljuju\u0107i svom jedinstvenom profilu, ovo remenje pobolj\u0161ava efikasnost va\u0161ih ma\u0161ina i opreme. 80457309,457309,41916800,D-41916800 0100357,0100357,41916800,457309,80457309,D-41916800,0100357,Gates Klinasti remen 0100357,41916800,457309,80457309,D-41916800,0100357,Gates Klinasti remen 0100357,0100357<\/p>\n","protected":false},"excerpt":{"rendered":"<p>Osigurajte optimalne performanse va\u0161ih ma\u0161ina uz Gates Klinasti remen 0100357. Ovo izdr\u017eljivo remenje je dizajnirano za preciznu sinhronizaciju u razli\u010ditim industrijskim aplikacijama. Izra\u0111eno od naprednih materijala, Gates Klinasti remen 0100357 pru\u017ea superiornu izdr\u017eljivost u zahtevnim radnim uslovima. Zahvaljuju\u0107i svom jedinstvenom profilu, ovo remenje pobolj\u0161ava efikasnost va\u0161ih ma\u0161ina i opreme. 80457309,457309,41916800,D-41916800 0100357,0100357,41916800,457309,80457309,D-41916800,0100357,Gates Klinasti remen 0100357,41916800,457309,80457309,D-41916800,0100357,Gates Klinasti [&hellip;]<\/p>\n","protected":false},"featured_media":0,"template":"","meta":{"_acf_changed":false},"product_brand":[],"product_cat":[373,378,374,387],"product_tag":[],"class_list":{"0":"post-35822","1":"product","2":"type-product","3":"status-publish","5":"product_cat-remenje","6":"product_cat-klinasti-kais","7":"product_cat-remenje-za-poljoprivredne-masine","8":"product_cat-klasicno-klinasto-remenje","9":"ts_product_brand-gates","11":"first","12":"instock","13":"taxable","14":"shipping-taxable","15":"product-type-simple","16":"add-to-wishlist-after_add_to_cart"},"acf":[],"_links":{"self":[{"href":"https:\/\/remenje.co.rs\/shop\/wp-json\/wp\/v2\/product\/35822","targetHints":{"allow":["GET"]}}],"collection":[{"href":"https:\/\/remenje.co.rs\/shop\/wp-json\/wp\/v2\/product"}],"about":[{"href":"https:\/\/remenje.co.rs\/shop\/wp-json\/wp\/v2\/types\/product"}],"wp:attachment":[{"href":"https:\/\/remenje.co.rs\/shop\/wp-json\/wp\/v2\/media?parent=35822"}],"wp:term":[{"taxonomy":"product_brand","embeddable":true,"href":"https:\/\/remenje.co.rs\/shop\/wp-json\/wp\/v2\/product_brand?post=35822"},{"taxonomy":"product_cat","embeddable":true,"href":"https:\/\/remenje.co.rs\/shop\/wp-json\/wp\/v2\/product_cat?post=35822"},{"taxonomy":"product_tag","embeddable":true,"href":"https:\/\/remenje.co.rs\/shop\/wp-json\/wp\/v2\/product_tag?post=35822"}],"curies":[{"name":"wp","href":"https:\/\/api.w.org\/{rel}","templated":true}]}}