{"id":35827,"date":"2024-09-13T15:04:34","date_gmt":"2024-09-13T15:04:34","guid":{"rendered":"https:\/\/remenje.co.rs\/shop\/proizvod\/remenjeremenje-za-poljoprivredne-strojeveklinasti-kaisklasicno-klinasto-remenje-296\/"},"modified":"2025-01-30T08:39:37","modified_gmt":"2025-01-30T08:39:37","slug":"remenjeremenje-za-poljoprivredne-masineklinasti-kaisklasicno-klinasto-remenje-366","status":"publish","type":"product","link":"https:\/\/remenje.co.rs\/shop\/proizvod\/remenjeremenje-za-poljoprivredne-masineklinasti-kaisklasicno-klinasto-remenje-366\/","title":{"rendered":"Gates Klinasti remen 0172195"},"content":{"rendered":"<p>Pobolj\u0161ajte pouzdanost opreme va\u0161ih ma\u0161ina uz Gates Klinasti remen 0172195. Ovo vrhunsko remenje omogu\u0107ava optimalno smanjenje vibracija u svim radnim uslovima. Kreirano od naprednih kompozitnih materijala, Gates Klinasti remen 0172195 obezbe\u0111uje optimalnu efikasnost prenosa. Zahvaljuju\u0107i svom preciznoj kalibraciji, ovo remenje osigurava tiho i efikasno funkcionisanje va\u0161ih industrijskih sistema. 9835878,1443921X1,D8NN-10C318-BA,41903400,7543008,255402A1,83913921,D7NN-10C318-A,83949803,D8NN10C318BA,E4NN-10C318-AA,D7NN10C318A,E4NN10C318AA,0113 9204,3760,399480R1,48878D,1139204,704449R1,86514615,61083C1 0172195,0172195,61083C1,9835878,1139204,41903400,704449R1,83913921,255402A1,0113 9204,3760,86514615,E4NN10C318AA,399480R1,83949803,E4NN-10C318-AA,48878D,D8NN10C318BA,D7NN-10C318-A,7543008,D7NN10C318A,D8NN-10C318-BA,1443921X1,0172195,Gates Klinasti remen 0172195,61083C1,9835878,1139204,41903400,704449R1,83913921,255402A1,0113 9204,3760,86514615,E4NN10C318AA,399480R1,83949803,E4NN-10C318-AA,48878D,D8NN10C318BA,D7NN-10C318-A,7543008,D7NN10C318A,D8NN-10C318-BA,1443921X1,0172195,Gates Klinasti remen 0172195,0172195<\/p>\n","protected":false},"excerpt":{"rendered":"<p>Pobolj\u0161ajte pouzdanost opreme va\u0161ih ma\u0161ina uz Gates Klinasti remen 0172195. Ovo vrhunsko remenje omogu\u0107ava optimalno smanjenje vibracija u svim radnim uslovima. Kreirano od naprednih kompozitnih materijala, Gates Klinasti remen 0172195 obezbe\u0111uje optimalnu efikasnost prenosa. Zahvaljuju\u0107i svom preciznoj kalibraciji, ovo remenje osigurava tiho i efikasno funkcionisanje va\u0161ih industrijskih sistema. 9835878,1443921X1,D8NN-10C318-BA,41903400,7543008,255402A1,83913921,D7NN-10C318-A,83949803,D8NN10C318BA,E4NN-10C318-AA,D7NN10C318A,E4NN10C318AA,0113 9204,3760,399480R1,48878D,1139204,704449R1,86514615,61083C1 0172195,0172195,61083C1,9835878,1139204,41903400,704449R1,83913921,255402A1,0113 9204,3760,86514615,E4NN10C318AA,399480R1,83949803,E4NN-10C318-AA,48878D,D8NN10C318BA,D7NN-10C318-A,7543008,D7NN10C318A,D8NN-10C318-BA,1443921X1,0172195,Gates Klinasti remen 0172195,61083C1,9835878,1139204,41903400,704449R1,83913921,255402A1,0113 [&hellip;]<\/p>\n","protected":false},"featured_media":92119,"template":"","meta":{"_acf_changed":false},"product_brand":[],"product_cat":[373,378,374,387],"product_tag":[],"class_list":{"0":"post-35827","1":"product","2":"type-product","3":"status-publish","4":"has-post-thumbnail","6":"product_cat-remenje","7":"product_cat-klinasti-kais","8":"product_cat-remenje-za-poljoprivredne-masine","9":"product_cat-klasicno-klinasto-remenje","10":"ts_product_brand-gates","12":"first","13":"instock","14":"taxable","15":"shipping-taxable","16":"product-type-simple","17":"add-to-wishlist-after_add_to_cart"},"acf":[],"_links":{"self":[{"href":"https:\/\/remenje.co.rs\/shop\/wp-json\/wp\/v2\/product\/35827","targetHints":{"allow":["GET"]}}],"collection":[{"href":"https:\/\/remenje.co.rs\/shop\/wp-json\/wp\/v2\/product"}],"about":[{"href":"https:\/\/remenje.co.rs\/shop\/wp-json\/wp\/v2\/types\/product"}],"wp:featuredmedia":[{"embeddable":true,"href":"https:\/\/remenje.co.rs\/shop\/wp-json\/wp\/v2\/media\/92119"}],"wp:attachment":[{"href":"https:\/\/remenje.co.rs\/shop\/wp-json\/wp\/v2\/media?parent=35827"}],"wp:term":[{"taxonomy":"product_brand","embeddable":true,"href":"https:\/\/remenje.co.rs\/shop\/wp-json\/wp\/v2\/product_brand?post=35827"},{"taxonomy":"product_cat","embeddable":true,"href":"https:\/\/remenje.co.rs\/shop\/wp-json\/wp\/v2\/product_cat?post=35827"},{"taxonomy":"product_tag","embeddable":true,"href":"https:\/\/remenje.co.rs\/shop\/wp-json\/wp\/v2\/product_tag?post=35827"}],"curies":[{"name":"wp","href":"https:\/\/api.w.org\/{rel}","templated":true}]}}