{"id":35828,"date":"2024-09-13T15:04:36","date_gmt":"2024-09-13T15:04:36","guid":{"rendered":"https:\/\/remenje.co.rs\/shop\/proizvod\/remenjeremenje-za-poljoprivredne-strojeveklinasti-kaisklasicno-klinasto-remenje-297\/"},"modified":"2025-01-14T22:02:35","modified_gmt":"2025-01-14T22:02:35","slug":"remenjeremenje-za-poljoprivredne-masineklinasti-kaisklasicno-klinasto-remenje-367","status":"publish","type":"product","link":"https:\/\/remenje.co.rs\/shop\/proizvod\/remenjeremenje-za-poljoprivredne-masineklinasti-kaisklasicno-klinasto-remenje-367\/","title":{"rendered":"Gates Klinasti remen 0100057"},"content":{"rendered":"<p>Pobolj\u0161ajte performanse prenosa va\u0161ih ma\u0161ina uz Gates Klinasti remen 0100057. Ovo vrhunsko remenje omogu\u0107ava precizan prenos velike snage u svim radnim uslovima. Kreirano od tehnolo\u0161ki naprednih materijala, Gates Klinasti remen 0100057 obezbe\u0111uje superiornu fleksibilnost. Zahvaljuju\u0107i svom preciznoj kalibraciji, ovo remenje pobolj\u0161ava performanse va\u0161ih industrijskih sistema. 088-002215-2.071,8,80022E+11,84024926,514132M1,41903000,D-41903000 Dronningborg D 900 &#8211; D950 0100057,0100057,514132M1,41903000,088-002215-2.071,D-41903000,880022152071,84024926,Gates Klinasti remen 0100057,0100057,514132M1,41903000,088-002215-2.071,D-41903000,880022152071,84024926,0100057,Gates Klinasti remen 0100057,0100057<\/p>\n","protected":false},"excerpt":{"rendered":"<p>Pobolj\u0161ajte performanse prenosa va\u0161ih ma\u0161ina uz Gates Klinasti remen 0100057. Ovo vrhunsko remenje omogu\u0107ava precizan prenos velike snage u svim radnim uslovima. Kreirano od tehnolo\u0161ki naprednih materijala, Gates Klinasti remen 0100057 obezbe\u0111uje superiornu fleksibilnost. Zahvaljuju\u0107i svom preciznoj kalibraciji, ovo remenje pobolj\u0161ava performanse va\u0161ih industrijskih sistema. 088-002215-2.071,8,80022E+11,84024926,514132M1,41903000,D-41903000 Dronningborg D 900 &#8211; D950 0100057,0100057,514132M1,41903000,088-002215-2.071,D-41903000,880022152071,84024926,Gates Klinasti remen 0100057,0100057,514132M1,41903000,088-002215-2.071,D-41903000,880022152071,84024926,0100057,Gates [&hellip;]<\/p>\n","protected":false},"featured_media":0,"template":"","meta":{"_acf_changed":false},"product_brand":[],"product_cat":[373,378,374,387],"product_tag":[],"class_list":{"0":"post-35828","1":"product","2":"type-product","3":"status-publish","5":"product_cat-remenje","6":"product_cat-klinasti-kais","7":"product_cat-remenje-za-poljoprivredne-masine","8":"product_cat-klasicno-klinasto-remenje","9":"ts_product_brand-gates","11":"first","12":"instock","13":"taxable","14":"shipping-taxable","15":"product-type-simple","16":"add-to-wishlist-after_add_to_cart"},"acf":[],"_links":{"self":[{"href":"https:\/\/remenje.co.rs\/shop\/wp-json\/wp\/v2\/product\/35828","targetHints":{"allow":["GET"]}}],"collection":[{"href":"https:\/\/remenje.co.rs\/shop\/wp-json\/wp\/v2\/product"}],"about":[{"href":"https:\/\/remenje.co.rs\/shop\/wp-json\/wp\/v2\/types\/product"}],"wp:attachment":[{"href":"https:\/\/remenje.co.rs\/shop\/wp-json\/wp\/v2\/media?parent=35828"}],"wp:term":[{"taxonomy":"product_brand","embeddable":true,"href":"https:\/\/remenje.co.rs\/shop\/wp-json\/wp\/v2\/product_brand?post=35828"},{"taxonomy":"product_cat","embeddable":true,"href":"https:\/\/remenje.co.rs\/shop\/wp-json\/wp\/v2\/product_cat?post=35828"},{"taxonomy":"product_tag","embeddable":true,"href":"https:\/\/remenje.co.rs\/shop\/wp-json\/wp\/v2\/product_tag?post=35828"}],"curies":[{"name":"wp","href":"https:\/\/api.w.org\/{rel}","templated":true}]}}