{"id":35844,"date":"2024-09-13T15:04:50","date_gmt":"2024-09-13T15:04:50","guid":{"rendered":"https:\/\/remenje.co.rs\/shop\/proizvod\/remenjeremenje-za-poljoprivredne-strojeveklinasti-kaisklasicno-klinasto-remenje-313\/"},"modified":"2025-01-14T22:02:48","modified_gmt":"2025-01-14T22:02:48","slug":"remenjeremenje-za-poljoprivredne-masineklinasti-kaisklasicno-klinasto-remenje-383","status":"publish","type":"product","link":"https:\/\/remenje.co.rs\/shop\/proizvod\/remenjeremenje-za-poljoprivredne-masineklinasti-kaisklasicno-klinasto-remenje-383\/","title":{"rendered":"Gates Klinasti remen 0117132"},"content":{"rendered":"<p>Pobolj\u0161ajte pouzdanost opreme va\u0161ih ma\u0161ina uz Gates Klinasti remen 0117132. Ovo specijalizovano remenje omogu\u0107ava maksimalnu iskori\u0161\u0107enost pogonske energije u svim radnim uslovima. Kreirano od naprednih kompozitnih materijala, Gates Klinasti remen 0117132 obezbe\u0111uje izuzetnu izdr\u017eljivost. Zahvaljuju\u0107i svom preciznoj kalibraciji, ovo remenje osigurava tiho i efikasno funkcionisanje va\u0161ih industrijskih sistema. 8,80078E+11,179206,53075900020\/03,S0613124,49906300,20002124,20001731,D-49906300,613124,088-007753-3.134,088-007753-4.135 Massey Ferguson 20 0117132,0117132,088-007753-4.135,20001731,53075900020\/03,179206.0,49906300,613124,880077534135,S0613124,20002124,880077533134,D-49906300,088-007753-3.134,Gates Klinasti remen 0117132,0117132,088-007753-4.135,20001731,53075900020\/03,179206.0,49906300,613124,880077534135,S0613124,20002124,880077533134,D-49906300,088-007753-3.134,0117132,Gates Klinasti remen 0117132,0117132<\/p>\n","protected":false},"excerpt":{"rendered":"<p>Pobolj\u0161ajte pouzdanost opreme va\u0161ih ma\u0161ina uz Gates Klinasti remen 0117132. Ovo specijalizovano remenje omogu\u0107ava maksimalnu iskori\u0161\u0107enost pogonske energije u svim radnim uslovima. Kreirano od naprednih kompozitnih materijala, Gates Klinasti remen 0117132 obezbe\u0111uje izuzetnu izdr\u017eljivost. Zahvaljuju\u0107i svom preciznoj kalibraciji, ovo remenje osigurava tiho i efikasno funkcionisanje va\u0161ih industrijskih sistema. 8,80078E+11,179206,53075900020\/03,S0613124,49906300,20002124,20001731,D-49906300,613124,088-007753-3.134,088-007753-4.135 Massey Ferguson 20 0117132,0117132,088-007753-4.135,20001731,53075900020\/03,179206.0,49906300,613124,880077534135,S0613124,20002124,880077533134,D-49906300,088-007753-3.134,Gates Klinasti remen [&hellip;]<\/p>\n","protected":false},"featured_media":0,"template":"","meta":{"_acf_changed":false},"product_brand":[],"product_cat":[373,378,374,387],"product_tag":[],"class_list":{"0":"post-35844","1":"product","2":"type-product","3":"status-publish","5":"product_cat-remenje","6":"product_cat-klinasti-kais","7":"product_cat-remenje-za-poljoprivredne-masine","8":"product_cat-klasicno-klinasto-remenje","9":"ts_product_brand-gates","11":"first","12":"instock","13":"taxable","14":"shipping-taxable","15":"product-type-simple","16":"add-to-wishlist-after_add_to_cart"},"acf":[],"_links":{"self":[{"href":"https:\/\/remenje.co.rs\/shop\/wp-json\/wp\/v2\/product\/35844","targetHints":{"allow":["GET"]}}],"collection":[{"href":"https:\/\/remenje.co.rs\/shop\/wp-json\/wp\/v2\/product"}],"about":[{"href":"https:\/\/remenje.co.rs\/shop\/wp-json\/wp\/v2\/types\/product"}],"wp:attachment":[{"href":"https:\/\/remenje.co.rs\/shop\/wp-json\/wp\/v2\/media?parent=35844"}],"wp:term":[{"taxonomy":"product_brand","embeddable":true,"href":"https:\/\/remenje.co.rs\/shop\/wp-json\/wp\/v2\/product_brand?post=35844"},{"taxonomy":"product_cat","embeddable":true,"href":"https:\/\/remenje.co.rs\/shop\/wp-json\/wp\/v2\/product_cat?post=35844"},{"taxonomy":"product_tag","embeddable":true,"href":"https:\/\/remenje.co.rs\/shop\/wp-json\/wp\/v2\/product_tag?post=35844"}],"curies":[{"name":"wp","href":"https:\/\/api.w.org\/{rel}","templated":true}]}}