{"id":35848,"date":"2024-09-13T15:04:53","date_gmt":"2024-09-13T15:04:53","guid":{"rendered":"https:\/\/remenje.co.rs\/shop\/proizvod\/remenjeremenje-za-poljoprivredne-strojeveklinasti-kaisklasicno-klinasto-remenje-317\/"},"modified":"2025-01-14T22:02:51","modified_gmt":"2025-01-14T22:02:51","slug":"remenjeremenje-za-poljoprivredne-masineklinasti-kaisklasicno-klinasto-remenje-387","status":"publish","type":"product","link":"https:\/\/remenje.co.rs\/shop\/proizvod\/remenjeremenje-za-poljoprivredne-masineklinasti-kaisklasicno-klinasto-remenje-387\/","title":{"rendered":"Gates Klinasti remen 0101085"},"content":{"rendered":"<p>Osigurajte dugotrajnost va\u0161ih ma\u0161ina uz Gates Klinasti remen 0101085. Ovo fleksibilno remenje je dizajnirano za smanjenje proklizavanja u razli\u010ditim industrijskim aplikacijama. Izra\u0111eno od otpornih materijala, Gates Klinasti remen 0101085 pru\u017ea visoku otpornost na habanje u zahtevnim radnim uslovima. Zahvaljuju\u0107i svom preciznoj izradi, ovo remenje pobolj\u0161ava efikasnost va\u0161ih ma\u0161ina i opreme. 620050M1,1116080,753797,750624,9700-11593,84214719,HB-1060,17X1060,N154412,750296,PF55393,605637M91 Epple Mobil 940 0101085,0101085,9700-11593,17X1060,PF55393,620050M1,1116080,605637M91,N154412,753797,84214719,HB-1060,750624.0,750296.0,0101085,Gates Klinasti remen 0101085,9700-11593,17X1060,PF55393,620050M1,1116080,605637M91,N154412,753797,84214719,HB-1060,750624.0,750296.0,0101085,Gates Klinasti remen 0101085,0101085<\/p>\n","protected":false},"excerpt":{"rendered":"<p>Osigurajte dugotrajnost va\u0161ih ma\u0161ina uz Gates Klinasti remen 0101085. Ovo fleksibilno remenje je dizajnirano za smanjenje proklizavanja u razli\u010ditim industrijskim aplikacijama. Izra\u0111eno od otpornih materijala, Gates Klinasti remen 0101085 pru\u017ea visoku otpornost na habanje u zahtevnim radnim uslovima. Zahvaljuju\u0107i svom preciznoj izradi, ovo remenje pobolj\u0161ava efikasnost va\u0161ih ma\u0161ina i opreme. 620050M1,1116080,753797,750624,9700-11593,84214719,HB-1060,17X1060,N154412,750296,PF55393,605637M91 Epple Mobil 940 0101085,0101085,9700-11593,17X1060,PF55393,620050M1,1116080,605637M91,N154412,753797,84214719,HB-1060,750624.0,750296.0,0101085,Gates [&hellip;]<\/p>\n","protected":false},"featured_media":0,"template":"","meta":{"_acf_changed":false},"product_brand":[],"product_cat":[373,378,374,387],"product_tag":[],"class_list":{"0":"post-35848","1":"product","2":"type-product","3":"status-publish","5":"product_cat-remenje","6":"product_cat-klinasti-kais","7":"product_cat-remenje-za-poljoprivredne-masine","8":"product_cat-klasicno-klinasto-remenje","9":"ts_product_brand-gates","11":"first","12":"instock","13":"taxable","14":"shipping-taxable","15":"product-type-simple","16":"add-to-wishlist-after_add_to_cart"},"acf":[],"_links":{"self":[{"href":"https:\/\/remenje.co.rs\/shop\/wp-json\/wp\/v2\/product\/35848","targetHints":{"allow":["GET"]}}],"collection":[{"href":"https:\/\/remenje.co.rs\/shop\/wp-json\/wp\/v2\/product"}],"about":[{"href":"https:\/\/remenje.co.rs\/shop\/wp-json\/wp\/v2\/types\/product"}],"wp:attachment":[{"href":"https:\/\/remenje.co.rs\/shop\/wp-json\/wp\/v2\/media?parent=35848"}],"wp:term":[{"taxonomy":"product_brand","embeddable":true,"href":"https:\/\/remenje.co.rs\/shop\/wp-json\/wp\/v2\/product_brand?post=35848"},{"taxonomy":"product_cat","embeddable":true,"href":"https:\/\/remenje.co.rs\/shop\/wp-json\/wp\/v2\/product_cat?post=35848"},{"taxonomy":"product_tag","embeddable":true,"href":"https:\/\/remenje.co.rs\/shop\/wp-json\/wp\/v2\/product_tag?post=35848"}],"curies":[{"name":"wp","href":"https:\/\/api.w.org\/{rel}","templated":true}]}}