{"id":35850,"date":"2024-09-13T15:04:54","date_gmt":"2024-09-13T15:04:54","guid":{"rendered":"https:\/\/remenje.co.rs\/shop\/proizvod\/remenjeremenje-za-poljoprivredne-strojeveklinasti-kaisklasicno-klinasto-remenje-319\/"},"modified":"2025-01-14T22:02:52","modified_gmt":"2025-01-14T22:02:52","slug":"remenjeremenje-za-poljoprivredne-masineklinasti-kaisklasicno-klinasto-remenje-389","status":"publish","type":"product","link":"https:\/\/remenje.co.rs\/shop\/proizvod\/remenjeremenje-za-poljoprivredne-masineklinasti-kaisklasicno-klinasto-remenje-389\/","title":{"rendered":"Gates Klinasti remen 0101088"},"content":{"rendered":"<p>Pobolj\u0161ajte energetsku efikasnost va\u0161ih ma\u0161ina uz Gates Klinasti remen 0101088. Ovo visokoperformansno remenje omogu\u0107ava precizan prenos velike snage u svim radnim uslovima. Kreirano od naprednih kompozitnih materijala, Gates Klinasti remen 0101088 obezbe\u0111uje optimalnu efikasnost prenosa. Zahvaljuju\u0107i svom visokoj otpornosti na temperaturu i hemikalije, ovo remenje pobolj\u0161ava performanse va\u0161ih industrijskih sistema. B95.02108,84214729,E78277,AZ43805,17X1090,088-002215-3.110,644045,B9502108,2612630,41962600,345013R1,41924200,8,80022E+11,856542,35124A,D-41924200,6210881 0101088,0101088,41924200,D-41924200,644045,B95.02108,AZ43805,856542,2612630,345013R1,E78277,880022153110,41962600,B9502108,6210881,84214729,35124A,088-002215-3.110,17X1090,Gates Klinasti remen 0101088,0101088,41924200,D-41924200,644045,B95.02108,AZ43805,856542,2612630,345013R1,E78277,880022153110,41962600,B9502108,6210881,84214729,35124A,088-002215-3.110,17X1090,0101088,Gates Klinasti remen 0101088,0101088<\/p>\n","protected":false},"excerpt":{"rendered":"<p>Pobolj\u0161ajte energetsku efikasnost va\u0161ih ma\u0161ina uz Gates Klinasti remen 0101088. Ovo visokoperformansno remenje omogu\u0107ava precizan prenos velike snage u svim radnim uslovima. Kreirano od naprednih kompozitnih materijala, Gates Klinasti remen 0101088 obezbe\u0111uje optimalnu efikasnost prenosa. Zahvaljuju\u0107i svom visokoj otpornosti na temperaturu i hemikalije, ovo remenje pobolj\u0161ava performanse va\u0161ih industrijskih sistema. B95.02108,84214729,E78277,AZ43805,17X1090,088-002215-3.110,644045,B9502108,2612630,41962600,345013R1,41924200,8,80022E+11,856542,35124A,D-41924200,6210881 0101088,0101088,41924200,D-41924200,644045,B95.02108,AZ43805,856542,2612630,345013R1,E78277,880022153110,41962600,B9502108,6210881,84214729,35124A,088-002215-3.110,17X1090,Gates Klinasti remen 0101088,0101088,41924200,D-41924200,644045,B95.02108,AZ43805,856542,2612630,345013R1,E78277,880022153110,41962600,B9502108,6210881,84214729,35124A,088-002215-3.110,17X1090,0101088,Gates [&hellip;]<\/p>\n","protected":false},"featured_media":0,"template":"","meta":{"_acf_changed":false},"product_brand":[],"product_cat":[373,378,374,387],"product_tag":[],"class_list":{"0":"post-35850","1":"product","2":"type-product","3":"status-publish","5":"product_cat-remenje","6":"product_cat-klinasti-kais","7":"product_cat-remenje-za-poljoprivredne-masine","8":"product_cat-klasicno-klinasto-remenje","9":"ts_product_brand-gates","11":"first","12":"instock","13":"taxable","14":"shipping-taxable","15":"product-type-simple","16":"add-to-wishlist-after_add_to_cart"},"acf":[],"_links":{"self":[{"href":"https:\/\/remenje.co.rs\/shop\/wp-json\/wp\/v2\/product\/35850","targetHints":{"allow":["GET"]}}],"collection":[{"href":"https:\/\/remenje.co.rs\/shop\/wp-json\/wp\/v2\/product"}],"about":[{"href":"https:\/\/remenje.co.rs\/shop\/wp-json\/wp\/v2\/types\/product"}],"wp:attachment":[{"href":"https:\/\/remenje.co.rs\/shop\/wp-json\/wp\/v2\/media?parent=35850"}],"wp:term":[{"taxonomy":"product_brand","embeddable":true,"href":"https:\/\/remenje.co.rs\/shop\/wp-json\/wp\/v2\/product_brand?post=35850"},{"taxonomy":"product_cat","embeddable":true,"href":"https:\/\/remenje.co.rs\/shop\/wp-json\/wp\/v2\/product_cat?post=35850"},{"taxonomy":"product_tag","embeddable":true,"href":"https:\/\/remenje.co.rs\/shop\/wp-json\/wp\/v2\/product_tag?post=35850"}],"curies":[{"name":"wp","href":"https:\/\/api.w.org\/{rel}","templated":true}]}}