{"id":35854,"date":"2024-09-13T15:04:58","date_gmt":"2024-09-13T15:04:58","guid":{"rendered":"https:\/\/remenje.co.rs\/shop\/proizvod\/remenjeremenje-za-poljoprivredne-strojeveklinasti-kaisklasicno-klinasto-remenje-323\/"},"modified":"2025-01-30T08:39:43","modified_gmt":"2025-01-30T08:39:43","slug":"remenjeremenje-za-poljoprivredne-masineklinasti-kaisklasicno-klinasto-remenje-393","status":"publish","type":"product","link":"https:\/\/remenje.co.rs\/shop\/proizvod\/remenjeremenje-za-poljoprivredne-masineklinasti-kaisklasicno-klinasto-remenje-393\/","title":{"rendered":"Gates Klinasti remen 0101099"},"content":{"rendered":"<p>Pobolj\u0161ajte performanse prenosa va\u0161ih ma\u0161ina uz Gates Klinasti remen 0101099. Ovo specijalizovano remenje omogu\u0107ava maksimalnu iskori\u0161\u0107enost pogonske energije u svim radnim uslovima. Kreirano od tehnolo\u0161ki naprednih materijala, Gates Klinasti remen 0101099 obezbe\u0111uje optimalnu efikasnost prenosa. Zahvaljuju\u0107i svom visokoj otpornosti na temperaturu i hemikalije, ovo remenje pobolj\u0161ava performanse va\u0161ih industrijskih sistema. 306658R1,240575M2,417797M1,700704407B,767057.1,418900M1,767057,834492M2,1616447M1,402604M2,621262M1,834492M1,9842162,761057.1,340432239,761057,920018710,233950M1,1616477M1,700704407A,GXB24370,306910R1 Massey Ferguson 530 &#8211; 535 0101099,0101099,9842162,233950M1,417797M1,834492M1,340432239,418900M1,834492M2,767057.1,402604M2,621262M1,GXB24370,761057.1,306658R1,700704407B,761057.0,306910R1,1616447M1,1616477M1,700704407A,767057.0,240575M2,920018710,0101099,Gates Klinasti remen 0101099,9842162,233950M1,417797M1,834492M1,340432239,418900M1,834492M2,767057.1,402604M2,621262M1,GXB24370,761057.1,306658R1,700704407B,761057.0,306910R1,1616447M1,1616477M1,700704407A,767057.0,240575M2,920018710,0101099,Gates Klinasti remen 0101099,0101099<\/p>\n","protected":false},"excerpt":{"rendered":"<p>Pobolj\u0161ajte performanse prenosa va\u0161ih ma\u0161ina uz Gates Klinasti remen 0101099. Ovo specijalizovano remenje omogu\u0107ava maksimalnu iskori\u0161\u0107enost pogonske energije u svim radnim uslovima. Kreirano od tehnolo\u0161ki naprednih materijala, Gates Klinasti remen 0101099 obezbe\u0111uje optimalnu efikasnost prenosa. Zahvaljuju\u0107i svom visokoj otpornosti na temperaturu i hemikalije, ovo remenje pobolj\u0161ava performanse va\u0161ih industrijskih sistema. 306658R1,240575M2,417797M1,700704407B,767057.1,418900M1,767057,834492M2,1616447M1,402604M2,621262M1,834492M1,9842162,761057.1,340432239,761057,920018710,233950M1,1616477M1,700704407A,GXB24370,306910R1 Massey Ferguson 530 &#8211; [&hellip;]<\/p>\n","protected":false},"featured_media":92151,"template":"","meta":{"_acf_changed":false},"product_brand":[],"product_cat":[373,378,374,387],"product_tag":[],"class_list":{"0":"post-35854","1":"product","2":"type-product","3":"status-publish","4":"has-post-thumbnail","6":"product_cat-remenje","7":"product_cat-klinasti-kais","8":"product_cat-remenje-za-poljoprivredne-masine","9":"product_cat-klasicno-klinasto-remenje","10":"ts_product_brand-gates","12":"first","13":"instock","14":"taxable","15":"shipping-taxable","16":"product-type-simple","17":"add-to-wishlist-after_add_to_cart"},"acf":[],"_links":{"self":[{"href":"https:\/\/remenje.co.rs\/shop\/wp-json\/wp\/v2\/product\/35854","targetHints":{"allow":["GET"]}}],"collection":[{"href":"https:\/\/remenje.co.rs\/shop\/wp-json\/wp\/v2\/product"}],"about":[{"href":"https:\/\/remenje.co.rs\/shop\/wp-json\/wp\/v2\/types\/product"}],"wp:featuredmedia":[{"embeddable":true,"href":"https:\/\/remenje.co.rs\/shop\/wp-json\/wp\/v2\/media\/92151"}],"wp:attachment":[{"href":"https:\/\/remenje.co.rs\/shop\/wp-json\/wp\/v2\/media?parent=35854"}],"wp:term":[{"taxonomy":"product_brand","embeddable":true,"href":"https:\/\/remenje.co.rs\/shop\/wp-json\/wp\/v2\/product_brand?post=35854"},{"taxonomy":"product_cat","embeddable":true,"href":"https:\/\/remenje.co.rs\/shop\/wp-json\/wp\/v2\/product_cat?post=35854"},{"taxonomy":"product_tag","embeddable":true,"href":"https:\/\/remenje.co.rs\/shop\/wp-json\/wp\/v2\/product_tag?post=35854"}],"curies":[{"name":"wp","href":"https:\/\/api.w.org\/{rel}","templated":true}]}}