{"id":35861,"date":"2024-09-13T15:05:03","date_gmt":"2024-09-13T15:05:03","guid":{"rendered":"https:\/\/remenje.co.rs\/shop\/proizvod\/remenjeremenje-za-poljoprivredne-strojeveklinasti-kaisklasicno-klinasto-remenje-330\/"},"modified":"2025-01-14T22:03:02","modified_gmt":"2025-01-14T22:03:02","slug":"remenjeremenje-za-poljoprivredne-masineklinasti-kaisklasicno-klinasto-remenje-400","status":"publish","type":"product","link":"https:\/\/remenje.co.rs\/shop\/proizvod\/remenjeremenje-za-poljoprivredne-masineklinasti-kaisklasicno-klinasto-remenje-400\/","title":{"rendered":"Gates Klinasti remen 0101105"},"content":{"rendered":"<p>Osigurajte pouzdan prenos snage va\u0161ih ma\u0161ina uz Gates Klinasti remen 0101105. Ovo izdr\u017eljivo remenje je dizajnirano za preciznu sinhronizaciju u razli\u010ditim industrijskim aplikacijama. Izra\u0111eno od naprednih materijala, Gates Klinasti remen 0101105 pru\u017ea superiornu izdr\u017eljivost u zahtevnim radnim uslovima. Zahvaljuju\u0107i svom jedinstvenom profilu, ovo remenje pobolj\u0161ava efikasnost va\u0161ih ma\u0161ina i opreme. 17X1320,532011,0070079,41925300,70079,N150864,501802.1,D-41925300,4607107,N129955,532011.1,324872M1,0111 6089,501802,6201028,1116089 0101105,0101105,70079,6201028,324872M1,532011.0,D-41925300,N129955,532011.1,N150864,17X1320,501802.1,501802.0,1116089,0111 6089,41925300,0070079,4607107,0101105,Gates Klinasti remen 0101105,70079,6201028,324872M1,532011.0,D-41925300,N129955,532011.1,N150864,17X1320,501802.1,501802.0,1116089,0111 6089,41925300,0070079,4607107,0101105,Gates Klinasti remen 0101105,0101105<\/p>\n","protected":false},"excerpt":{"rendered":"<p>Osigurajte pouzdan prenos snage va\u0161ih ma\u0161ina uz Gates Klinasti remen 0101105. Ovo izdr\u017eljivo remenje je dizajnirano za preciznu sinhronizaciju u razli\u010ditim industrijskim aplikacijama. Izra\u0111eno od naprednih materijala, Gates Klinasti remen 0101105 pru\u017ea superiornu izdr\u017eljivost u zahtevnim radnim uslovima. Zahvaljuju\u0107i svom jedinstvenom profilu, ovo remenje pobolj\u0161ava efikasnost va\u0161ih ma\u0161ina i opreme. 17X1320,532011,0070079,41925300,70079,N150864,501802.1,D-41925300,4607107,N129955,532011.1,324872M1,0111 6089,501802,6201028,1116089 0101105,0101105,70079,6201028,324872M1,532011.0,D-41925300,N129955,532011.1,N150864,17X1320,501802.1,501802.0,1116089,0111 6089,41925300,0070079,4607107,0101105,Gates Klinasti [&hellip;]<\/p>\n","protected":false},"featured_media":0,"template":"","meta":{"_acf_changed":false},"product_brand":[],"product_cat":[373,378,374,387],"product_tag":[],"class_list":{"0":"post-35861","1":"product","2":"type-product","3":"status-publish","5":"product_cat-remenje","6":"product_cat-klinasti-kais","7":"product_cat-remenje-za-poljoprivredne-masine","8":"product_cat-klasicno-klinasto-remenje","9":"ts_product_brand-gates","11":"first","12":"instock","13":"taxable","14":"shipping-taxable","15":"product-type-simple","16":"add-to-wishlist-after_add_to_cart"},"acf":[],"_links":{"self":[{"href":"https:\/\/remenje.co.rs\/shop\/wp-json\/wp\/v2\/product\/35861","targetHints":{"allow":["GET"]}}],"collection":[{"href":"https:\/\/remenje.co.rs\/shop\/wp-json\/wp\/v2\/product"}],"about":[{"href":"https:\/\/remenje.co.rs\/shop\/wp-json\/wp\/v2\/types\/product"}],"wp:attachment":[{"href":"https:\/\/remenje.co.rs\/shop\/wp-json\/wp\/v2\/media?parent=35861"}],"wp:term":[{"taxonomy":"product_brand","embeddable":true,"href":"https:\/\/remenje.co.rs\/shop\/wp-json\/wp\/v2\/product_brand?post=35861"},{"taxonomy":"product_cat","embeddable":true,"href":"https:\/\/remenje.co.rs\/shop\/wp-json\/wp\/v2\/product_cat?post=35861"},{"taxonomy":"product_tag","embeddable":true,"href":"https:\/\/remenje.co.rs\/shop\/wp-json\/wp\/v2\/product_tag?post=35861"}],"curies":[{"name":"wp","href":"https:\/\/api.w.org\/{rel}","templated":true}]}}