{"id":35895,"date":"2024-09-13T15:05:38","date_gmt":"2024-09-13T15:05:38","guid":{"rendered":"https:\/\/remenje.co.rs\/shop\/proizvod\/remenjeremenje-za-poljoprivredne-strojeveklinasti-kaisklasicno-klinasto-remenje-364\/"},"modified":"2025-01-14T22:03:31","modified_gmt":"2025-01-14T22:03:31","slug":"remenjeremenje-za-poljoprivredne-masineklinasti-kaisklasicno-klinasto-remenje-434","status":"publish","type":"product","link":"https:\/\/remenje.co.rs\/shop\/proizvod\/remenjeremenje-za-poljoprivredne-masineklinasti-kaisklasicno-klinasto-remenje-434\/","title":{"rendered":"Gates Klinasti remen 0101164"},"content":{"rendered":"<p>Osigurajte optimalne performanse va\u0161ih ma\u0161ina uz Gates Klinasti remen 0101164. Ovo fleksibilno remenje je dizajnirano za preciznu sinhronizaciju u razli\u010ditim industrijskim aplikacijama. Izra\u0111eno od otpornih materijala, Gates Klinasti remen 0101164 pru\u017ea optimalnu fleksibilnost u zahtevnim radnim uslovima. Zahvaljuju\u0107i svom optimalnoj zateznoj \u010dvrsto\u0107i, ovo remenje pobolj\u0161ava efikasnost va\u0161ih ma\u0161ina i opreme. 9351.0234.00,41998800,41998000,088-002215-3.212,D-41932000,781400,41932000,D-41998000,D-41998800,A62950,9351023400,8,80022E+11,340433274 Laverda M 84 0101164,0101164,880022153212,D-41998000,D-41932000,A62950,781400.0,41932000,41998000,9351.0234.00,088-002215-3.212,340433274,41998800,D-41998800,9351023400,Gates Klinasti remen 0101164,0101164,880022153212,D-41998000,D-41932000,A62950,781400.0,41932000,41998000,9351.0234.00,088-002215-3.212,340433274,41998800,D-41998800,9351023400,0101164,Gates Klinasti remen 0101164,0101164<\/p>\n","protected":false},"excerpt":{"rendered":"<p>Osigurajte optimalne performanse va\u0161ih ma\u0161ina uz Gates Klinasti remen 0101164. Ovo fleksibilno remenje je dizajnirano za preciznu sinhronizaciju u razli\u010ditim industrijskim aplikacijama. Izra\u0111eno od otpornih materijala, Gates Klinasti remen 0101164 pru\u017ea optimalnu fleksibilnost u zahtevnim radnim uslovima. Zahvaljuju\u0107i svom optimalnoj zateznoj \u010dvrsto\u0107i, ovo remenje pobolj\u0161ava efikasnost va\u0161ih ma\u0161ina i opreme. 9351.0234.00,41998800,41998000,088-002215-3.212,D-41932000,781400,41932000,D-41998000,D-41998800,A62950,9351023400,8,80022E+11,340433274 Laverda M 84 0101164,0101164,880022153212,D-41998000,D-41932000,A62950,781400.0,41932000,41998000,9351.0234.00,088-002215-3.212,340433274,41998800,D-41998800,9351023400,Gates [&hellip;]<\/p>\n","protected":false},"featured_media":0,"template":"","meta":{"_acf_changed":false},"product_brand":[],"product_cat":[373,378,374,387],"product_tag":[],"class_list":{"0":"post-35895","1":"product","2":"type-product","3":"status-publish","5":"product_cat-remenje","6":"product_cat-klinasti-kais","7":"product_cat-remenje-za-poljoprivredne-masine","8":"product_cat-klasicno-klinasto-remenje","9":"ts_product_brand-gates","11":"first","12":"instock","13":"taxable","14":"shipping-taxable","15":"product-type-simple","16":"add-to-wishlist-after_add_to_cart"},"acf":[],"_links":{"self":[{"href":"https:\/\/remenje.co.rs\/shop\/wp-json\/wp\/v2\/product\/35895","targetHints":{"allow":["GET"]}}],"collection":[{"href":"https:\/\/remenje.co.rs\/shop\/wp-json\/wp\/v2\/product"}],"about":[{"href":"https:\/\/remenje.co.rs\/shop\/wp-json\/wp\/v2\/types\/product"}],"wp:attachment":[{"href":"https:\/\/remenje.co.rs\/shop\/wp-json\/wp\/v2\/media?parent=35895"}],"wp:term":[{"taxonomy":"product_brand","embeddable":true,"href":"https:\/\/remenje.co.rs\/shop\/wp-json\/wp\/v2\/product_brand?post=35895"},{"taxonomy":"product_cat","embeddable":true,"href":"https:\/\/remenje.co.rs\/shop\/wp-json\/wp\/v2\/product_cat?post=35895"},{"taxonomy":"product_tag","embeddable":true,"href":"https:\/\/remenje.co.rs\/shop\/wp-json\/wp\/v2\/product_tag?post=35895"}],"curies":[{"name":"wp","href":"https:\/\/api.w.org\/{rel}","templated":true}]}}