{"id":35920,"date":"2024-09-13T15:06:00","date_gmt":"2024-09-13T15:06:00","guid":{"rendered":"https:\/\/remenje.co.rs\/shop\/proizvod\/remenjeremenje-za-poljoprivredne-strojeveklinasti-kaisklasicno-klinasto-remenje-389\/"},"modified":"2025-01-14T22:03:51","modified_gmt":"2025-01-14T22:03:51","slug":"remenjeremenje-za-poljoprivredne-masineklinasti-kaisklasicno-klinasto-remenje-459","status":"publish","type":"product","link":"https:\/\/remenje.co.rs\/shop\/proizvod\/remenjeremenje-za-poljoprivredne-masineklinasti-kaisklasicno-klinasto-remenje-459\/","title":{"rendered":"Gates Klinasti remen 0101222"},"content":{"rendered":"<p>Unapredite ukupne performanse va\u0161ih sistema uz Gates Klinasti remen 0101222. Ovo precizno izra\u0111eno remenje obezbe\u0111uje smanjenje gubitaka energije u \u0161irokom spektru industrijskih primena. Proizvedeno od inovativnih materijala, Gates Klinasti remen 0101222 garantuje pouzdanost u ekstremnim uslovima. Zbog svog visoke otpornosti na kidanje, ovo remenje je klju\u010dno za unapre\u0111enje rada va\u0161ih industrijskih sistema. 41936500,80230048,0114 5989,553079R1,D-41936500,1145989,746506,230048,42002,42002A Deutz-Fahr 6095 Hts 0101222,0101222,41936500,D-41936500,746506.0,230048,80230048,1145989,42002A,42002,0114 5989,553079R1,0101222,Gates Klinasti remen 0101222,41936500,D-41936500,746506.0,230048,80230048,1145989,42002A,42002,0114 5989,553079R1,0101222,Gates Klinasti remen 0101222,0101222<\/p>\n","protected":false},"excerpt":{"rendered":"<p>Unapredite ukupne performanse va\u0161ih sistema uz Gates Klinasti remen 0101222. Ovo precizno izra\u0111eno remenje obezbe\u0111uje smanjenje gubitaka energije u \u0161irokom spektru industrijskih primena. Proizvedeno od inovativnih materijala, Gates Klinasti remen 0101222 garantuje pouzdanost u ekstremnim uslovima. Zbog svog visoke otpornosti na kidanje, ovo remenje je klju\u010dno za unapre\u0111enje rada va\u0161ih industrijskih sistema. 41936500,80230048,0114 5989,553079R1,D-41936500,1145989,746506,230048,42002,42002A Deutz-Fahr [&hellip;]<\/p>\n","protected":false},"featured_media":0,"template":"","meta":{"_acf_changed":false},"product_brand":[],"product_cat":[373,378,374,387],"product_tag":[],"class_list":{"0":"post-35920","1":"product","2":"type-product","3":"status-publish","5":"product_cat-remenje","6":"product_cat-klinasti-kais","7":"product_cat-remenje-za-poljoprivredne-masine","8":"product_cat-klasicno-klinasto-remenje","9":"ts_product_brand-gates","11":"first","12":"instock","13":"taxable","14":"shipping-taxable","15":"product-type-simple","16":"add-to-wishlist-after_add_to_cart"},"acf":[],"_links":{"self":[{"href":"https:\/\/remenje.co.rs\/shop\/wp-json\/wp\/v2\/product\/35920","targetHints":{"allow":["GET"]}}],"collection":[{"href":"https:\/\/remenje.co.rs\/shop\/wp-json\/wp\/v2\/product"}],"about":[{"href":"https:\/\/remenje.co.rs\/shop\/wp-json\/wp\/v2\/types\/product"}],"wp:attachment":[{"href":"https:\/\/remenje.co.rs\/shop\/wp-json\/wp\/v2\/media?parent=35920"}],"wp:term":[{"taxonomy":"product_brand","embeddable":true,"href":"https:\/\/remenje.co.rs\/shop\/wp-json\/wp\/v2\/product_brand?post=35920"},{"taxonomy":"product_cat","embeddable":true,"href":"https:\/\/remenje.co.rs\/shop\/wp-json\/wp\/v2\/product_cat?post=35920"},{"taxonomy":"product_tag","embeddable":true,"href":"https:\/\/remenje.co.rs\/shop\/wp-json\/wp\/v2\/product_tag?post=35920"}],"curies":[{"name":"wp","href":"https:\/\/api.w.org\/{rel}","templated":true}]}}