{"id":35943,"date":"2024-09-13T15:06:22","date_gmt":"2024-09-13T15:06:22","guid":{"rendered":"https:\/\/remenje.co.rs\/shop\/proizvod\/remenjeremenje-za-poljoprivredne-strojeveklinasti-kaisklasicno-klinasto-remenje-412\/"},"modified":"2025-01-30T08:40:01","modified_gmt":"2025-01-30T08:40:01","slug":"remenjeremenje-za-poljoprivredne-masineklinasti-kaisklasicno-klinasto-remenje-482","status":"publish","type":"product","link":"https:\/\/remenje.co.rs\/shop\/proizvod\/remenjeremenje-za-poljoprivredne-masineklinasti-kaisklasicno-klinasto-remenje-482\/","title":{"rendered":"Gates Klinasti remen 0101285"},"content":{"rendered":"<p>Unapredite ukupne performanse va\u0161ih sistema uz Gates Klinasti remen 0101285. Ovo precizno izra\u0111eno remenje obezbe\u0111uje smanjenje gubitaka energije u \u0161irokom spektru industrijskih primena. Proizvedeno od vrhunskih materijala, Gates Klinasti remen 0101285 garantuje dugotrajne performanse. Zbog svog visoke otpornosti na kidanje, ovo remenje je idealno za optimizaciju rada va\u0161ih industrijskih sistema. 61067790,068752.0,6210924,160440M1,505113.1,ND96001,051689.0,9704-11283,61067791,068752.1,1604401M1,020344.0 Massey Ferguson 240,Massey Ferguson 307,Massey Ferguson 440 0101285,0101285,505113.1,068752.0,160440M1,9704-11283,068752.1,1604401M1,61067790,020344.0,051689.0,61067791,6210924,ND96001,0101285,Gates Klinasti remen 0101285,505113.1,068752.0,160440M1,9704-11283,068752.1,1604401M1,61067790,020344.0,051689.0,61067791,6210924,ND96001,0101285,Gates Klinasti remen 0101285,0101285<\/p>\n","protected":false},"excerpt":{"rendered":"<p>Unapredite ukupne performanse va\u0161ih sistema uz Gates Klinasti remen 0101285. Ovo precizno izra\u0111eno remenje obezbe\u0111uje smanjenje gubitaka energije u \u0161irokom spektru industrijskih primena. Proizvedeno od vrhunskih materijala, Gates Klinasti remen 0101285 garantuje dugotrajne performanse. Zbog svog visoke otpornosti na kidanje, ovo remenje je idealno za optimizaciju rada va\u0161ih industrijskih sistema. 61067790,068752.0,6210924,160440M1,505113.1,ND96001,051689.0,9704-11283,61067791,068752.1,1604401M1,020344.0 Massey Ferguson 240,Massey Ferguson [&hellip;]<\/p>\n","protected":false},"featured_media":92128,"template":"","meta":{"_acf_changed":false},"product_brand":[],"product_cat":[373,378,374,387],"product_tag":[],"class_list":{"0":"post-35943","1":"product","2":"type-product","3":"status-publish","4":"has-post-thumbnail","6":"product_cat-remenje","7":"product_cat-klinasti-kais","8":"product_cat-remenje-za-poljoprivredne-masine","9":"product_cat-klasicno-klinasto-remenje","10":"ts_product_brand-gates","12":"first","13":"instock","14":"taxable","15":"shipping-taxable","16":"product-type-simple","17":"add-to-wishlist-after_add_to_cart"},"acf":[],"_links":{"self":[{"href":"https:\/\/remenje.co.rs\/shop\/wp-json\/wp\/v2\/product\/35943","targetHints":{"allow":["GET"]}}],"collection":[{"href":"https:\/\/remenje.co.rs\/shop\/wp-json\/wp\/v2\/product"}],"about":[{"href":"https:\/\/remenje.co.rs\/shop\/wp-json\/wp\/v2\/types\/product"}],"wp:featuredmedia":[{"embeddable":true,"href":"https:\/\/remenje.co.rs\/shop\/wp-json\/wp\/v2\/media\/92128"}],"wp:attachment":[{"href":"https:\/\/remenje.co.rs\/shop\/wp-json\/wp\/v2\/media?parent=35943"}],"wp:term":[{"taxonomy":"product_brand","embeddable":true,"href":"https:\/\/remenje.co.rs\/shop\/wp-json\/wp\/v2\/product_brand?post=35943"},{"taxonomy":"product_cat","embeddable":true,"href":"https:\/\/remenje.co.rs\/shop\/wp-json\/wp\/v2\/product_cat?post=35943"},{"taxonomy":"product_tag","embeddable":true,"href":"https:\/\/remenje.co.rs\/shop\/wp-json\/wp\/v2\/product_tag?post=35943"}],"curies":[{"name":"wp","href":"https:\/\/api.w.org\/{rel}","templated":true}]}}