{"id":35954,"date":"2024-09-13T15:06:32","date_gmt":"2024-09-13T15:06:32","guid":{"rendered":"https:\/\/remenje.co.rs\/shop\/proizvod\/remenjeremenje-za-poljoprivredne-strojeveklinasti-kaisklasicno-klinasto-remenje-423\/"},"modified":"2025-01-30T08:40:02","modified_gmt":"2025-01-30T08:40:02","slug":"remenjeremenje-za-poljoprivredne-masineklinasti-kaisklasicno-klinasto-remenje-493","status":"publish","type":"product","link":"https:\/\/remenje.co.rs\/shop\/proizvod\/remenjeremenje-za-poljoprivredne-masineklinasti-kaisklasicno-klinasto-remenje-493\/","title":{"rendered":"Gates Klinasti remen 0101321"},"content":{"rendered":"<p>Unapredite ukupne performanse va\u0161ih sistema uz Gates Klinasti remen 0101321. Ovo visokotehnolo\u0161ko remenje obezbe\u0111uje efikasnu sinhronizaciju komponenti u \u0161irokom spektru industrijskih primena. Proizvedeno od inovativnih materijala, Gates Klinasti remen 0101321 garantuje minimalno istezanje. Zbog svog superiorne prilagodljivosti, ovo remenje je klju\u010dno za odr\u017eavanje rada va\u0161ih industrijskih sistema. 905481M1,3099082M1,71380654,578206 0101321,0101321,3099082M1,71380654,578206,905481M1,0101321,Gates Klinasti remen 0101321,3099082M1,71380654,578206,905481M1,0101321,Gates Klinasti remen 0101321,0101321<\/p>\n","protected":false},"excerpt":{"rendered":"<p>Unapredite ukupne performanse va\u0161ih sistema uz Gates Klinasti remen 0101321. Ovo visokotehnolo\u0161ko remenje obezbe\u0111uje efikasnu sinhronizaciju komponenti u \u0161irokom spektru industrijskih primena. Proizvedeno od inovativnih materijala, Gates Klinasti remen 0101321 garantuje minimalno istezanje. Zbog svog superiorne prilagodljivosti, ovo remenje je klju\u010dno za odr\u017eavanje rada va\u0161ih industrijskih sistema. 905481M1,3099082M1,71380654,578206 0101321,0101321,3099082M1,71380654,578206,905481M1,0101321,Gates Klinasti remen 0101321,3099082M1,71380654,578206,905481M1,0101321,Gates Klinasti remen 0101321,0101321<\/p>\n","protected":false},"featured_media":92121,"template":"","meta":{"_acf_changed":false},"product_brand":[],"product_cat":[373,378,374,387],"product_tag":[],"class_list":{"0":"post-35954","1":"product","2":"type-product","3":"status-publish","4":"has-post-thumbnail","6":"product_cat-remenje","7":"product_cat-klinasti-kais","8":"product_cat-remenje-za-poljoprivredne-masine","9":"product_cat-klasicno-klinasto-remenje","10":"ts_product_brand-gates","12":"first","13":"instock","14":"taxable","15":"shipping-taxable","16":"product-type-simple","17":"add-to-wishlist-after_add_to_cart"},"acf":[],"_links":{"self":[{"href":"https:\/\/remenje.co.rs\/shop\/wp-json\/wp\/v2\/product\/35954","targetHints":{"allow":["GET"]}}],"collection":[{"href":"https:\/\/remenje.co.rs\/shop\/wp-json\/wp\/v2\/product"}],"about":[{"href":"https:\/\/remenje.co.rs\/shop\/wp-json\/wp\/v2\/types\/product"}],"wp:featuredmedia":[{"embeddable":true,"href":"https:\/\/remenje.co.rs\/shop\/wp-json\/wp\/v2\/media\/92121"}],"wp:attachment":[{"href":"https:\/\/remenje.co.rs\/shop\/wp-json\/wp\/v2\/media?parent=35954"}],"wp:term":[{"taxonomy":"product_brand","embeddable":true,"href":"https:\/\/remenje.co.rs\/shop\/wp-json\/wp\/v2\/product_brand?post=35954"},{"taxonomy":"product_cat","embeddable":true,"href":"https:\/\/remenje.co.rs\/shop\/wp-json\/wp\/v2\/product_cat?post=35954"},{"taxonomy":"product_tag","embeddable":true,"href":"https:\/\/remenje.co.rs\/shop\/wp-json\/wp\/v2\/product_tag?post=35954"}],"curies":[{"name":"wp","href":"https:\/\/api.w.org\/{rel}","templated":true}]}}