{"id":35957,"date":"2024-09-13T15:06:33","date_gmt":"2024-09-13T15:06:33","guid":{"rendered":"https:\/\/remenje.co.rs\/shop\/proizvod\/remenjeremenje-za-poljoprivredne-strojeveklinasti-kaisklasicno-klinasto-remenje-426\/"},"modified":"2025-01-30T08:40:03","modified_gmt":"2025-01-30T08:40:03","slug":"remenjeremenje-za-poljoprivredne-masineklinasti-kaisklasicno-klinasto-remenje-496","status":"publish","type":"product","link":"https:\/\/remenje.co.rs\/shop\/proizvod\/remenjeremenje-za-poljoprivredne-masineklinasti-kaisklasicno-klinasto-remenje-496\/","title":{"rendered":"Gates Klinasti remen 0201333"},"content":{"rendered":"<p>Osigurajte dugotrajnost va\u0161ih ma\u0161ina uz Gates Klinasti remen 0201333. Ovo izdr\u017eljivo remenje je dizajnirano za preciznu sinhronizaciju u razli\u010ditim industrijskim aplikacijama. Izra\u0111eno od premium materijala, Gates Klinasti remen 0201333 pru\u017ea superiornu izdr\u017eljivost u zahtevnim radnim uslovima. Zahvaljuju\u0107i svom optimalnoj zateznoj \u010dvrsto\u0107i, ovo remenje osigurava pouzdano funkcionisanje va\u0161ih ma\u0161ina i opreme. 753643,922921M1,71316263V,Z60135,Z30920,71316263 John Deere 930 &#8211; 940,John Deere 950 &#8211; 960 &#8211; 970 0201333,0201333,922921M1,753643,71316263,Z60135,71316263V,Z30920,0201333,Gates Klinasti remen 0201333,922921M1,753643,71316263,Z60135,71316263V,Z30920,0201333,Gates Klinasti remen 0201333,0201333<\/p>\n","protected":false},"excerpt":{"rendered":"<p>Osigurajte dugotrajnost va\u0161ih ma\u0161ina uz Gates Klinasti remen 0201333. Ovo izdr\u017eljivo remenje je dizajnirano za preciznu sinhronizaciju u razli\u010ditim industrijskim aplikacijama. Izra\u0111eno od premium materijala, Gates Klinasti remen 0201333 pru\u017ea superiornu izdr\u017eljivost u zahtevnim radnim uslovima. Zahvaljuju\u0107i svom optimalnoj zateznoj \u010dvrsto\u0107i, ovo remenje osigurava pouzdano funkcionisanje va\u0161ih ma\u0161ina i opreme. 753643,922921M1,71316263V,Z60135,Z30920,71316263 John Deere 930 &#8211; [&hellip;]<\/p>\n","protected":false},"featured_media":92135,"template":"","meta":{"_acf_changed":false},"product_brand":[],"product_cat":[373,378,374,387],"product_tag":[],"class_list":{"0":"post-35957","1":"product","2":"type-product","3":"status-publish","4":"has-post-thumbnail","6":"product_cat-remenje","7":"product_cat-klinasti-kais","8":"product_cat-remenje-za-poljoprivredne-masine","9":"product_cat-klasicno-klinasto-remenje","10":"ts_product_brand-gates","12":"first","13":"instock","14":"taxable","15":"shipping-taxable","16":"product-type-simple","17":"add-to-wishlist-after_add_to_cart"},"acf":[],"_links":{"self":[{"href":"https:\/\/remenje.co.rs\/shop\/wp-json\/wp\/v2\/product\/35957","targetHints":{"allow":["GET"]}}],"collection":[{"href":"https:\/\/remenje.co.rs\/shop\/wp-json\/wp\/v2\/product"}],"about":[{"href":"https:\/\/remenje.co.rs\/shop\/wp-json\/wp\/v2\/types\/product"}],"wp:featuredmedia":[{"embeddable":true,"href":"https:\/\/remenje.co.rs\/shop\/wp-json\/wp\/v2\/media\/92135"}],"wp:attachment":[{"href":"https:\/\/remenje.co.rs\/shop\/wp-json\/wp\/v2\/media?parent=35957"}],"wp:term":[{"taxonomy":"product_brand","embeddable":true,"href":"https:\/\/remenje.co.rs\/shop\/wp-json\/wp\/v2\/product_brand?post=35957"},{"taxonomy":"product_cat","embeddable":true,"href":"https:\/\/remenje.co.rs\/shop\/wp-json\/wp\/v2\/product_cat?post=35957"},{"taxonomy":"product_tag","embeddable":true,"href":"https:\/\/remenje.co.rs\/shop\/wp-json\/wp\/v2\/product_tag?post=35957"}],"curies":[{"name":"wp","href":"https:\/\/api.w.org\/{rel}","templated":true}]}}