{"id":35987,"date":"2024-09-13T15:07:01","date_gmt":"2024-09-13T15:07:01","guid":{"rendered":"https:\/\/remenje.co.rs\/shop\/proizvod\/remenjeremenje-za-poljoprivredne-strojeveklinasti-kaisklasicno-klinasto-remenje-456\/"},"modified":"2025-01-14T22:04:48","modified_gmt":"2025-01-14T22:04:48","slug":"remenjeremenje-za-poljoprivredne-masineklinasti-kaisklasicno-klinasto-remenje-526","status":"publish","type":"product","link":"https:\/\/remenje.co.rs\/shop\/proizvod\/remenjeremenje-za-poljoprivredne-masineklinasti-kaisklasicno-klinasto-remenje-526\/","title":{"rendered":"Gates Klinasti remen 0101066"},"content":{"rendered":"<p>Pobolj\u0161ajte energetsku efikasnost va\u0161ih ma\u0161ina uz Gates Klinasti remen 0101066. Ovo visokoperformansno remenje omogu\u0107ava maksimalnu iskori\u0161\u0107enost pogonske energije u svim radnim uslovima. Kreirano od naprednih kompozitnih materijala, Gates Klinasti remen 0101066 obezbe\u0111uje superiornu fleksibilnost. Zahvaljuju\u0107i svom inovativnom V-dizajnu, ovo remenje produ\u017eava vek trajanja va\u0161ih industrijskih sistema. 700857383,D-41922200,469800,623098M1,0469800,41922200 0101066,0101066,D-41922200,700857383,41922200,623098M1,469800,0469800,0101066,Gates Klinasti remen 0101066,D-41922200,700857383,41922200,623098M1,469800,0469800,0101066,Gates Klinasti remen 0101066,0101066<\/p>\n","protected":false},"excerpt":{"rendered":"<p>Pobolj\u0161ajte energetsku efikasnost va\u0161ih ma\u0161ina uz Gates Klinasti remen 0101066. Ovo visokoperformansno remenje omogu\u0107ava maksimalnu iskori\u0161\u0107enost pogonske energije u svim radnim uslovima. Kreirano od naprednih kompozitnih materijala, Gates Klinasti remen 0101066 obezbe\u0111uje superiornu fleksibilnost. Zahvaljuju\u0107i svom inovativnom V-dizajnu, ovo remenje produ\u017eava vek trajanja va\u0161ih industrijskih sistema. 700857383,D-41922200,469800,623098M1,0469800,41922200 0101066,0101066,D-41922200,700857383,41922200,623098M1,469800,0469800,0101066,Gates Klinasti remen 0101066,D-41922200,700857383,41922200,623098M1,469800,0469800,0101066,Gates Klinasti remen 0101066,0101066<\/p>\n","protected":false},"featured_media":0,"template":"","meta":{"_acf_changed":false},"product_brand":[],"product_cat":[373,378,374,387],"product_tag":[],"class_list":{"0":"post-35987","1":"product","2":"type-product","3":"status-publish","5":"product_cat-remenje","6":"product_cat-klinasti-kais","7":"product_cat-remenje-za-poljoprivredne-masine","8":"product_cat-klasicno-klinasto-remenje","9":"ts_product_brand-gates","11":"first","12":"instock","13":"taxable","14":"shipping-taxable","15":"product-type-simple","16":"add-to-wishlist-after_add_to_cart"},"acf":[],"_links":{"self":[{"href":"https:\/\/remenje.co.rs\/shop\/wp-json\/wp\/v2\/product\/35987","targetHints":{"allow":["GET"]}}],"collection":[{"href":"https:\/\/remenje.co.rs\/shop\/wp-json\/wp\/v2\/product"}],"about":[{"href":"https:\/\/remenje.co.rs\/shop\/wp-json\/wp\/v2\/types\/product"}],"wp:attachment":[{"href":"https:\/\/remenje.co.rs\/shop\/wp-json\/wp\/v2\/media?parent=35987"}],"wp:term":[{"taxonomy":"product_brand","embeddable":true,"href":"https:\/\/remenje.co.rs\/shop\/wp-json\/wp\/v2\/product_brand?post=35987"},{"taxonomy":"product_cat","embeddable":true,"href":"https:\/\/remenje.co.rs\/shop\/wp-json\/wp\/v2\/product_cat?post=35987"},{"taxonomy":"product_tag","embeddable":true,"href":"https:\/\/remenje.co.rs\/shop\/wp-json\/wp\/v2\/product_tag?post=35987"}],"curies":[{"name":"wp","href":"https:\/\/api.w.org\/{rel}","templated":true}]}}