{"id":35999,"date":"2024-09-13T15:07:14","date_gmt":"2024-09-13T15:07:14","guid":{"rendered":"https:\/\/remenje.co.rs\/shop\/proizvod\/remenjeremenje-za-poljoprivredne-strojeveklinasti-kaisklasicno-klinasto-remenje-468\/"},"modified":"2025-01-30T08:40:06","modified_gmt":"2025-01-30T08:40:06","slug":"remenjeremenje-za-poljoprivredne-masineklinasti-kaisklasicno-klinasto-remenje-538","status":"publish","type":"product","link":"https:\/\/remenje.co.rs\/shop\/proizvod\/remenjeremenje-za-poljoprivredne-masineklinasti-kaisklasicno-klinasto-remenje-538\/","title":{"rendered":"Gates Klinasti remen 0102107"},"content":{"rendered":"<p>Unapredite ukupne performanse va\u0161ih sistema uz Gates Klinasti remen 0102107. Ovo visokotehnolo\u0161ko remenje obezbe\u0111uje efikasnu sinhronizaciju komponenti u \u0161irokom spektru industrijskih primena. Proizvedeno od izdr\u017eljivih materijala, Gates Klinasti remen 0102107 garantuje minimalno istezanje. Zbog svog visoke otpornosti na kidanje, ovo remenje je neophodno za unapre\u0111enje rada va\u0161ih industrijskih sistema. D-41951100,M32813,782850M1,842935M1,164999C2,41951100,A55405 0102107,0102107,D-41951100,164999C2,41951100,M32813,A55405,842935M1,782850M1,0102107,Gates Klinasti remen 0102107,D-41951100,164999C2,41951100,M32813,A55405,842935M1,782850M1,0102107,Gates Klinasti remen 0102107,0102107<\/p>\n","protected":false},"excerpt":{"rendered":"<p>Unapredite ukupne performanse va\u0161ih sistema uz Gates Klinasti remen 0102107. Ovo visokotehnolo\u0161ko remenje obezbe\u0111uje efikasnu sinhronizaciju komponenti u \u0161irokom spektru industrijskih primena. Proizvedeno od izdr\u017eljivih materijala, Gates Klinasti remen 0102107 garantuje minimalno istezanje. Zbog svog visoke otpornosti na kidanje, ovo remenje je neophodno za unapre\u0111enje rada va\u0161ih industrijskih sistema. D-41951100,M32813,782850M1,842935M1,164999C2,41951100,A55405 0102107,0102107,D-41951100,164999C2,41951100,M32813,A55405,842935M1,782850M1,0102107,Gates Klinasti remen 0102107,D-41951100,164999C2,41951100,M32813,A55405,842935M1,782850M1,0102107,Gates Klinasti [&hellip;]<\/p>\n","protected":false},"featured_media":92148,"template":"","meta":{"_acf_changed":false},"product_brand":[],"product_cat":[373,378,374,387],"product_tag":[],"class_list":{"0":"post-35999","1":"product","2":"type-product","3":"status-publish","4":"has-post-thumbnail","6":"product_cat-remenje","7":"product_cat-klinasti-kais","8":"product_cat-remenje-za-poljoprivredne-masine","9":"product_cat-klasicno-klinasto-remenje","10":"ts_product_brand-gates","12":"first","13":"instock","14":"taxable","15":"shipping-taxable","16":"product-type-simple","17":"add-to-wishlist-after_add_to_cart"},"acf":[],"_links":{"self":[{"href":"https:\/\/remenje.co.rs\/shop\/wp-json\/wp\/v2\/product\/35999","targetHints":{"allow":["GET"]}}],"collection":[{"href":"https:\/\/remenje.co.rs\/shop\/wp-json\/wp\/v2\/product"}],"about":[{"href":"https:\/\/remenje.co.rs\/shop\/wp-json\/wp\/v2\/types\/product"}],"wp:featuredmedia":[{"embeddable":true,"href":"https:\/\/remenje.co.rs\/shop\/wp-json\/wp\/v2\/media\/92148"}],"wp:attachment":[{"href":"https:\/\/remenje.co.rs\/shop\/wp-json\/wp\/v2\/media?parent=35999"}],"wp:term":[{"taxonomy":"product_brand","embeddable":true,"href":"https:\/\/remenje.co.rs\/shop\/wp-json\/wp\/v2\/product_brand?post=35999"},{"taxonomy":"product_cat","embeddable":true,"href":"https:\/\/remenje.co.rs\/shop\/wp-json\/wp\/v2\/product_cat?post=35999"},{"taxonomy":"product_tag","embeddable":true,"href":"https:\/\/remenje.co.rs\/shop\/wp-json\/wp\/v2\/product_tag?post=35999"}],"curies":[{"name":"wp","href":"https:\/\/api.w.org\/{rel}","templated":true}]}}