{"id":36009,"date":"2024-09-13T15:07:23","date_gmt":"2024-09-13T15:07:23","guid":{"rendered":"https:\/\/remenje.co.rs\/shop\/proizvod\/remenjeremenje-za-poljoprivredne-strojeveklinasti-kaisklasicno-klinasto-remenje-478\/"},"modified":"2025-01-14T22:05:05","modified_gmt":"2025-01-14T22:05:05","slug":"remenjeremenje-za-poljoprivredne-masineklinasti-kaisklasicno-klinasto-remenje-548","status":"publish","type":"product","link":"https:\/\/remenje.co.rs\/shop\/proizvod\/remenjeremenje-za-poljoprivredne-masineklinasti-kaisklasicno-klinasto-remenje-548\/","title":{"rendered":"Gates Klinasti remen 0202126"},"content":{"rendered":"<p>Pobolj\u0161ajte performanse prenosa va\u0161ih ma\u0161ina uz Gates Klinasti remen 0202126. Ovo specijalizovano remenje omogu\u0107ava maksimalnu iskori\u0161\u0107enost pogonske energije u svim radnim uslovima. Kreirano od visokootpornih materijala, Gates Klinasti remen 0202126 obezbe\u0111uje izuzetnu izdr\u017eljivost. Zahvaljuju\u0107i svom visokoj otpornosti na temperaturu i hemikalije, ovo remenje osigurava tiho i efikasno funkcionisanje va\u0161ih industrijskih sistema. H76150,1604055M2,832806M1,22X14X1630LP 0202126,0202126,832806M1,1604055M2,22X14X1630LP,H76150,0202126,Gates Klinasti remen 0202126,832806M1,1604055M2,22X14X1630LP,H76150,0202126,Gates Klinasti remen 0202126,0202126<\/p>\n","protected":false},"excerpt":{"rendered":"<p>Pobolj\u0161ajte performanse prenosa va\u0161ih ma\u0161ina uz Gates Klinasti remen 0202126. Ovo specijalizovano remenje omogu\u0107ava maksimalnu iskori\u0161\u0107enost pogonske energije u svim radnim uslovima. Kreirano od visokootpornih materijala, Gates Klinasti remen 0202126 obezbe\u0111uje izuzetnu izdr\u017eljivost. Zahvaljuju\u0107i svom visokoj otpornosti na temperaturu i hemikalije, ovo remenje osigurava tiho i efikasno funkcionisanje va\u0161ih industrijskih sistema. H76150,1604055M2,832806M1,22X14X1630LP 0202126,0202126,832806M1,1604055M2,22X14X1630LP,H76150,0202126,Gates Klinasti remen [&hellip;]<\/p>\n","protected":false},"featured_media":0,"template":"","meta":{"_acf_changed":false},"product_brand":[],"product_cat":[373,378,374,387],"product_tag":[],"class_list":{"0":"post-36009","1":"product","2":"type-product","3":"status-publish","5":"product_cat-remenje","6":"product_cat-klinasti-kais","7":"product_cat-remenje-za-poljoprivredne-masine","8":"product_cat-klasicno-klinasto-remenje","9":"ts_product_brand-gates","11":"first","12":"instock","13":"taxable","14":"shipping-taxable","15":"product-type-simple","16":"add-to-wishlist-after_add_to_cart"},"acf":[],"_links":{"self":[{"href":"https:\/\/remenje.co.rs\/shop\/wp-json\/wp\/v2\/product\/36009","targetHints":{"allow":["GET"]}}],"collection":[{"href":"https:\/\/remenje.co.rs\/shop\/wp-json\/wp\/v2\/product"}],"about":[{"href":"https:\/\/remenje.co.rs\/shop\/wp-json\/wp\/v2\/types\/product"}],"wp:attachment":[{"href":"https:\/\/remenje.co.rs\/shop\/wp-json\/wp\/v2\/media?parent=36009"}],"wp:term":[{"taxonomy":"product_brand","embeddable":true,"href":"https:\/\/remenje.co.rs\/shop\/wp-json\/wp\/v2\/product_brand?post=36009"},{"taxonomy":"product_cat","embeddable":true,"href":"https:\/\/remenje.co.rs\/shop\/wp-json\/wp\/v2\/product_cat?post=36009"},{"taxonomy":"product_tag","embeddable":true,"href":"https:\/\/remenje.co.rs\/shop\/wp-json\/wp\/v2\/product_tag?post=36009"}],"curies":[{"name":"wp","href":"https:\/\/api.w.org\/{rel}","templated":true}]}}