{"id":36018,"date":"2024-09-13T15:07:31","date_gmt":"2024-09-13T15:07:31","guid":{"rendered":"https:\/\/remenje.co.rs\/shop\/proizvod\/remenjeremenje-za-poljoprivredne-strojeveklinasti-kaisklasicno-klinasto-remenje-487\/"},"modified":"2025-01-14T22:05:13","modified_gmt":"2025-01-14T22:05:13","slug":"remenjeremenje-za-poljoprivredne-masineklinasti-kaisklasicno-klinasto-remenje-557","status":"publish","type":"product","link":"https:\/\/remenje.co.rs\/shop\/proizvod\/remenjeremenje-za-poljoprivredne-masineklinasti-kaisklasicno-klinasto-remenje-557\/","title":{"rendered":"Gates Klinasti remen 0202139"},"content":{"rendered":"<p>Pobolj\u0161ajte energetsku efikasnost va\u0161ih ma\u0161ina uz Gates Klinasti remen 0202139. Ovo vrhunsko remenje omogu\u0107ava maksimalnu iskori\u0161\u0107enost pogonske energije u svim radnim uslovima. Kreirano od visokootpornih materijala, Gates Klinasti remen 0202139 obezbe\u0111uje superiornu fleksibilnost. Zahvaljuju\u0107i svom preciznoj kalibraciji, ovo remenje pobolj\u0161ava performanse va\u0161ih industrijskih sistema. 7B344,4R694255A,H96414,1315315C1,Z21398,20092106,99203014,104990,430433413,274478R11,615109,51651221725,98-041405,98041405,340433424 0202139,0202139,99203014,H96414,98-041405,274478R11,4R694255A,Z21398,340433424,20092106,51651221725,615109,7B344,430433413,1315315C1,98041405,104990.0,0202139,Gates Klinasti remen 0202139,99203014,H96414,98-041405,274478R11,4R694255A,Z21398,340433424,20092106,51651221725,615109,7B344,430433413,1315315C1,98041405,104990.0,0202139,Gates Klinasti remen 0202139,0202139<\/p>\n","protected":false},"excerpt":{"rendered":"<p>Pobolj\u0161ajte energetsku efikasnost va\u0161ih ma\u0161ina uz Gates Klinasti remen 0202139. Ovo vrhunsko remenje omogu\u0107ava maksimalnu iskori\u0161\u0107enost pogonske energije u svim radnim uslovima. Kreirano od visokootpornih materijala, Gates Klinasti remen 0202139 obezbe\u0111uje superiornu fleksibilnost. Zahvaljuju\u0107i svom preciznoj kalibraciji, ovo remenje pobolj\u0161ava performanse va\u0161ih industrijskih sistema. 7B344,4R694255A,H96414,1315315C1,Z21398,20092106,99203014,104990,430433413,274478R11,615109,51651221725,98-041405,98041405,340433424 0202139,0202139,99203014,H96414,98-041405,274478R11,4R694255A,Z21398,340433424,20092106,51651221725,615109,7B344,430433413,1315315C1,98041405,104990.0,0202139,Gates Klinasti remen 0202139,99203014,H96414,98-041405,274478R11,4R694255A,Z21398,340433424,20092106,51651221725,615109,7B344,430433413,1315315C1,98041405,104990.0,0202139,Gates Klinasti remen 0202139,0202139<\/p>\n","protected":false},"featured_media":0,"template":"","meta":{"_acf_changed":false},"product_brand":[],"product_cat":[373,378,374,387],"product_tag":[],"class_list":{"0":"post-36018","1":"product","2":"type-product","3":"status-publish","5":"product_cat-remenje","6":"product_cat-klinasti-kais","7":"product_cat-remenje-za-poljoprivredne-masine","8":"product_cat-klasicno-klinasto-remenje","9":"ts_product_brand-gates","11":"first","12":"instock","13":"taxable","14":"shipping-taxable","15":"product-type-simple","16":"add-to-wishlist-after_add_to_cart"},"acf":[],"_links":{"self":[{"href":"https:\/\/remenje.co.rs\/shop\/wp-json\/wp\/v2\/product\/36018","targetHints":{"allow":["GET"]}}],"collection":[{"href":"https:\/\/remenje.co.rs\/shop\/wp-json\/wp\/v2\/product"}],"about":[{"href":"https:\/\/remenje.co.rs\/shop\/wp-json\/wp\/v2\/types\/product"}],"wp:attachment":[{"href":"https:\/\/remenje.co.rs\/shop\/wp-json\/wp\/v2\/media?parent=36018"}],"wp:term":[{"taxonomy":"product_brand","embeddable":true,"href":"https:\/\/remenje.co.rs\/shop\/wp-json\/wp\/v2\/product_brand?post=36018"},{"taxonomy":"product_cat","embeddable":true,"href":"https:\/\/remenje.co.rs\/shop\/wp-json\/wp\/v2\/product_cat?post=36018"},{"taxonomy":"product_tag","embeddable":true,"href":"https:\/\/remenje.co.rs\/shop\/wp-json\/wp\/v2\/product_tag?post=36018"}],"curies":[{"name":"wp","href":"https:\/\/api.w.org\/{rel}","templated":true}]}}